{"id":8,"date":"2021-04-26T15:25:53","date_gmt":"2021-04-26T15:25:53","guid":{"rendered":"http:\/\/hotel-kyrie.ms.decms.eu\/?page_id=8"},"modified":"2025-06-11T13:15:20","modified_gmt":"2025-06-11T13:15:20","slug":"hotel-kyrie","status":"publish","type":"page","link":"https:\/\/www.hotelkyrietremiti.it\/fr\/","title":{"rendered":"Hotel Kyrie"},"content":{"rendered":"<p>L\u2019 H\u00f4tel Kyrie Tremiti \u00eeles se trouve \u00e0 l\u2019int\u00e9rieur d\u2019une <strong>vaste pin\u00e8de<\/strong> aux parois \u00e0 pic sur la mer, aux <strong>grottes marines<\/strong> et aux <strong>petites criques<\/strong>, o\u00f9 le vert du <strong>maquis m\u00e9diterran\u00e9en<\/strong> rencontre le bleu de cobalt de la mer.<br \/>\nSitu\u00e9 dans une position privil\u00e9gi\u00e9e, pr\u00e8s du village caract\u00e9ristique de <strong>San Domino<\/strong> et \u00e0 quelques m\u00e8tres de <strong>Cala Tramontana<\/strong>, accessible \u00e0 pied par un chemin de terre, l\u2019h\u00f4tel est ins\u00e9r\u00e9 dans un contexte naturel d\u2019une beaut\u00e9 extraordinaire, loin des circuits du tourisme de masse.<\/p>\n","protected":false},"excerpt":{"rendered":"<p>L\u2019 H\u00f4tel Kyrie Tremiti \u00eeles se trouve \u00e0 l\u2019int\u00e9rieur d\u2019une vaste pin\u00e8de aux parois \u00e0 pic sur la mer, aux grottes marines et aux petites criques, o\u00f9 le vert du maquis m\u00e9diterran\u00e9en rencontre le bleu de cobalt de la mer. Situ\u00e9 dans une position privil\u00e9gi\u00e9e, pr\u00e8s du village caract\u00e9ristique de San Domino et \u00e0 quelques [&hellip;]<\/p>\n","protected":false},"author":36,"featured_media":0,"parent":0,"menu_order":0,"comment_status":"closed","ping_status":"closed","template":"","meta":{"footnotes":""},"class_list":["post-8","page","type-page","status-publish","hentry"],"yoast_head":"<!-- This site is optimized with the Yoast SEO plugin v26.9 - https:\/\/yoast.com\/product\/yoast-seo-wordpress\/ -->\n<title>H\u00f4tel Kyrie Tremiti Islands - \u00cele de San Domino<\/title>\n<meta name=\"description\" content=\"L\u2019 H\u00f4tel Kyrie Tremiti \u00eeles se trouve \u00e0 l\u2019int\u00e9rieur d\u2019une vaste pin\u00e8de aux parois \u00e0 pic sur la mer, aux grottes marines et aux petites criques, o\u00f9 le vert du maquis m\u00e9diterran\u00e9en rencontre le bleu de cobalt de la mer. Situ\u00e9 dans une position privil\u00e9gi\u00e9e, pr\u00e8s du village caract\u00e9ristique de San Domino et \u00e0 quelques m\u00e8tres de Cala Tramontana, accessible \u00e0 pied par un chemin de terre, l\u2019h\u00f4tel est ins\u00e9r\u00e9 dans un contexte naturel d\u2019une beaut\u00e9 extraordinaire, loin des circuits du tourisme de masse..\" \/>\n<meta name=\"robots\" content=\"index, follow, max-snippet:-1, max-image-preview:large, max-video-preview:-1\" \/>\n<link rel=\"canonical\" href=\"https:\/\/www.hotelkyrietremiti.it\/fr\/\" \/>\n<meta property=\"og:locale\" content=\"fr_FR\" \/>\n<meta property=\"og:type\" content=\"article\" \/>\n<meta property=\"og:title\" content=\"H\u00f4tel Kyrie Tremiti Islands - \u00cele de San Domino\" \/>\n<meta property=\"og:description\" content=\"L\u2019 H\u00f4tel Kyrie Tremiti \u00eeles se trouve \u00e0 l\u2019int\u00e9rieur d\u2019une vaste pin\u00e8de aux parois \u00e0 pic sur la mer, aux grottes marines et aux petites criques, o\u00f9 le vert du maquis m\u00e9diterran\u00e9en rencontre le bleu de cobalt de la mer. Situ\u00e9 dans une position privil\u00e9gi\u00e9e, pr\u00e8s du village caract\u00e9ristique de San Domino et \u00e0 quelques m\u00e8tres de Cala Tramontana, accessible \u00e0 pied par un chemin de terre, l\u2019h\u00f4tel est ins\u00e9r\u00e9 dans un contexte naturel d\u2019une beaut\u00e9 extraordinaire, loin des circuits du tourisme de masse..\" \/>\n<meta property=\"og:url\" content=\"https:\/\/www.hotelkyrietremiti.it\/fr\/\" \/>\n<meta property=\"og:site_name\" content=\"Hotel Kyrie\" \/>\n<meta property=\"article:modified_time\" content=\"2025-06-11T13:15:20+00:00\" \/>\n<meta name=\"twitter:card\" content=\"summary_large_image\" \/>\n<meta name=\"twitter:label1\" content=\"Dur\u00e9e de lecture estim\u00e9e\" \/>\n\t<meta name=\"twitter:data1\" content=\"1 minute\" \/>\n<script type=\"application\/ld+json\" class=\"yoast-schema-graph\">{\"@context\":\"https:\/\/schema.org\",\"@graph\":[{\"@type\":\"WebPage\",\"@id\":\"https:\/\/www.hotelkyrietremiti.it\/fr\/\",\"url\":\"https:\/\/www.hotelkyrietremiti.it\/fr\/\",\"name\":\"H\u00f4tel Kyrie Tremiti Islands - \u00cele de San Domino\",\"isPartOf\":{\"@id\":\"https:\/\/www.hotelkyrietremiti.it\/fr\/#website\"},\"datePublished\":\"2021-04-26T15:25:53+00:00\",\"dateModified\":\"2025-06-11T13:15:20+00:00\",\"description\":\"L\u2019 H\u00f4tel Kyrie Tremiti \u00eeles se trouve \u00e0 l\u2019int\u00e9rieur d\u2019une vaste pin\u00e8de aux parois \u00e0 pic sur la mer, aux grottes marines et aux petites criques, o\u00f9 le vert du maquis m\u00e9diterran\u00e9en rencontre le bleu de cobalt de la mer. Situ\u00e9 dans une position privil\u00e9gi\u00e9e, pr\u00e8s du village caract\u00e9ristique de San Domino et \u00e0 quelques m\u00e8tres de Cala Tramontana, accessible \u00e0 pied par un chemin de terre, l\u2019h\u00f4tel est ins\u00e9r\u00e9 dans un contexte naturel d\u2019une beaut\u00e9 extraordinaire, loin des circuits du tourisme de masse..\",\"breadcrumb\":{\"@id\":\"https:\/\/www.hotelkyrietremiti.it\/fr\/#breadcrumb\"},\"inLanguage\":\"fr-FR\",\"potentialAction\":[{\"@type\":\"ReadAction\",\"target\":[\"https:\/\/www.hotelkyrietremiti.it\/fr\/\"]}]},{\"@type\":\"BreadcrumbList\",\"@id\":\"https:\/\/www.hotelkyrietremiti.it\/fr\/#breadcrumb\",\"itemListElement\":[{\"@type\":\"ListItem\",\"position\":1,\"name\":\"Home\",\"item\":\"https:\/\/www.hotelkyrietremiti.it\/fr\/\"},{\"@type\":\"ListItem\",\"position\":2,\"name\":\"Hotel Kyrie\"}]},{\"@type\":\"WebSite\",\"@id\":\"https:\/\/www.hotelkyrietremiti.it\/fr\/#website\",\"url\":\"https:\/\/www.hotelkyrietremiti.it\/fr\/\",\"name\":\"Hotel Kyrie\",\"description\":\"Just another ms.decms.eu site\",\"potentialAction\":[{\"@type\":\"SearchAction\",\"target\":{\"@type\":\"EntryPoint\",\"urlTemplate\":\"https:\/\/www.hotelkyrietremiti.it\/fr\/?s={search_term_string}\"},\"query-input\":{\"@type\":\"PropertyValueSpecification\",\"valueRequired\":true,\"valueName\":\"search_term_string\"}}],\"inLanguage\":\"fr-FR\"}]}<\/script>\n<!-- \/ Yoast SEO plugin. -->","yoast_head_json":{"title":"H\u00f4tel Kyrie Tremiti Islands - \u00cele de San Domino","description":"L\u2019 H\u00f4tel Kyrie Tremiti \u00eeles se trouve \u00e0 l\u2019int\u00e9rieur d\u2019une vaste pin\u00e8de aux parois \u00e0 pic sur la mer, aux grottes marines et aux petites criques, o\u00f9 le vert du maquis m\u00e9diterran\u00e9en rencontre le bleu de cobalt de la mer. Situ\u00e9 dans une position privil\u00e9gi\u00e9e, pr\u00e8s du village caract\u00e9ristique de San Domino et \u00e0 quelques m\u00e8tres de Cala Tramontana, accessible \u00e0 pied par un chemin de terre, l\u2019h\u00f4tel est ins\u00e9r\u00e9 dans un contexte naturel d\u2019une beaut\u00e9 extraordinaire, loin des circuits du tourisme de masse..","robots":{"index":"index","follow":"follow","max-snippet":"max-snippet:-1","max-image-preview":"max-image-preview:large","max-video-preview":"max-video-preview:-1"},"canonical":"https:\/\/www.hotelkyrietremiti.it\/fr\/","og_locale":"fr_FR","og_type":"article","og_title":"H\u00f4tel Kyrie Tremiti Islands - \u00cele de San Domino","og_description":"L\u2019 H\u00f4tel Kyrie Tremiti \u00eeles se trouve \u00e0 l\u2019int\u00e9rieur d\u2019une vaste pin\u00e8de aux parois \u00e0 pic sur la mer, aux grottes marines et aux petites criques, o\u00f9 le vert du maquis m\u00e9diterran\u00e9en rencontre le bleu de cobalt de la mer. Situ\u00e9 dans une position privil\u00e9gi\u00e9e, pr\u00e8s du village caract\u00e9ristique de San Domino et \u00e0 quelques m\u00e8tres de Cala Tramontana, accessible \u00e0 pied par un chemin de terre, l\u2019h\u00f4tel est ins\u00e9r\u00e9 dans un contexte naturel d\u2019une beaut\u00e9 extraordinaire, loin des circuits du tourisme de masse..","og_url":"https:\/\/www.hotelkyrietremiti.it\/fr\/","og_site_name":"Hotel Kyrie","article_modified_time":"2025-06-11T13:15:20+00:00","twitter_card":"summary_large_image","twitter_misc":{"Dur\u00e9e de lecture estim\u00e9e":"1 minute"},"schema":{"@context":"https:\/\/schema.org","@graph":[{"@type":"WebPage","@id":"https:\/\/www.hotelkyrietremiti.it\/fr\/","url":"https:\/\/www.hotelkyrietremiti.it\/fr\/","name":"H\u00f4tel Kyrie Tremiti Islands - \u00cele de San Domino","isPartOf":{"@id":"https:\/\/www.hotelkyrietremiti.it\/fr\/#website"},"datePublished":"2021-04-26T15:25:53+00:00","dateModified":"2025-06-11T13:15:20+00:00","description":"L\u2019 H\u00f4tel Kyrie Tremiti \u00eeles se trouve \u00e0 l\u2019int\u00e9rieur d\u2019une vaste pin\u00e8de aux parois \u00e0 pic sur la mer, aux grottes marines et aux petites criques, o\u00f9 le vert du maquis m\u00e9diterran\u00e9en rencontre le bleu de cobalt de la mer. Situ\u00e9 dans une position privil\u00e9gi\u00e9e, pr\u00e8s du village caract\u00e9ristique de San Domino et \u00e0 quelques m\u00e8tres de Cala Tramontana, accessible \u00e0 pied par un chemin de terre, l\u2019h\u00f4tel est ins\u00e9r\u00e9 dans un contexte naturel d\u2019une beaut\u00e9 extraordinaire, loin des circuits du tourisme de masse..","breadcrumb":{"@id":"https:\/\/www.hotelkyrietremiti.it\/fr\/#breadcrumb"},"inLanguage":"fr-FR","potentialAction":[{"@type":"ReadAction","target":["https:\/\/www.hotelkyrietremiti.it\/fr\/"]}]},{"@type":"BreadcrumbList","@id":"https:\/\/www.hotelkyrietremiti.it\/fr\/#breadcrumb","itemListElement":[{"@type":"ListItem","position":1,"name":"Home","item":"https:\/\/www.hotelkyrietremiti.it\/fr\/"},{"@type":"ListItem","position":2,"name":"Hotel Kyrie"}]},{"@type":"WebSite","@id":"https:\/\/www.hotelkyrietremiti.it\/fr\/#website","url":"https:\/\/www.hotelkyrietremiti.it\/fr\/","name":"Hotel Kyrie","description":"Just another ms.decms.eu site","potentialAction":[{"@type":"SearchAction","target":{"@type":"EntryPoint","urlTemplate":"https:\/\/www.hotelkyrietremiti.it\/fr\/?s={search_term_string}"},"query-input":{"@type":"PropertyValueSpecification","valueRequired":true,"valueName":"search_term_string"}}],"inLanguage":"fr-FR"}]}},"acf":[],"_links":{"self":[{"href":"https:\/\/www.hotelkyrietremiti.it\/fr\/wp-json\/wp\/v2\/pages\/8","targetHints":{"allow":["GET"]}}],"collection":[{"href":"https:\/\/www.hotelkyrietremiti.it\/fr\/wp-json\/wp\/v2\/pages"}],"about":[{"href":"https:\/\/www.hotelkyrietremiti.it\/fr\/wp-json\/wp\/v2\/types\/page"}],"author":[{"embeddable":true,"href":"https:\/\/www.hotelkyrietremiti.it\/fr\/wp-json\/wp\/v2\/users\/36"}],"replies":[{"embeddable":true,"href":"https:\/\/www.hotelkyrietremiti.it\/fr\/wp-json\/wp\/v2\/comments?post=8"}],"version-history":[{"count":0,"href":"https:\/\/www.hotelkyrietremiti.it\/fr\/wp-json\/wp\/v2\/pages\/8\/revisions"}],"wp:attachment":[{"href":"https:\/\/www.hotelkyrietremiti.it\/fr\/wp-json\/wp\/v2\/media?parent=8"}],"curies":[{"name":"wp","href":"https:\/\/api.w.org\/{rel}","templated":true}]}}