{"id":73,"date":"2021-04-27T10:36:12","date_gmt":"2021-04-27T10:36:12","guid":{"rendered":"http:\/\/hotel-kyrie.ms.decms.eu\/?page_id=73"},"modified":"2025-06-09T16:04:34","modified_gmt":"2025-06-09T16:04:34","slug":"chambre-family","status":"publish","type":"page","link":"https:\/\/www.hotelkyrietremiti.it\/fr\/chambres\/chambre-family\/","title":{"rendered":"Chambre Family"},"content":{"rendered":"<p style=\"text-align: center\">Situ\u00e9es dans de <strong>petites villas \u00e9parpill\u00e9es dans la pin\u00e8de<\/strong>, les <strong>chambres Family<\/strong> sont id\u00e9ales pour voyager en famille en plein <strong>confort<\/strong> et <strong>s\u00e9curit\u00e9<\/strong>. L\u2019atmosph\u00e8re de libert\u00e9 et d\u2019immersion dans la nature vierge que l\u2019on respire, transformera le s\u00e9jour en une <strong>exp\u00e9rience inoubliable<\/strong> et riche de charme.<\/p>\n<p style=\"text-align: center\">Vue int\u00e9rieure de la pin\u00e8de<br \/>\nNAVETTE<br \/>\nPlage Priv\u00e9e Rocheuse<br \/>\nCanap\u00e9-lit ou Lit simple<\/p>\n<p style=\"text-align: center\">LES PETITS ANIMAUX SONT ACCEPT\u00c9S<\/p>\n<p style=\"text-align: center\"><strong>Occupation maximale pour 4 personnes \/ 23 m\u00b2<\/strong><\/p>\n","protected":false},"excerpt":{"rendered":"<p>Situ\u00e9es dans de petites villas \u00e9parpill\u00e9es dans la pin\u00e8de, les chambres Family sont id\u00e9ales pour voyager en famille en plein confort et s\u00e9curit\u00e9. L\u2019atmosph\u00e8re de libert\u00e9 et d\u2019immersion dans la nature vierge que l\u2019on respire, transformera le s\u00e9jour en une exp\u00e9rience inoubliable et riche de charme. Vue int\u00e9rieure de la pin\u00e8de NAVETTE Plage Priv\u00e9e Rocheuse [&hellip;]<\/p>\n","protected":false},"author":36,"featured_media":0,"parent":41,"menu_order":15,"comment_status":"closed","ping_status":"closed","template":"template-single-room.php","meta":{"footnotes":""},"class_list":["post-73","page","type-page","status-publish","hentry"],"yoast_head":"<!-- This site is optimized with the Yoast SEO plugin v26.9 - https:\/\/yoast.com\/product\/yoast-seo-wordpress\/ -->\n<title>Chambre Family - Hotel Kyrie -<\/title>\n<meta name=\"description\" content=\"Situ\u00e9es dans de petites villas \u00e9parpill\u00e9es dans la pin\u00e8de, les chambres Family sont id\u00e9ales pour voyager en famille en plein confort et s\u00e9curit\u00e9. L\u2019atmosph\u00e8re de libert\u00e9 et d\u2019immersion dans la nature vierge que l\u2019on respire, transformera le s\u00e9jour en une exp\u00e9rience inoubliable et riche de charme. Vue int\u00e9rieure de la pin\u00e8de NAVETTE Plage Priv\u00e9e Rocheuse Canap\u00e9-lit ou Lit simple LES PETITS ANIMAUX SONT ACCEPT\u00c9S Occupation maximale pour 4 personnes \/ 23 m\u00b2\" \/>\n<meta name=\"robots\" content=\"index, follow, max-snippet:-1, max-image-preview:large, max-video-preview:-1\" \/>\n<link rel=\"canonical\" href=\"https:\/\/www.hotelkyrietremiti.it\/fr\/chambres\/chambre-family\/\" \/>\n<meta property=\"og:locale\" content=\"fr_FR\" \/>\n<meta property=\"og:type\" content=\"article\" \/>\n<meta property=\"og:title\" content=\"Chambre Family - Hotel Kyrie -\" \/>\n<meta property=\"og:description\" content=\"Situ\u00e9es dans de petites villas \u00e9parpill\u00e9es dans la pin\u00e8de, les chambres Family sont id\u00e9ales pour voyager en famille en plein confort et s\u00e9curit\u00e9. L\u2019atmosph\u00e8re de libert\u00e9 et d\u2019immersion dans la nature vierge que l\u2019on respire, transformera le s\u00e9jour en une exp\u00e9rience inoubliable et riche de charme. Vue int\u00e9rieure de la pin\u00e8de NAVETTE Plage Priv\u00e9e Rocheuse Canap\u00e9-lit ou Lit simple LES PETITS ANIMAUX SONT ACCEPT\u00c9S Occupation maximale pour 4 personnes \/ 23 m\u00b2\" \/>\n<meta property=\"og:url\" content=\"https:\/\/www.hotelkyrietremiti.it\/fr\/chambres\/chambre-family\/\" \/>\n<meta property=\"og:site_name\" content=\"Hotel Kyrie\" \/>\n<meta property=\"article:modified_time\" content=\"2025-06-09T16:04:34+00:00\" \/>\n<meta name=\"twitter:card\" content=\"summary_large_image\" \/>\n<meta name=\"twitter:label1\" content=\"Dur\u00e9e de lecture estim\u00e9e\" \/>\n\t<meta name=\"twitter:data1\" content=\"1 minute\" \/>\n<script type=\"application\/ld+json\" class=\"yoast-schema-graph\">{\"@context\":\"https:\/\/schema.org\",\"@graph\":[{\"@type\":\"WebPage\",\"@id\":\"https:\/\/www.hotelkyrietremiti.it\/fr\/chambres\/chambre-family\/\",\"url\":\"https:\/\/www.hotelkyrietremiti.it\/fr\/chambres\/chambre-family\/\",\"name\":\"Chambre Family - Hotel Kyrie -\",\"isPartOf\":{\"@id\":\"https:\/\/www.hotelkyrietremiti.it\/fr\/#website\"},\"datePublished\":\"2021-04-27T10:36:12+00:00\",\"dateModified\":\"2025-06-09T16:04:34+00:00\",\"description\":\"Situ\u00e9es dans de petites villas \u00e9parpill\u00e9es dans la pin\u00e8de, les chambres Family sont id\u00e9ales pour voyager en famille en plein confort et s\u00e9curit\u00e9. L\u2019atmosph\u00e8re de libert\u00e9 et d\u2019immersion dans la nature vierge que l\u2019on respire, transformera le s\u00e9jour en une exp\u00e9rience inoubliable et riche de charme. Vue int\u00e9rieure de la pin\u00e8de NAVETTE Plage Priv\u00e9e Rocheuse Canap\u00e9-lit ou Lit simple LES PETITS ANIMAUX SONT ACCEPT\u00c9S Occupation maximale pour 4 personnes \/ 23 m\u00b2\",\"breadcrumb\":{\"@id\":\"https:\/\/www.hotelkyrietremiti.it\/fr\/chambres\/chambre-family\/#breadcrumb\"},\"inLanguage\":\"fr-FR\",\"potentialAction\":[{\"@type\":\"ReadAction\",\"target\":[\"https:\/\/www.hotelkyrietremiti.it\/fr\/chambres\/chambre-family\/\"]}]},{\"@type\":\"BreadcrumbList\",\"@id\":\"https:\/\/www.hotelkyrietremiti.it\/fr\/chambres\/chambre-family\/#breadcrumb\",\"itemListElement\":[{\"@type\":\"ListItem\",\"position\":1,\"name\":\"Home\",\"item\":\"https:\/\/www.hotelkyrietremiti.it\/fr\/\"},{\"@type\":\"ListItem\",\"position\":2,\"name\":\"Chambres\",\"item\":\"https:\/\/www.hotelkyrietremiti.it\/fr\/chambres\/\"},{\"@type\":\"ListItem\",\"position\":3,\"name\":\"Chambre Family\"}]},{\"@type\":\"WebSite\",\"@id\":\"https:\/\/www.hotelkyrietremiti.it\/fr\/#website\",\"url\":\"https:\/\/www.hotelkyrietremiti.it\/fr\/\",\"name\":\"Hotel Kyrie\",\"description\":\"Just another ms.decms.eu site\",\"potentialAction\":[{\"@type\":\"SearchAction\",\"target\":{\"@type\":\"EntryPoint\",\"urlTemplate\":\"https:\/\/www.hotelkyrietremiti.it\/fr\/?s={search_term_string}\"},\"query-input\":{\"@type\":\"PropertyValueSpecification\",\"valueRequired\":true,\"valueName\":\"search_term_string\"}}],\"inLanguage\":\"fr-FR\"}]}<\/script>\n<!-- \/ Yoast SEO plugin. -->","yoast_head_json":{"title":"Chambre Family - Hotel Kyrie -","description":"Situ\u00e9es dans de petites villas \u00e9parpill\u00e9es dans la pin\u00e8de, les chambres Family sont id\u00e9ales pour voyager en famille en plein confort et s\u00e9curit\u00e9. L\u2019atmosph\u00e8re de libert\u00e9 et d\u2019immersion dans la nature vierge que l\u2019on respire, transformera le s\u00e9jour en une exp\u00e9rience inoubliable et riche de charme. Vue int\u00e9rieure de la pin\u00e8de NAVETTE Plage Priv\u00e9e Rocheuse Canap\u00e9-lit ou Lit simple LES PETITS ANIMAUX SONT ACCEPT\u00c9S Occupation maximale pour 4 personnes \/ 23 m\u00b2","robots":{"index":"index","follow":"follow","max-snippet":"max-snippet:-1","max-image-preview":"max-image-preview:large","max-video-preview":"max-video-preview:-1"},"canonical":"https:\/\/www.hotelkyrietremiti.it\/fr\/chambres\/chambre-family\/","og_locale":"fr_FR","og_type":"article","og_title":"Chambre Family - Hotel Kyrie -","og_description":"Situ\u00e9es dans de petites villas \u00e9parpill\u00e9es dans la pin\u00e8de, les chambres Family sont id\u00e9ales pour voyager en famille en plein confort et s\u00e9curit\u00e9. L\u2019atmosph\u00e8re de libert\u00e9 et d\u2019immersion dans la nature vierge que l\u2019on respire, transformera le s\u00e9jour en une exp\u00e9rience inoubliable et riche de charme. Vue int\u00e9rieure de la pin\u00e8de NAVETTE Plage Priv\u00e9e Rocheuse Canap\u00e9-lit ou Lit simple LES PETITS ANIMAUX SONT ACCEPT\u00c9S Occupation maximale pour 4 personnes \/ 23 m\u00b2","og_url":"https:\/\/www.hotelkyrietremiti.it\/fr\/chambres\/chambre-family\/","og_site_name":"Hotel Kyrie","article_modified_time":"2025-06-09T16:04:34+00:00","twitter_card":"summary_large_image","twitter_misc":{"Dur\u00e9e de lecture estim\u00e9e":"1 minute"},"schema":{"@context":"https:\/\/schema.org","@graph":[{"@type":"WebPage","@id":"https:\/\/www.hotelkyrietremiti.it\/fr\/chambres\/chambre-family\/","url":"https:\/\/www.hotelkyrietremiti.it\/fr\/chambres\/chambre-family\/","name":"Chambre Family - Hotel Kyrie -","isPartOf":{"@id":"https:\/\/www.hotelkyrietremiti.it\/fr\/#website"},"datePublished":"2021-04-27T10:36:12+00:00","dateModified":"2025-06-09T16:04:34+00:00","description":"Situ\u00e9es dans de petites villas \u00e9parpill\u00e9es dans la pin\u00e8de, les chambres Family sont id\u00e9ales pour voyager en famille en plein confort et s\u00e9curit\u00e9. L\u2019atmosph\u00e8re de libert\u00e9 et d\u2019immersion dans la nature vierge que l\u2019on respire, transformera le s\u00e9jour en une exp\u00e9rience inoubliable et riche de charme. Vue int\u00e9rieure de la pin\u00e8de NAVETTE Plage Priv\u00e9e Rocheuse Canap\u00e9-lit ou Lit simple LES PETITS ANIMAUX SONT ACCEPT\u00c9S Occupation maximale pour 4 personnes \/ 23 m\u00b2","breadcrumb":{"@id":"https:\/\/www.hotelkyrietremiti.it\/fr\/chambres\/chambre-family\/#breadcrumb"},"inLanguage":"fr-FR","potentialAction":[{"@type":"ReadAction","target":["https:\/\/www.hotelkyrietremiti.it\/fr\/chambres\/chambre-family\/"]}]},{"@type":"BreadcrumbList","@id":"https:\/\/www.hotelkyrietremiti.it\/fr\/chambres\/chambre-family\/#breadcrumb","itemListElement":[{"@type":"ListItem","position":1,"name":"Home","item":"https:\/\/www.hotelkyrietremiti.it\/fr\/"},{"@type":"ListItem","position":2,"name":"Chambres","item":"https:\/\/www.hotelkyrietremiti.it\/fr\/chambres\/"},{"@type":"ListItem","position":3,"name":"Chambre Family"}]},{"@type":"WebSite","@id":"https:\/\/www.hotelkyrietremiti.it\/fr\/#website","url":"https:\/\/www.hotelkyrietremiti.it\/fr\/","name":"Hotel Kyrie","description":"Just another ms.decms.eu site","potentialAction":[{"@type":"SearchAction","target":{"@type":"EntryPoint","urlTemplate":"https:\/\/www.hotelkyrietremiti.it\/fr\/?s={search_term_string}"},"query-input":{"@type":"PropertyValueSpecification","valueRequired":true,"valueName":"search_term_string"}}],"inLanguage":"fr-FR"}]}},"acf":[],"_links":{"self":[{"href":"https:\/\/www.hotelkyrietremiti.it\/fr\/wp-json\/wp\/v2\/pages\/73","targetHints":{"allow":["GET"]}}],"collection":[{"href":"https:\/\/www.hotelkyrietremiti.it\/fr\/wp-json\/wp\/v2\/pages"}],"about":[{"href":"https:\/\/www.hotelkyrietremiti.it\/fr\/wp-json\/wp\/v2\/types\/page"}],"author":[{"embeddable":true,"href":"https:\/\/www.hotelkyrietremiti.it\/fr\/wp-json\/wp\/v2\/users\/36"}],"replies":[{"embeddable":true,"href":"https:\/\/www.hotelkyrietremiti.it\/fr\/wp-json\/wp\/v2\/comments?post=73"}],"version-history":[{"count":0,"href":"https:\/\/www.hotelkyrietremiti.it\/fr\/wp-json\/wp\/v2\/pages\/73\/revisions"}],"up":[{"embeddable":true,"href":"https:\/\/www.hotelkyrietremiti.it\/fr\/wp-json\/wp\/v2\/pages\/41"}],"wp:attachment":[{"href":"https:\/\/www.hotelkyrietremiti.it\/fr\/wp-json\/wp\/v2\/media?parent=73"}],"curies":[{"name":"wp","href":"https:\/\/api.w.org\/{rel}","templated":true}]}}