{"id":57,"date":"2021-04-27T09:58:56","date_gmt":"2021-04-27T09:58:56","guid":{"rendered":"http:\/\/hotel-kyrie.ms.decms.eu\/?page_id=57"},"modified":"2025-06-09T15:57:56","modified_gmt":"2025-06-09T15:57:56","slug":"chambre-triple","status":"publish","type":"page","link":"https:\/\/www.hotelkyrietremiti.it\/fr\/chambres\/chambre-triple\/","title":{"rendered":"Chambre Triple"},"content":{"rendered":"<p style=\"text-align: center\">Les <strong>chambres Triple<\/strong> de l\u2019<strong>Hotel Kyrie<\/strong> sont immerg\u00e9es dans le vert de la <strong>pin\u00e8de<\/strong>. Le <strong>petit patio<\/strong> \u00e9quip\u00e9 est id\u00e9al pour se relaxer en \u00e9coutant le chant des cigales. Les int\u00e9rieurs sont sobres, mais extr\u00eamement lumineux et confortables.<\/p>\n<p style=\"text-align: center\">NAVETTE<br \/>\nVue int\u00e9rieure de la pin\u00e8de<br \/>\nPlage Priv\u00e9e Rocheuse<br \/>\nCanap\u00e9-lit ou Lit simple<br \/>\nLES PETITS ANIMAUX SONT ACCEPT\u00c9S<\/p>\n<p style=\"text-align: center\"><strong>Occupation maximale pour 3 personnes \/ 17 m\u00b2<\/strong><\/p>\n","protected":false},"excerpt":{"rendered":"<p>Les chambres Triple de l\u2019Hotel Kyrie sont immerg\u00e9es dans le vert de la pin\u00e8de. Le petit patio \u00e9quip\u00e9 est id\u00e9al pour se relaxer en \u00e9coutant le chant des cigales. Les int\u00e9rieurs sont sobres, mais extr\u00eamement lumineux et confortables. NAVETTE Vue int\u00e9rieure de la pin\u00e8de Plage Priv\u00e9e Rocheuse Canap\u00e9-lit ou Lit simple LES PETITS ANIMAUX SONT [&hellip;]<\/p>\n","protected":false},"author":36,"featured_media":0,"parent":41,"menu_order":10,"comment_status":"closed","ping_status":"closed","template":"template-single-room.php","meta":{"footnotes":""},"class_list":["post-57","page","type-page","status-publish","hentry"],"yoast_head":"<!-- This site is optimized with the Yoast SEO plugin v26.9 - https:\/\/yoast.com\/product\/yoast-seo-wordpress\/ -->\n<title>Chambre Triple - Hotel Kyrie -<\/title>\n<meta name=\"description\" content=\"Les chambres Triple de l\u2019Hotel Kyrie sont immerg\u00e9es dans le vert de la pin\u00e8de. Le petit patio \u00e9quip\u00e9 est id\u00e9al pour se relaxer en \u00e9coutant le chant des cigales\" \/>\n<meta name=\"robots\" content=\"index, follow, max-snippet:-1, max-image-preview:large, max-video-preview:-1\" \/>\n<link rel=\"canonical\" href=\"https:\/\/www.hotelkyrietremiti.it\/fr\/chambres\/chambre-triple\/\" \/>\n<meta property=\"og:locale\" content=\"fr_FR\" \/>\n<meta property=\"og:type\" content=\"article\" \/>\n<meta property=\"og:title\" content=\"Chambre Triple - Hotel Kyrie -\" \/>\n<meta property=\"og:description\" content=\"Les chambres Triple de l\u2019Hotel Kyrie sont immerg\u00e9es dans le vert de la pin\u00e8de. Le petit patio \u00e9quip\u00e9 est id\u00e9al pour se relaxer en \u00e9coutant le chant des cigales\" \/>\n<meta property=\"og:url\" content=\"https:\/\/www.hotelkyrietremiti.it\/fr\/chambres\/chambre-triple\/\" \/>\n<meta property=\"og:site_name\" content=\"Hotel Kyrie\" \/>\n<meta property=\"article:modified_time\" content=\"2025-06-09T15:57:56+00:00\" \/>\n<meta name=\"twitter:card\" content=\"summary_large_image\" \/>\n<meta name=\"twitter:label1\" content=\"Dur\u00e9e de lecture estim\u00e9e\" \/>\n\t<meta name=\"twitter:data1\" content=\"1 minute\" \/>\n<script type=\"application\/ld+json\" class=\"yoast-schema-graph\">{\"@context\":\"https:\/\/schema.org\",\"@graph\":[{\"@type\":\"WebPage\",\"@id\":\"https:\/\/www.hotelkyrietremiti.it\/fr\/chambres\/chambre-triple\/\",\"url\":\"https:\/\/www.hotelkyrietremiti.it\/fr\/chambres\/chambre-triple\/\",\"name\":\"Chambre Triple - Hotel Kyrie -\",\"isPartOf\":{\"@id\":\"https:\/\/www.hotelkyrietremiti.it\/fr\/#website\"},\"datePublished\":\"2021-04-27T09:58:56+00:00\",\"dateModified\":\"2025-06-09T15:57:56+00:00\",\"description\":\"Les chambres Triple de l\u2019Hotel Kyrie sont immerg\u00e9es dans le vert de la pin\u00e8de. Le petit patio \u00e9quip\u00e9 est id\u00e9al pour se relaxer en \u00e9coutant le chant des cigales\",\"breadcrumb\":{\"@id\":\"https:\/\/www.hotelkyrietremiti.it\/fr\/chambres\/chambre-triple\/#breadcrumb\"},\"inLanguage\":\"fr-FR\",\"potentialAction\":[{\"@type\":\"ReadAction\",\"target\":[\"https:\/\/www.hotelkyrietremiti.it\/fr\/chambres\/chambre-triple\/\"]}]},{\"@type\":\"BreadcrumbList\",\"@id\":\"https:\/\/www.hotelkyrietremiti.it\/fr\/chambres\/chambre-triple\/#breadcrumb\",\"itemListElement\":[{\"@type\":\"ListItem\",\"position\":1,\"name\":\"Home\",\"item\":\"https:\/\/www.hotelkyrietremiti.it\/fr\/\"},{\"@type\":\"ListItem\",\"position\":2,\"name\":\"Chambres\",\"item\":\"https:\/\/www.hotelkyrietremiti.it\/fr\/chambres\/\"},{\"@type\":\"ListItem\",\"position\":3,\"name\":\"Chambre Triple\"}]},{\"@type\":\"WebSite\",\"@id\":\"https:\/\/www.hotelkyrietremiti.it\/fr\/#website\",\"url\":\"https:\/\/www.hotelkyrietremiti.it\/fr\/\",\"name\":\"Hotel Kyrie\",\"description\":\"Just another ms.decms.eu site\",\"potentialAction\":[{\"@type\":\"SearchAction\",\"target\":{\"@type\":\"EntryPoint\",\"urlTemplate\":\"https:\/\/www.hotelkyrietremiti.it\/fr\/?s={search_term_string}\"},\"query-input\":{\"@type\":\"PropertyValueSpecification\",\"valueRequired\":true,\"valueName\":\"search_term_string\"}}],\"inLanguage\":\"fr-FR\"}]}<\/script>\n<!-- \/ Yoast SEO plugin. -->","yoast_head_json":{"title":"Chambre Triple - Hotel Kyrie -","description":"Les chambres Triple de l\u2019Hotel Kyrie sont immerg\u00e9es dans le vert de la pin\u00e8de. Le petit patio \u00e9quip\u00e9 est id\u00e9al pour se relaxer en \u00e9coutant le chant des cigales","robots":{"index":"index","follow":"follow","max-snippet":"max-snippet:-1","max-image-preview":"max-image-preview:large","max-video-preview":"max-video-preview:-1"},"canonical":"https:\/\/www.hotelkyrietremiti.it\/fr\/chambres\/chambre-triple\/","og_locale":"fr_FR","og_type":"article","og_title":"Chambre Triple - Hotel Kyrie -","og_description":"Les chambres Triple de l\u2019Hotel Kyrie sont immerg\u00e9es dans le vert de la pin\u00e8de. Le petit patio \u00e9quip\u00e9 est id\u00e9al pour se relaxer en \u00e9coutant le chant des cigales","og_url":"https:\/\/www.hotelkyrietremiti.it\/fr\/chambres\/chambre-triple\/","og_site_name":"Hotel Kyrie","article_modified_time":"2025-06-09T15:57:56+00:00","twitter_card":"summary_large_image","twitter_misc":{"Dur\u00e9e de lecture estim\u00e9e":"1 minute"},"schema":{"@context":"https:\/\/schema.org","@graph":[{"@type":"WebPage","@id":"https:\/\/www.hotelkyrietremiti.it\/fr\/chambres\/chambre-triple\/","url":"https:\/\/www.hotelkyrietremiti.it\/fr\/chambres\/chambre-triple\/","name":"Chambre Triple - Hotel Kyrie -","isPartOf":{"@id":"https:\/\/www.hotelkyrietremiti.it\/fr\/#website"},"datePublished":"2021-04-27T09:58:56+00:00","dateModified":"2025-06-09T15:57:56+00:00","description":"Les chambres Triple de l\u2019Hotel Kyrie sont immerg\u00e9es dans le vert de la pin\u00e8de. Le petit patio \u00e9quip\u00e9 est id\u00e9al pour se relaxer en \u00e9coutant le chant des cigales","breadcrumb":{"@id":"https:\/\/www.hotelkyrietremiti.it\/fr\/chambres\/chambre-triple\/#breadcrumb"},"inLanguage":"fr-FR","potentialAction":[{"@type":"ReadAction","target":["https:\/\/www.hotelkyrietremiti.it\/fr\/chambres\/chambre-triple\/"]}]},{"@type":"BreadcrumbList","@id":"https:\/\/www.hotelkyrietremiti.it\/fr\/chambres\/chambre-triple\/#breadcrumb","itemListElement":[{"@type":"ListItem","position":1,"name":"Home","item":"https:\/\/www.hotelkyrietremiti.it\/fr\/"},{"@type":"ListItem","position":2,"name":"Chambres","item":"https:\/\/www.hotelkyrietremiti.it\/fr\/chambres\/"},{"@type":"ListItem","position":3,"name":"Chambre Triple"}]},{"@type":"WebSite","@id":"https:\/\/www.hotelkyrietremiti.it\/fr\/#website","url":"https:\/\/www.hotelkyrietremiti.it\/fr\/","name":"Hotel Kyrie","description":"Just another ms.decms.eu site","potentialAction":[{"@type":"SearchAction","target":{"@type":"EntryPoint","urlTemplate":"https:\/\/www.hotelkyrietremiti.it\/fr\/?s={search_term_string}"},"query-input":{"@type":"PropertyValueSpecification","valueRequired":true,"valueName":"search_term_string"}}],"inLanguage":"fr-FR"}]}},"acf":[],"_links":{"self":[{"href":"https:\/\/www.hotelkyrietremiti.it\/fr\/wp-json\/wp\/v2\/pages\/57","targetHints":{"allow":["GET"]}}],"collection":[{"href":"https:\/\/www.hotelkyrietremiti.it\/fr\/wp-json\/wp\/v2\/pages"}],"about":[{"href":"https:\/\/www.hotelkyrietremiti.it\/fr\/wp-json\/wp\/v2\/types\/page"}],"author":[{"embeddable":true,"href":"https:\/\/www.hotelkyrietremiti.it\/fr\/wp-json\/wp\/v2\/users\/36"}],"replies":[{"embeddable":true,"href":"https:\/\/www.hotelkyrietremiti.it\/fr\/wp-json\/wp\/v2\/comments?post=57"}],"version-history":[{"count":0,"href":"https:\/\/www.hotelkyrietremiti.it\/fr\/wp-json\/wp\/v2\/pages\/57\/revisions"}],"up":[{"embeddable":true,"href":"https:\/\/www.hotelkyrietremiti.it\/fr\/wp-json\/wp\/v2\/pages\/41"}],"wp:attachment":[{"href":"https:\/\/www.hotelkyrietremiti.it\/fr\/wp-json\/wp\/v2\/media?parent=57"}],"curies":[{"name":"wp","href":"https:\/\/api.w.org\/{rel}","templated":true}]}}