{"id":45,"date":"2021-04-27T09:39:16","date_gmt":"2021-04-27T09:39:16","guid":{"rendered":"http:\/\/hotel-kyrie.ms.decms.eu\/?page_id=45"},"modified":"2025-06-09T15:55:30","modified_gmt":"2025-06-09T15:55:30","slug":"chambre-double","status":"publish","type":"page","link":"https:\/\/www.hotelkyrietremiti.it\/fr\/chambres\/chambre-double\/","title":{"rendered":"Chambre Double"},"content":{"rendered":"<p style=\"text-align: center\">Lumineuses, simples mais extr\u00eamement accueillantes, dot\u00e9es de tout confort, les<strong> chambres double<\/strong> de <strong>Hotel Kyrie<\/strong> se trouvent dans le b\u00e2timent central et ont pour la plupart un <strong>d\u00e9licieux petit balcon<\/strong> o\u00f9 l\u2019on pourra se d\u00e9tendre et admirer le vert de la luxuriante <strong>pin\u00e8de<\/strong>.<\/p>\n<p style=\"text-align: center\">NAVETTE<br \/>\nPlage Priv\u00e9e Rocheuse<br \/>\nLES PETITS ANIMAUX SONT ACCEPT\u00c9S<\/p>\n<p style=\"text-align: center\">Vue int\u00e9rieure de la pin\u00e8de<\/p>\n<p style=\"text-align: center\"><strong>Occupation maximale pour 2 personnes \/ 17 m\u00b2<\/strong><\/p>\n","protected":false},"excerpt":{"rendered":"<p>Lumineuses, simples mais extr\u00eamement accueillantes, dot\u00e9es de tout confort, les chambres double de Hotel Kyrie se trouvent dans le b\u00e2timent central et ont pour la plupart un d\u00e9licieux petit balcon o\u00f9 l\u2019on pourra se d\u00e9tendre et admirer le vert de la luxuriante pin\u00e8de. NAVETTE Plage Priv\u00e9e Rocheuse LES PETITS ANIMAUX SONT ACCEPT\u00c9S Vue int\u00e9rieure de [&hellip;]<\/p>\n","protected":false},"author":36,"featured_media":0,"parent":41,"menu_order":5,"comment_status":"closed","ping_status":"closed","template":"template-single-room.php","meta":{"footnotes":""},"class_list":["post-45","page","type-page","status-publish","hentry"],"yoast_head":"<!-- This site is optimized with the Yoast SEO plugin v26.9 - https:\/\/yoast.com\/product\/yoast-seo-wordpress\/ -->\n<title>Chambre Double - Hotel Kyrie -<\/title>\n<meta name=\"description\" content=\"Lumineuses, simples mais extr\u00eamement accueillantes, dot\u00e9es de tout confort, les chambres double de Hotel Kyrie se trouvent dans le b\u00e2timent central et ont pour la plupart un d\u00e9licieux petit balcon o\u00f9 l\u2019on pourra se d\u00e9tendre et admirer le vert de la luxuriante pin\u00e8de. NAVETTE Plage Priv\u00e9e Rocheuse LES PETITS ANIMAUX SONT ACCEPT\u00c9S Vue int\u00e9rieure de la pin\u00e8de Occupation maximale pour 2 personnes \/ 17 m\u00b2.\" \/>\n<meta name=\"robots\" content=\"index, follow, max-snippet:-1, max-image-preview:large, max-video-preview:-1\" \/>\n<link rel=\"canonical\" href=\"https:\/\/www.hotelkyrietremiti.it\/fr\/chambres\/chambre-double\/\" \/>\n<meta property=\"og:locale\" content=\"fr_FR\" \/>\n<meta property=\"og:type\" content=\"article\" \/>\n<meta property=\"og:title\" content=\"Chambre Double - Hotel Kyrie -\" \/>\n<meta property=\"og:description\" content=\"Lumineuses, simples mais extr\u00eamement accueillantes, dot\u00e9es de tout confort, les chambres double de Hotel Kyrie se trouvent dans le b\u00e2timent central et ont pour la plupart un d\u00e9licieux petit balcon o\u00f9 l\u2019on pourra se d\u00e9tendre et admirer le vert de la luxuriante pin\u00e8de. NAVETTE Plage Priv\u00e9e Rocheuse LES PETITS ANIMAUX SONT ACCEPT\u00c9S Vue int\u00e9rieure de la pin\u00e8de Occupation maximale pour 2 personnes \/ 17 m\u00b2.\" \/>\n<meta property=\"og:url\" content=\"https:\/\/www.hotelkyrietremiti.it\/fr\/chambres\/chambre-double\/\" \/>\n<meta property=\"og:site_name\" content=\"Hotel Kyrie\" \/>\n<meta property=\"article:modified_time\" content=\"2025-06-09T15:55:30+00:00\" \/>\n<meta name=\"twitter:card\" content=\"summary_large_image\" \/>\n<meta name=\"twitter:label1\" content=\"Dur\u00e9e de lecture estim\u00e9e\" \/>\n\t<meta name=\"twitter:data1\" content=\"1 minute\" \/>\n<script type=\"application\/ld+json\" class=\"yoast-schema-graph\">{\"@context\":\"https:\/\/schema.org\",\"@graph\":[{\"@type\":\"WebPage\",\"@id\":\"https:\/\/www.hotelkyrietremiti.it\/fr\/chambres\/chambre-double\/\",\"url\":\"https:\/\/www.hotelkyrietremiti.it\/fr\/chambres\/chambre-double\/\",\"name\":\"Chambre Double - Hotel Kyrie -\",\"isPartOf\":{\"@id\":\"https:\/\/www.hotelkyrietremiti.it\/fr\/#website\"},\"datePublished\":\"2021-04-27T09:39:16+00:00\",\"dateModified\":\"2025-06-09T15:55:30+00:00\",\"description\":\"Lumineuses, simples mais extr\u00eamement accueillantes, dot\u00e9es de tout confort, les chambres double de Hotel Kyrie se trouvent dans le b\u00e2timent central et ont pour la plupart un d\u00e9licieux petit balcon o\u00f9 l\u2019on pourra se d\u00e9tendre et admirer le vert de la luxuriante pin\u00e8de. NAVETTE Plage Priv\u00e9e Rocheuse LES PETITS ANIMAUX SONT ACCEPT\u00c9S Vue int\u00e9rieure de la pin\u00e8de Occupation maximale pour 2 personnes \/ 17 m\u00b2 .\",\"breadcrumb\":{\"@id\":\"https:\/\/www.hotelkyrietremiti.it\/fr\/chambres\/chambre-double\/#breadcrumb\"},\"inLanguage\":\"fr-FR\",\"potentialAction\":[{\"@type\":\"ReadAction\",\"target\":[\"https:\/\/www.hotelkyrietremiti.it\/fr\/chambres\/chambre-double\/\"]}]},{\"@type\":\"BreadcrumbList\",\"@id\":\"https:\/\/www.hotelkyrietremiti.it\/fr\/chambres\/chambre-double\/#breadcrumb\",\"itemListElement\":[{\"@type\":\"ListItem\",\"position\":1,\"name\":\"Home\",\"item\":\"https:\/\/www.hotelkyrietremiti.it\/fr\/\"},{\"@type\":\"ListItem\",\"position\":2,\"name\":\"Chambres\",\"item\":\"https:\/\/www.hotelkyrietremiti.it\/fr\/chambres\/\"},{\"@type\":\"ListItem\",\"position\":3,\"name\":\"Chambre Double\"}]},{\"@type\":\"WebSite\",\"@id\":\"https:\/\/www.hotelkyrietremiti.it\/fr\/#website\",\"url\":\"https:\/\/www.hotelkyrietremiti.it\/fr\/\",\"name\":\"Hotel Kyrie\",\"description\":\"Just another ms.decms.eu site\",\"potentialAction\":[{\"@type\":\"SearchAction\",\"target\":{\"@type\":\"EntryPoint\",\"urlTemplate\":\"https:\/\/www.hotelkyrietremiti.it\/fr\/?s={search_term_string}\"},\"query-input\":{\"@type\":\"PropertyValueSpecification\",\"valueRequired\":true,\"valueName\":\"search_term_string\"}}],\"inLanguage\":\"fr-FR\"}]}<\/script>\n<!-- \/ Yoast SEO plugin. -->","yoast_head_json":{"title":"Chambre Double - Hotel Kyrie -","description":"Lumineuses, simples mais extr\u00eamement accueillantes, dot\u00e9es de tout confort, les chambres double de Hotel Kyrie se trouvent dans le b\u00e2timent central et ont pour la plupart un d\u00e9licieux petit balcon o\u00f9 l\u2019on pourra se d\u00e9tendre et admirer le vert de la luxuriante pin\u00e8de. NAVETTE Plage Priv\u00e9e Rocheuse LES PETITS ANIMAUX SONT ACCEPT\u00c9S Vue int\u00e9rieure de la pin\u00e8de Occupation maximale pour 2 personnes \/ 17 m\u00b2.","robots":{"index":"index","follow":"follow","max-snippet":"max-snippet:-1","max-image-preview":"max-image-preview:large","max-video-preview":"max-video-preview:-1"},"canonical":"https:\/\/www.hotelkyrietremiti.it\/fr\/chambres\/chambre-double\/","og_locale":"fr_FR","og_type":"article","og_title":"Chambre Double - Hotel Kyrie -","og_description":"Lumineuses, simples mais extr\u00eamement accueillantes, dot\u00e9es de tout confort, les chambres double de Hotel Kyrie se trouvent dans le b\u00e2timent central et ont pour la plupart un d\u00e9licieux petit balcon o\u00f9 l\u2019on pourra se d\u00e9tendre et admirer le vert de la luxuriante pin\u00e8de. NAVETTE Plage Priv\u00e9e Rocheuse LES PETITS ANIMAUX SONT ACCEPT\u00c9S Vue int\u00e9rieure de la pin\u00e8de Occupation maximale pour 2 personnes \/ 17 m\u00b2.","og_url":"https:\/\/www.hotelkyrietremiti.it\/fr\/chambres\/chambre-double\/","og_site_name":"Hotel Kyrie","article_modified_time":"2025-06-09T15:55:30+00:00","twitter_card":"summary_large_image","twitter_misc":{"Dur\u00e9e de lecture estim\u00e9e":"1 minute"},"schema":{"@context":"https:\/\/schema.org","@graph":[{"@type":"WebPage","@id":"https:\/\/www.hotelkyrietremiti.it\/fr\/chambres\/chambre-double\/","url":"https:\/\/www.hotelkyrietremiti.it\/fr\/chambres\/chambre-double\/","name":"Chambre Double - Hotel Kyrie -","isPartOf":{"@id":"https:\/\/www.hotelkyrietremiti.it\/fr\/#website"},"datePublished":"2021-04-27T09:39:16+00:00","dateModified":"2025-06-09T15:55:30+00:00","description":"Lumineuses, simples mais extr\u00eamement accueillantes, dot\u00e9es de tout confort, les chambres double de Hotel Kyrie se trouvent dans le b\u00e2timent central et ont pour la plupart un d\u00e9licieux petit balcon o\u00f9 l\u2019on pourra se d\u00e9tendre et admirer le vert de la luxuriante pin\u00e8de. NAVETTE Plage Priv\u00e9e Rocheuse LES PETITS ANIMAUX SONT ACCEPT\u00c9S Vue int\u00e9rieure de la pin\u00e8de Occupation maximale pour 2 personnes \/ 17 m\u00b2 .","breadcrumb":{"@id":"https:\/\/www.hotelkyrietremiti.it\/fr\/chambres\/chambre-double\/#breadcrumb"},"inLanguage":"fr-FR","potentialAction":[{"@type":"ReadAction","target":["https:\/\/www.hotelkyrietremiti.it\/fr\/chambres\/chambre-double\/"]}]},{"@type":"BreadcrumbList","@id":"https:\/\/www.hotelkyrietremiti.it\/fr\/chambres\/chambre-double\/#breadcrumb","itemListElement":[{"@type":"ListItem","position":1,"name":"Home","item":"https:\/\/www.hotelkyrietremiti.it\/fr\/"},{"@type":"ListItem","position":2,"name":"Chambres","item":"https:\/\/www.hotelkyrietremiti.it\/fr\/chambres\/"},{"@type":"ListItem","position":3,"name":"Chambre Double"}]},{"@type":"WebSite","@id":"https:\/\/www.hotelkyrietremiti.it\/fr\/#website","url":"https:\/\/www.hotelkyrietremiti.it\/fr\/","name":"Hotel Kyrie","description":"Just another ms.decms.eu site","potentialAction":[{"@type":"SearchAction","target":{"@type":"EntryPoint","urlTemplate":"https:\/\/www.hotelkyrietremiti.it\/fr\/?s={search_term_string}"},"query-input":{"@type":"PropertyValueSpecification","valueRequired":true,"valueName":"search_term_string"}}],"inLanguage":"fr-FR"}]}},"acf":[],"_links":{"self":[{"href":"https:\/\/www.hotelkyrietremiti.it\/fr\/wp-json\/wp\/v2\/pages\/45","targetHints":{"allow":["GET"]}}],"collection":[{"href":"https:\/\/www.hotelkyrietremiti.it\/fr\/wp-json\/wp\/v2\/pages"}],"about":[{"href":"https:\/\/www.hotelkyrietremiti.it\/fr\/wp-json\/wp\/v2\/types\/page"}],"author":[{"embeddable":true,"href":"https:\/\/www.hotelkyrietremiti.it\/fr\/wp-json\/wp\/v2\/users\/36"}],"replies":[{"embeddable":true,"href":"https:\/\/www.hotelkyrietremiti.it\/fr\/wp-json\/wp\/v2\/comments?post=45"}],"version-history":[{"count":0,"href":"https:\/\/www.hotelkyrietremiti.it\/fr\/wp-json\/wp\/v2\/pages\/45\/revisions"}],"up":[{"embeddable":true,"href":"https:\/\/www.hotelkyrietremiti.it\/fr\/wp-json\/wp\/v2\/pages\/41"}],"wp:attachment":[{"href":"https:\/\/www.hotelkyrietremiti.it\/fr\/wp-json\/wp\/v2\/media?parent=45"}],"curies":[{"name":"wp","href":"https:\/\/api.w.org\/{rel}","templated":true}]}}