{"id":41,"date":"2021-04-27T08:30:39","date_gmt":"2021-04-27T08:30:39","guid":{"rendered":"http:\/\/hotel-kyrie.ms.decms.eu\/?page_id=41"},"modified":"2021-04-29T07:14:26","modified_gmt":"2021-04-29T07:14:26","slug":"chambres","status":"publish","type":"page","link":"https:\/\/www.hotelkyrietremiti.it\/fr\/chambres\/","title":{"rendered":"Chambres"},"content":{"rendered":"<p>Les 64 chambres de l&rsquo;h\u00f4tel Kyrie, r\u00e9parties entre le b\u00e2timent principal et les villas immerg\u00e9es dans le vert de la pin\u00e8de, offrent une d\u00e9tente bien m\u00e9rit\u00e9e apr\u00e8s une journ\u00e9e \u00e0 la plage ou une promenade en bateau. Les grands espaces, le mobilier simple et fonctionnel sont accueillants et \u00e9quip\u00e9s de tout le confort.<\/p>\n","protected":false},"excerpt":{"rendered":"<p>Les 64 chambres de l&rsquo;h\u00f4tel Kyrie, r\u00e9parties entre le b\u00e2timent principal et les villas immerg\u00e9es dans le vert de la pin\u00e8de, offrent une d\u00e9tente bien m\u00e9rit\u00e9e apr\u00e8s une journ\u00e9e \u00e0 la plage ou une promenade en bateau. Les grands espaces, le mobilier simple et fonctionnel sont accueillants et \u00e9quip\u00e9s de tout le confort.<\/p>\n","protected":false},"author":36,"featured_media":0,"parent":0,"menu_order":10,"comment_status":"closed","ping_status":"closed","template":"template-rooms.php","meta":{"footnotes":""},"class_list":["post-41","page","type-page","status-publish","hentry"],"yoast_head":"<!-- This site is optimized with the Yoast SEO plugin v26.9 - https:\/\/yoast.com\/product\/yoast-seo-wordpress\/ -->\n<title>Chambres - Hotel Kyrie -<\/title>\n<meta name=\"description\" content=\"Les 64 chambres de l&#039;h\u00f4tel Kyrie, r\u00e9parties entre le b\u00e2timent principal et les villas immerg\u00e9es dans le vert de la pin\u00e8de, offrent une d\u00e9tente bien m\u00e9rit\u00e9e apr\u00e8s une journ\u00e9e \u00e0 la plage ou une promenade en bateau. Les grands espaces, le mobilier simple et fonctionnel sont accueillants et \u00e9quip\u00e9s de tout le confort.\" \/>\n<meta name=\"robots\" content=\"index, follow, max-snippet:-1, max-image-preview:large, max-video-preview:-1\" \/>\n<link rel=\"canonical\" href=\"https:\/\/www.hotelkyrietremiti.it\/fr\/chambres\/\" \/>\n<meta property=\"og:locale\" content=\"fr_FR\" \/>\n<meta property=\"og:type\" content=\"article\" \/>\n<meta property=\"og:title\" content=\"Chambres - Hotel Kyrie -\" \/>\n<meta property=\"og:description\" content=\"Les 64 chambres de l&#039;h\u00f4tel Kyrie, r\u00e9parties entre le b\u00e2timent principal et les villas immerg\u00e9es dans le vert de la pin\u00e8de, offrent une d\u00e9tente bien m\u00e9rit\u00e9e apr\u00e8s une journ\u00e9e \u00e0 la plage ou une promenade en bateau. Les grands espaces, le mobilier simple et fonctionnel sont accueillants et \u00e9quip\u00e9s de tout le confort.\" \/>\n<meta property=\"og:url\" content=\"https:\/\/www.hotelkyrietremiti.it\/fr\/chambres\/\" \/>\n<meta property=\"og:site_name\" content=\"Hotel Kyrie\" \/>\n<meta property=\"article:modified_time\" content=\"2021-04-29T07:14:26+00:00\" \/>\n<meta name=\"twitter:card\" content=\"summary_large_image\" \/>\n<script type=\"application\/ld+json\" class=\"yoast-schema-graph\">{\"@context\":\"https:\/\/schema.org\",\"@graph\":[{\"@type\":\"WebPage\",\"@id\":\"https:\/\/www.hotelkyrietremiti.it\/fr\/chambres\/\",\"url\":\"https:\/\/www.hotelkyrietremiti.it\/fr\/chambres\/\",\"name\":\"Chambres - Hotel Kyrie -\",\"isPartOf\":{\"@id\":\"https:\/\/www.hotelkyrietremiti.it\/fr\/#website\"},\"datePublished\":\"2021-04-27T08:30:39+00:00\",\"dateModified\":\"2021-04-29T07:14:26+00:00\",\"description\":\"Les 64 chambres de l'h\u00f4tel Kyrie, r\u00e9parties entre le b\u00e2timent principal et les villas immerg\u00e9es dans le vert de la pin\u00e8de, offrent une d\u00e9tente bien m\u00e9rit\u00e9e apr\u00e8s une journ\u00e9e \u00e0 la plage ou une promenade en bateau. Les grands espaces, le mobilier simple et fonctionnel sont accueillants et \u00e9quip\u00e9s de tout le confort.\",\"breadcrumb\":{\"@id\":\"https:\/\/www.hotelkyrietremiti.it\/fr\/chambres\/#breadcrumb\"},\"inLanguage\":\"fr-FR\",\"potentialAction\":[{\"@type\":\"ReadAction\",\"target\":[\"https:\/\/www.hotelkyrietremiti.it\/fr\/chambres\/\"]}]},{\"@type\":\"BreadcrumbList\",\"@id\":\"https:\/\/www.hotelkyrietremiti.it\/fr\/chambres\/#breadcrumb\",\"itemListElement\":[{\"@type\":\"ListItem\",\"position\":1,\"name\":\"Home\",\"item\":\"https:\/\/www.hotelkyrietremiti.it\/fr\/\"},{\"@type\":\"ListItem\",\"position\":2,\"name\":\"Chambres\"}]},{\"@type\":\"WebSite\",\"@id\":\"https:\/\/www.hotelkyrietremiti.it\/fr\/#website\",\"url\":\"https:\/\/www.hotelkyrietremiti.it\/fr\/\",\"name\":\"Hotel Kyrie\",\"description\":\"Just another ms.decms.eu site\",\"potentialAction\":[{\"@type\":\"SearchAction\",\"target\":{\"@type\":\"EntryPoint\",\"urlTemplate\":\"https:\/\/www.hotelkyrietremiti.it\/fr\/?s={search_term_string}\"},\"query-input\":{\"@type\":\"PropertyValueSpecification\",\"valueRequired\":true,\"valueName\":\"search_term_string\"}}],\"inLanguage\":\"fr-FR\"}]}<\/script>\n<!-- \/ Yoast SEO plugin. -->","yoast_head_json":{"title":"Chambres - Hotel Kyrie -","description":"Les 64 chambres de l'h\u00f4tel Kyrie, r\u00e9parties entre le b\u00e2timent principal et les villas immerg\u00e9es dans le vert de la pin\u00e8de, offrent une d\u00e9tente bien m\u00e9rit\u00e9e apr\u00e8s une journ\u00e9e \u00e0 la plage ou une promenade en bateau. Les grands espaces, le mobilier simple et fonctionnel sont accueillants et \u00e9quip\u00e9s de tout le confort.","robots":{"index":"index","follow":"follow","max-snippet":"max-snippet:-1","max-image-preview":"max-image-preview:large","max-video-preview":"max-video-preview:-1"},"canonical":"https:\/\/www.hotelkyrietremiti.it\/fr\/chambres\/","og_locale":"fr_FR","og_type":"article","og_title":"Chambres - Hotel Kyrie -","og_description":"Les 64 chambres de l'h\u00f4tel Kyrie, r\u00e9parties entre le b\u00e2timent principal et les villas immerg\u00e9es dans le vert de la pin\u00e8de, offrent une d\u00e9tente bien m\u00e9rit\u00e9e apr\u00e8s une journ\u00e9e \u00e0 la plage ou une promenade en bateau. Les grands espaces, le mobilier simple et fonctionnel sont accueillants et \u00e9quip\u00e9s de tout le confort.","og_url":"https:\/\/www.hotelkyrietremiti.it\/fr\/chambres\/","og_site_name":"Hotel Kyrie","article_modified_time":"2021-04-29T07:14:26+00:00","twitter_card":"summary_large_image","schema":{"@context":"https:\/\/schema.org","@graph":[{"@type":"WebPage","@id":"https:\/\/www.hotelkyrietremiti.it\/fr\/chambres\/","url":"https:\/\/www.hotelkyrietremiti.it\/fr\/chambres\/","name":"Chambres - Hotel Kyrie -","isPartOf":{"@id":"https:\/\/www.hotelkyrietremiti.it\/fr\/#website"},"datePublished":"2021-04-27T08:30:39+00:00","dateModified":"2021-04-29T07:14:26+00:00","description":"Les 64 chambres de l'h\u00f4tel Kyrie, r\u00e9parties entre le b\u00e2timent principal et les villas immerg\u00e9es dans le vert de la pin\u00e8de, offrent une d\u00e9tente bien m\u00e9rit\u00e9e apr\u00e8s une journ\u00e9e \u00e0 la plage ou une promenade en bateau. Les grands espaces, le mobilier simple et fonctionnel sont accueillants et \u00e9quip\u00e9s de tout le confort.","breadcrumb":{"@id":"https:\/\/www.hotelkyrietremiti.it\/fr\/chambres\/#breadcrumb"},"inLanguage":"fr-FR","potentialAction":[{"@type":"ReadAction","target":["https:\/\/www.hotelkyrietremiti.it\/fr\/chambres\/"]}]},{"@type":"BreadcrumbList","@id":"https:\/\/www.hotelkyrietremiti.it\/fr\/chambres\/#breadcrumb","itemListElement":[{"@type":"ListItem","position":1,"name":"Home","item":"https:\/\/www.hotelkyrietremiti.it\/fr\/"},{"@type":"ListItem","position":2,"name":"Chambres"}]},{"@type":"WebSite","@id":"https:\/\/www.hotelkyrietremiti.it\/fr\/#website","url":"https:\/\/www.hotelkyrietremiti.it\/fr\/","name":"Hotel Kyrie","description":"Just another ms.decms.eu site","potentialAction":[{"@type":"SearchAction","target":{"@type":"EntryPoint","urlTemplate":"https:\/\/www.hotelkyrietremiti.it\/fr\/?s={search_term_string}"},"query-input":{"@type":"PropertyValueSpecification","valueRequired":true,"valueName":"search_term_string"}}],"inLanguage":"fr-FR"}]}},"acf":[],"_links":{"self":[{"href":"https:\/\/www.hotelkyrietremiti.it\/fr\/wp-json\/wp\/v2\/pages\/41","targetHints":{"allow":["GET"]}}],"collection":[{"href":"https:\/\/www.hotelkyrietremiti.it\/fr\/wp-json\/wp\/v2\/pages"}],"about":[{"href":"https:\/\/www.hotelkyrietremiti.it\/fr\/wp-json\/wp\/v2\/types\/page"}],"author":[{"embeddable":true,"href":"https:\/\/www.hotelkyrietremiti.it\/fr\/wp-json\/wp\/v2\/users\/36"}],"replies":[{"embeddable":true,"href":"https:\/\/www.hotelkyrietremiti.it\/fr\/wp-json\/wp\/v2\/comments?post=41"}],"version-history":[{"count":0,"href":"https:\/\/www.hotelkyrietremiti.it\/fr\/wp-json\/wp\/v2\/pages\/41\/revisions"}],"wp:attachment":[{"href":"https:\/\/www.hotelkyrietremiti.it\/fr\/wp-json\/wp\/v2\/media?parent=41"}],"curies":[{"name":"wp","href":"https:\/\/api.w.org\/{rel}","templated":true}]}}