{"id":185,"date":"2021-04-28T08:14:27","date_gmt":"2021-04-28T08:14:27","guid":{"rendered":"http:\/\/hotel-kyrie.ms.decms.eu\/?page_id=185"},"modified":"2021-04-28T08:25:43","modified_gmt":"2021-04-28T08:25:43","slug":"gastronomie","status":"publish","type":"page","link":"https:\/\/www.hotelkyrietremiti.it\/fr\/gastronomie\/","title":{"rendered":"Gastronomie"},"content":{"rendered":"<p>L\u2019orgueil de l\u2019h\u00f4tel Kyrie est sans aucun doute son <strong>restaurant<\/strong>, qui se distingue par la qualit\u00e9 de ses <strong>menus \u00e0 base de poisson tr\u00e8s frais<\/strong>, p\u00each\u00e9 dans les eaux locales et servi \u00e0 table le jour m\u00eame, et inspir\u00e9s aux plats typiques des \u00eeles Tremiti.<\/p>\n<p>La cuisine de l\u2019h\u00f4tel trouve ses atouts dans la qualit\u00e9 sup\u00e9rieure des ingr\u00e9dients et des <strong>mati\u00e8res premi\u00e8res, fra\u00eeches, authentiques et \u00e0 kilom\u00e8tre z\u00e9ro<\/strong>, et dans la simplicit\u00e9 de ses propositions, comme le veut la v\u00e9ritable tradition m\u00e9diterran\u00e9enne. Ses plats sont d\u00e9gust\u00e9s dans une ambiance simple mais soign\u00e9e, lumineuse et fra\u00eeche, avec vue sur la <strong>belle pin\u00e8de<\/strong> environnante.<\/p>\n","protected":false},"excerpt":{"rendered":"<p>L\u2019orgueil de l\u2019h\u00f4tel Kyrie est sans aucun doute son restaurant, qui se distingue par la qualit\u00e9 de ses menus \u00e0 base de poisson tr\u00e8s frais, p\u00each\u00e9 dans les eaux locales et servi \u00e0 table le jour m\u00eame, et inspir\u00e9s aux plats typiques des \u00eeles Tremiti. La cuisine de l\u2019h\u00f4tel trouve ses atouts dans la qualit\u00e9 [&hellip;]<\/p>\n","protected":false},"author":36,"featured_media":0,"parent":0,"menu_order":50,"comment_status":"closed","ping_status":"closed","template":"template-restaurants.php","meta":{"footnotes":""},"class_list":["post-185","page","type-page","status-publish","hentry"],"yoast_head":"<!-- This site is optimized with the Yoast SEO plugin v26.9 - https:\/\/yoast.com\/product\/yoast-seo-wordpress\/ -->\n<title>Gastronomie - Hotel Kyrie -<\/title>\n<meta name=\"description\" content=\"L\u2019orgueil de l\u2019h\u00f4tel Kyrie est sans aucun doute son restaurant, qui se distingue par la qualit\u00e9 de ses menus \u00e0 base de poisson tr\u00e8s frais, p\u00each\u00e9 dans les eaux locales et servi \u00e0 table le jour m\u00eame, et inspir\u00e9s aux plats typiques des \u00eeles Tremiti.  La cuisine de l\u2019h\u00f4tel trouve ses atouts dans la qualit\u00e9 sup\u00e9rieure des ingr\u00e9dients et des mati\u00e8res premi\u00e8res, fra\u00eeches, authentiques et \u00e0 kilom\u00e8tre z\u00e9ro, et dans la simplicit\u00e9 de ses propositions, comme le veut la v\u00e9ritable tradition m\u00e9diterran\u00e9enne. Ses plats sont d\u00e9gust\u00e9s dans une ambiance simple mais soign\u00e9e, lumineuse et fra\u00eeche, avec vue sur la belle pin\u00e8de environnante.\" \/>\n<meta name=\"robots\" content=\"index, follow, max-snippet:-1, max-image-preview:large, max-video-preview:-1\" \/>\n<link rel=\"canonical\" href=\"https:\/\/www.hotelkyrietremiti.it\/fr\/gastronomie\/\" \/>\n<meta property=\"og:locale\" content=\"fr_FR\" \/>\n<meta property=\"og:type\" content=\"article\" \/>\n<meta property=\"og:title\" content=\"Gastronomie - Hotel Kyrie -\" \/>\n<meta property=\"og:description\" content=\"L\u2019orgueil de l\u2019h\u00f4tel Kyrie est sans aucun doute son restaurant, qui se distingue par la qualit\u00e9 de ses menus \u00e0 base de poisson tr\u00e8s frais, p\u00each\u00e9 dans les eaux locales et servi \u00e0 table le jour m\u00eame, et inspir\u00e9s aux plats typiques des \u00eeles Tremiti.  La cuisine de l\u2019h\u00f4tel trouve ses atouts dans la qualit\u00e9 sup\u00e9rieure des ingr\u00e9dients et des mati\u00e8res premi\u00e8res, fra\u00eeches, authentiques et \u00e0 kilom\u00e8tre z\u00e9ro, et dans la simplicit\u00e9 de ses propositions, comme le veut la v\u00e9ritable tradition m\u00e9diterran\u00e9enne. Ses plats sont d\u00e9gust\u00e9s dans une ambiance simple mais soign\u00e9e, lumineuse et fra\u00eeche, avec vue sur la belle pin\u00e8de environnante.\" \/>\n<meta property=\"og:url\" content=\"https:\/\/www.hotelkyrietremiti.it\/fr\/gastronomie\/\" \/>\n<meta property=\"og:site_name\" content=\"Hotel Kyrie\" \/>\n<meta property=\"article:modified_time\" content=\"2021-04-28T08:25:43+00:00\" \/>\n<meta name=\"twitter:card\" content=\"summary_large_image\" \/>\n<meta name=\"twitter:label1\" content=\"Dur\u00e9e de lecture estim\u00e9e\" \/>\n\t<meta name=\"twitter:data1\" content=\"1 minute\" \/>\n<script type=\"application\/ld+json\" class=\"yoast-schema-graph\">{\"@context\":\"https:\/\/schema.org\",\"@graph\":[{\"@type\":\"WebPage\",\"@id\":\"https:\/\/www.hotelkyrietremiti.it\/fr\/gastronomie\/\",\"url\":\"https:\/\/www.hotelkyrietremiti.it\/fr\/gastronomie\/\",\"name\":\"Gastronomie - Hotel Kyrie -\",\"isPartOf\":{\"@id\":\"https:\/\/www.hotelkyrietremiti.it\/fr\/#website\"},\"datePublished\":\"2021-04-28T08:14:27+00:00\",\"dateModified\":\"2021-04-28T08:25:43+00:00\",\"description\":\"L\u2019orgueil de l\u2019h\u00f4tel Kyrie est sans aucun doute son restaurant, qui se distingue par la qualit\u00e9 de ses menus \u00e0 base de poisson tr\u00e8s frais, p\u00each\u00e9 dans les eaux locales et servi \u00e0 table le jour m\u00eame, et inspir\u00e9s aux plats typiques des \u00eeles Tremiti. La cuisine de l\u2019h\u00f4tel trouve ses atouts dans la qualit\u00e9 sup\u00e9rieure des ingr\u00e9dients et des mati\u00e8res premi\u00e8res, fra\u00eeches, authentiques et \u00e0 kilom\u00e8tre z\u00e9ro, et dans la simplicit\u00e9 de ses propositions, comme le veut la v\u00e9ritable tradition m\u00e9diterran\u00e9enne. Ses plats sont d\u00e9gust\u00e9s dans une ambiance simple mais soign\u00e9e, lumineuse et fra\u00eeche, avec vue sur la belle pin\u00e8de environnante.\",\"breadcrumb\":{\"@id\":\"https:\/\/www.hotelkyrietremiti.it\/fr\/gastronomie\/#breadcrumb\"},\"inLanguage\":\"fr-FR\",\"potentialAction\":[{\"@type\":\"ReadAction\",\"target\":[\"https:\/\/www.hotelkyrietremiti.it\/fr\/gastronomie\/\"]}]},{\"@type\":\"BreadcrumbList\",\"@id\":\"https:\/\/www.hotelkyrietremiti.it\/fr\/gastronomie\/#breadcrumb\",\"itemListElement\":[{\"@type\":\"ListItem\",\"position\":1,\"name\":\"Home\",\"item\":\"https:\/\/www.hotelkyrietremiti.it\/fr\/\"},{\"@type\":\"ListItem\",\"position\":2,\"name\":\"Gastronomie\"}]},{\"@type\":\"WebSite\",\"@id\":\"https:\/\/www.hotelkyrietremiti.it\/fr\/#website\",\"url\":\"https:\/\/www.hotelkyrietremiti.it\/fr\/\",\"name\":\"Hotel Kyrie\",\"description\":\"Just another ms.decms.eu site\",\"potentialAction\":[{\"@type\":\"SearchAction\",\"target\":{\"@type\":\"EntryPoint\",\"urlTemplate\":\"https:\/\/www.hotelkyrietremiti.it\/fr\/?s={search_term_string}\"},\"query-input\":{\"@type\":\"PropertyValueSpecification\",\"valueRequired\":true,\"valueName\":\"search_term_string\"}}],\"inLanguage\":\"fr-FR\"}]}<\/script>\n<!-- \/ Yoast SEO plugin. -->","yoast_head_json":{"title":"Gastronomie - Hotel Kyrie -","description":"L\u2019orgueil de l\u2019h\u00f4tel Kyrie est sans aucun doute son restaurant, qui se distingue par la qualit\u00e9 de ses menus \u00e0 base de poisson tr\u00e8s frais, p\u00each\u00e9 dans les eaux locales et servi \u00e0 table le jour m\u00eame, et inspir\u00e9s aux plats typiques des \u00eeles Tremiti.  La cuisine de l\u2019h\u00f4tel trouve ses atouts dans la qualit\u00e9 sup\u00e9rieure des ingr\u00e9dients et des mati\u00e8res premi\u00e8res, fra\u00eeches, authentiques et \u00e0 kilom\u00e8tre z\u00e9ro, et dans la simplicit\u00e9 de ses propositions, comme le veut la v\u00e9ritable tradition m\u00e9diterran\u00e9enne. Ses plats sont d\u00e9gust\u00e9s dans une ambiance simple mais soign\u00e9e, lumineuse et fra\u00eeche, avec vue sur la belle pin\u00e8de environnante.","robots":{"index":"index","follow":"follow","max-snippet":"max-snippet:-1","max-image-preview":"max-image-preview:large","max-video-preview":"max-video-preview:-1"},"canonical":"https:\/\/www.hotelkyrietremiti.it\/fr\/gastronomie\/","og_locale":"fr_FR","og_type":"article","og_title":"Gastronomie - Hotel Kyrie -","og_description":"L\u2019orgueil de l\u2019h\u00f4tel Kyrie est sans aucun doute son restaurant, qui se distingue par la qualit\u00e9 de ses menus \u00e0 base de poisson tr\u00e8s frais, p\u00each\u00e9 dans les eaux locales et servi \u00e0 table le jour m\u00eame, et inspir\u00e9s aux plats typiques des \u00eeles Tremiti.  La cuisine de l\u2019h\u00f4tel trouve ses atouts dans la qualit\u00e9 sup\u00e9rieure des ingr\u00e9dients et des mati\u00e8res premi\u00e8res, fra\u00eeches, authentiques et \u00e0 kilom\u00e8tre z\u00e9ro, et dans la simplicit\u00e9 de ses propositions, comme le veut la v\u00e9ritable tradition m\u00e9diterran\u00e9enne. Ses plats sont d\u00e9gust\u00e9s dans une ambiance simple mais soign\u00e9e, lumineuse et fra\u00eeche, avec vue sur la belle pin\u00e8de environnante.","og_url":"https:\/\/www.hotelkyrietremiti.it\/fr\/gastronomie\/","og_site_name":"Hotel Kyrie","article_modified_time":"2021-04-28T08:25:43+00:00","twitter_card":"summary_large_image","twitter_misc":{"Dur\u00e9e de lecture estim\u00e9e":"1 minute"},"schema":{"@context":"https:\/\/schema.org","@graph":[{"@type":"WebPage","@id":"https:\/\/www.hotelkyrietremiti.it\/fr\/gastronomie\/","url":"https:\/\/www.hotelkyrietremiti.it\/fr\/gastronomie\/","name":"Gastronomie - Hotel Kyrie -","isPartOf":{"@id":"https:\/\/www.hotelkyrietremiti.it\/fr\/#website"},"datePublished":"2021-04-28T08:14:27+00:00","dateModified":"2021-04-28T08:25:43+00:00","description":"L\u2019orgueil de l\u2019h\u00f4tel Kyrie est sans aucun doute son restaurant, qui se distingue par la qualit\u00e9 de ses menus \u00e0 base de poisson tr\u00e8s frais, p\u00each\u00e9 dans les eaux locales et servi \u00e0 table le jour m\u00eame, et inspir\u00e9s aux plats typiques des \u00eeles Tremiti. La cuisine de l\u2019h\u00f4tel trouve ses atouts dans la qualit\u00e9 sup\u00e9rieure des ingr\u00e9dients et des mati\u00e8res premi\u00e8res, fra\u00eeches, authentiques et \u00e0 kilom\u00e8tre z\u00e9ro, et dans la simplicit\u00e9 de ses propositions, comme le veut la v\u00e9ritable tradition m\u00e9diterran\u00e9enne. Ses plats sont d\u00e9gust\u00e9s dans une ambiance simple mais soign\u00e9e, lumineuse et fra\u00eeche, avec vue sur la belle pin\u00e8de environnante.","breadcrumb":{"@id":"https:\/\/www.hotelkyrietremiti.it\/fr\/gastronomie\/#breadcrumb"},"inLanguage":"fr-FR","potentialAction":[{"@type":"ReadAction","target":["https:\/\/www.hotelkyrietremiti.it\/fr\/gastronomie\/"]}]},{"@type":"BreadcrumbList","@id":"https:\/\/www.hotelkyrietremiti.it\/fr\/gastronomie\/#breadcrumb","itemListElement":[{"@type":"ListItem","position":1,"name":"Home","item":"https:\/\/www.hotelkyrietremiti.it\/fr\/"},{"@type":"ListItem","position":2,"name":"Gastronomie"}]},{"@type":"WebSite","@id":"https:\/\/www.hotelkyrietremiti.it\/fr\/#website","url":"https:\/\/www.hotelkyrietremiti.it\/fr\/","name":"Hotel Kyrie","description":"Just another ms.decms.eu site","potentialAction":[{"@type":"SearchAction","target":{"@type":"EntryPoint","urlTemplate":"https:\/\/www.hotelkyrietremiti.it\/fr\/?s={search_term_string}"},"query-input":{"@type":"PropertyValueSpecification","valueRequired":true,"valueName":"search_term_string"}}],"inLanguage":"fr-FR"}]}},"acf":[],"_links":{"self":[{"href":"https:\/\/www.hotelkyrietremiti.it\/fr\/wp-json\/wp\/v2\/pages\/185","targetHints":{"allow":["GET"]}}],"collection":[{"href":"https:\/\/www.hotelkyrietremiti.it\/fr\/wp-json\/wp\/v2\/pages"}],"about":[{"href":"https:\/\/www.hotelkyrietremiti.it\/fr\/wp-json\/wp\/v2\/types\/page"}],"author":[{"embeddable":true,"href":"https:\/\/www.hotelkyrietremiti.it\/fr\/wp-json\/wp\/v2\/users\/36"}],"replies":[{"embeddable":true,"href":"https:\/\/www.hotelkyrietremiti.it\/fr\/wp-json\/wp\/v2\/comments?post=185"}],"version-history":[{"count":0,"href":"https:\/\/www.hotelkyrietremiti.it\/fr\/wp-json\/wp\/v2\/pages\/185\/revisions"}],"wp:attachment":[{"href":"https:\/\/www.hotelkyrietremiti.it\/fr\/wp-json\/wp\/v2\/media?parent=185"}],"curies":[{"name":"wp","href":"https:\/\/api.w.org\/{rel}","templated":true}]}}