{"id":118,"date":"2021-04-27T12:44:10","date_gmt":"2021-04-27T12:44:10","guid":{"rendered":"http:\/\/hotel-kyrie.ms.decms.eu\/?page_id=118"},"modified":"2023-03-07T13:33:27","modified_gmt":"2023-03-07T13:33:27","slug":"services","status":"publish","type":"page","link":"https:\/\/www.hotelkyrietremiti.it\/fr\/services\/","title":{"rendered":"Services"},"content":{"rendered":"<p>M\u00eame dans un paradis naturel comme celui-ci, hors des circuits touristiques de masse et loin des bruits de la vie urbaine, les occasions de se d\u00e9dier au loisir, de pratiquer des activit\u00e9s sportives ou tout simplement de se d\u00e9dier \u00e0 une saine d\u00e9tente ne manquent pas.<\/p>\n<p>Caletta Tramontana, plate-forme priv\u00e9e et \u00e9quip\u00e9e avec 1 parasol, 1 table et 2 chaises longues, il y a un suppl\u00e9ment payant.<\/p>\n","protected":false},"excerpt":{"rendered":"<p>M\u00eame dans un paradis naturel comme celui-ci, hors des circuits touristiques de masse et loin des bruits de la vie urbaine, les occasions de se d\u00e9dier au loisir, de pratiquer des activit\u00e9s sportives ou tout simplement de se d\u00e9dier \u00e0 une saine d\u00e9tente ne manquent pas. Caletta Tramontana, plate-forme priv\u00e9e et \u00e9quip\u00e9e avec 1 parasol, [&hellip;]<\/p>\n","protected":false},"author":36,"featured_media":0,"parent":0,"menu_order":20,"comment_status":"closed","ping_status":"closed","template":"template-services.php","meta":{"footnotes":""},"class_list":["post-118","page","type-page","status-publish","hentry"],"yoast_head":"<!-- This site is optimized with the Yoast SEO plugin v26.9 - https:\/\/yoast.com\/product\/yoast-seo-wordpress\/ -->\n<title>Services - Hotel Kyrie -<\/title>\n<meta name=\"description\" content=\"M\u00eame dans un paradis naturel comme celui-ci, hors des circuits touristiques de masse et loin des bruits de la vie urbaine, les occasions de se d\u00e9dier au loisir, de pratiquer des activit\u00e9s sportives ou tout simplement de se d\u00e9dier \u00e0 une saine d\u00e9tente ne manquent pas.  Caletta Tramontana, plate-forme priv\u00e9e et \u00e9quip\u00e9e avec 1 parasol, 1 table et 2 chaises longues, il y a un suppl\u00e9ment payant..\" \/>\n<meta name=\"robots\" content=\"index, follow, max-snippet:-1, max-image-preview:large, max-video-preview:-1\" \/>\n<link rel=\"canonical\" href=\"https:\/\/www.hotelkyrietremiti.it\/fr\/services\/\" \/>\n<meta property=\"og:locale\" content=\"fr_FR\" \/>\n<meta property=\"og:type\" content=\"article\" \/>\n<meta property=\"og:title\" content=\"Services - Hotel Kyrie -\" \/>\n<meta property=\"og:description\" content=\"M\u00eame dans un paradis naturel comme celui-ci, hors des circuits touristiques de masse et loin des bruits de la vie urbaine, les occasions de se d\u00e9dier au loisir, de pratiquer des activit\u00e9s sportives ou tout simplement de se d\u00e9dier \u00e0 une saine d\u00e9tente ne manquent pas.  Caletta Tramontana, plate-forme priv\u00e9e et \u00e9quip\u00e9e avec 1 parasol, 1 table et 2 chaises longues, il y a un suppl\u00e9ment payant..\" \/>\n<meta property=\"og:url\" content=\"https:\/\/www.hotelkyrietremiti.it\/fr\/services\/\" \/>\n<meta property=\"og:site_name\" content=\"Hotel Kyrie\" \/>\n<meta property=\"article:modified_time\" content=\"2023-03-07T13:33:27+00:00\" \/>\n<meta name=\"twitter:card\" content=\"summary_large_image\" \/>\n<meta name=\"twitter:label1\" content=\"Dur\u00e9e de lecture estim\u00e9e\" \/>\n\t<meta name=\"twitter:data1\" content=\"1 minute\" \/>\n<script type=\"application\/ld+json\" class=\"yoast-schema-graph\">{\"@context\":\"https:\/\/schema.org\",\"@graph\":[{\"@type\":\"WebPage\",\"@id\":\"https:\/\/www.hotelkyrietremiti.it\/fr\/services\/\",\"url\":\"https:\/\/www.hotelkyrietremiti.it\/fr\/services\/\",\"name\":\"Services - Hotel Kyrie -\",\"isPartOf\":{\"@id\":\"https:\/\/www.hotelkyrietremiti.it\/fr\/#website\"},\"datePublished\":\"2021-04-27T12:44:10+00:00\",\"dateModified\":\"2023-03-07T13:33:27+00:00\",\"description\":\"M\u00eame dans un paradis naturel comme celui-ci, hors des circuits touristiques de masse et loin des bruits de la vie urbaine, les occasions de se d\u00e9dier au loisir, de pratiquer des activit\u00e9s sportives ou tout simplement de se d\u00e9dier \u00e0 une saine d\u00e9tente ne manquent pas. Caletta Tramontana, plate-forme priv\u00e9e et \u00e9quip\u00e9e avec 1 parasol, 1 table et 2 chaises longues, il y a un suppl\u00e9ment payant..\",\"breadcrumb\":{\"@id\":\"https:\/\/www.hotelkyrietremiti.it\/fr\/services\/#breadcrumb\"},\"inLanguage\":\"fr-FR\",\"potentialAction\":[{\"@type\":\"ReadAction\",\"target\":[\"https:\/\/www.hotelkyrietremiti.it\/fr\/services\/\"]}]},{\"@type\":\"BreadcrumbList\",\"@id\":\"https:\/\/www.hotelkyrietremiti.it\/fr\/services\/#breadcrumb\",\"itemListElement\":[{\"@type\":\"ListItem\",\"position\":1,\"name\":\"Home\",\"item\":\"https:\/\/www.hotelkyrietremiti.it\/fr\/\"},{\"@type\":\"ListItem\",\"position\":2,\"name\":\"Services\"}]},{\"@type\":\"WebSite\",\"@id\":\"https:\/\/www.hotelkyrietremiti.it\/fr\/#website\",\"url\":\"https:\/\/www.hotelkyrietremiti.it\/fr\/\",\"name\":\"Hotel Kyrie\",\"description\":\"Just another ms.decms.eu site\",\"potentialAction\":[{\"@type\":\"SearchAction\",\"target\":{\"@type\":\"EntryPoint\",\"urlTemplate\":\"https:\/\/www.hotelkyrietremiti.it\/fr\/?s={search_term_string}\"},\"query-input\":{\"@type\":\"PropertyValueSpecification\",\"valueRequired\":true,\"valueName\":\"search_term_string\"}}],\"inLanguage\":\"fr-FR\"}]}<\/script>\n<!-- \/ Yoast SEO plugin. -->","yoast_head_json":{"title":"Services - Hotel Kyrie -","description":"M\u00eame dans un paradis naturel comme celui-ci, hors des circuits touristiques de masse et loin des bruits de la vie urbaine, les occasions de se d\u00e9dier au loisir, de pratiquer des activit\u00e9s sportives ou tout simplement de se d\u00e9dier \u00e0 une saine d\u00e9tente ne manquent pas.  Caletta Tramontana, plate-forme priv\u00e9e et \u00e9quip\u00e9e avec 1 parasol, 1 table et 2 chaises longues, il y a un suppl\u00e9ment payant..","robots":{"index":"index","follow":"follow","max-snippet":"max-snippet:-1","max-image-preview":"max-image-preview:large","max-video-preview":"max-video-preview:-1"},"canonical":"https:\/\/www.hotelkyrietremiti.it\/fr\/services\/","og_locale":"fr_FR","og_type":"article","og_title":"Services - Hotel Kyrie -","og_description":"M\u00eame dans un paradis naturel comme celui-ci, hors des circuits touristiques de masse et loin des bruits de la vie urbaine, les occasions de se d\u00e9dier au loisir, de pratiquer des activit\u00e9s sportives ou tout simplement de se d\u00e9dier \u00e0 une saine d\u00e9tente ne manquent pas.  Caletta Tramontana, plate-forme priv\u00e9e et \u00e9quip\u00e9e avec 1 parasol, 1 table et 2 chaises longues, il y a un suppl\u00e9ment payant..","og_url":"https:\/\/www.hotelkyrietremiti.it\/fr\/services\/","og_site_name":"Hotel Kyrie","article_modified_time":"2023-03-07T13:33:27+00:00","twitter_card":"summary_large_image","twitter_misc":{"Dur\u00e9e de lecture estim\u00e9e":"1 minute"},"schema":{"@context":"https:\/\/schema.org","@graph":[{"@type":"WebPage","@id":"https:\/\/www.hotelkyrietremiti.it\/fr\/services\/","url":"https:\/\/www.hotelkyrietremiti.it\/fr\/services\/","name":"Services - Hotel Kyrie -","isPartOf":{"@id":"https:\/\/www.hotelkyrietremiti.it\/fr\/#website"},"datePublished":"2021-04-27T12:44:10+00:00","dateModified":"2023-03-07T13:33:27+00:00","description":"M\u00eame dans un paradis naturel comme celui-ci, hors des circuits touristiques de masse et loin des bruits de la vie urbaine, les occasions de se d\u00e9dier au loisir, de pratiquer des activit\u00e9s sportives ou tout simplement de se d\u00e9dier \u00e0 une saine d\u00e9tente ne manquent pas. Caletta Tramontana, plate-forme priv\u00e9e et \u00e9quip\u00e9e avec 1 parasol, 1 table et 2 chaises longues, il y a un suppl\u00e9ment payant..","breadcrumb":{"@id":"https:\/\/www.hotelkyrietremiti.it\/fr\/services\/#breadcrumb"},"inLanguage":"fr-FR","potentialAction":[{"@type":"ReadAction","target":["https:\/\/www.hotelkyrietremiti.it\/fr\/services\/"]}]},{"@type":"BreadcrumbList","@id":"https:\/\/www.hotelkyrietremiti.it\/fr\/services\/#breadcrumb","itemListElement":[{"@type":"ListItem","position":1,"name":"Home","item":"https:\/\/www.hotelkyrietremiti.it\/fr\/"},{"@type":"ListItem","position":2,"name":"Services"}]},{"@type":"WebSite","@id":"https:\/\/www.hotelkyrietremiti.it\/fr\/#website","url":"https:\/\/www.hotelkyrietremiti.it\/fr\/","name":"Hotel Kyrie","description":"Just another ms.decms.eu site","potentialAction":[{"@type":"SearchAction","target":{"@type":"EntryPoint","urlTemplate":"https:\/\/www.hotelkyrietremiti.it\/fr\/?s={search_term_string}"},"query-input":{"@type":"PropertyValueSpecification","valueRequired":true,"valueName":"search_term_string"}}],"inLanguage":"fr-FR"}]}},"acf":[],"_links":{"self":[{"href":"https:\/\/www.hotelkyrietremiti.it\/fr\/wp-json\/wp\/v2\/pages\/118","targetHints":{"allow":["GET"]}}],"collection":[{"href":"https:\/\/www.hotelkyrietremiti.it\/fr\/wp-json\/wp\/v2\/pages"}],"about":[{"href":"https:\/\/www.hotelkyrietremiti.it\/fr\/wp-json\/wp\/v2\/types\/page"}],"author":[{"embeddable":true,"href":"https:\/\/www.hotelkyrietremiti.it\/fr\/wp-json\/wp\/v2\/users\/36"}],"replies":[{"embeddable":true,"href":"https:\/\/www.hotelkyrietremiti.it\/fr\/wp-json\/wp\/v2\/comments?post=118"}],"version-history":[{"count":0,"href":"https:\/\/www.hotelkyrietremiti.it\/fr\/wp-json\/wp\/v2\/pages\/118\/revisions"}],"wp:attachment":[{"href":"https:\/\/www.hotelkyrietremiti.it\/fr\/wp-json\/wp\/v2\/media?parent=118"}],"curies":[{"name":"wp","href":"https:\/\/api.w.org\/{rel}","templated":true}]}}