{"id":9,"date":"2021-04-26T15:25:59","date_gmt":"2021-04-26T15:25:59","guid":{"rendered":"http:\/\/hotel-kyrie.ms.decms.eu\/?page_id=9"},"modified":"2025-06-11T13:12:06","modified_gmt":"2025-06-11T13:12:06","slug":"hotel-kyrie","status":"publish","type":"page","link":"https:\/\/www.hotelkyrietremiti.it\/de\/","title":{"rendered":"Hotel Kyrie"},"content":{"rendered":"<p>Im Innern eines ausgedehnten <strong>pinienwald<\/strong>, mit steil zum meer abfallenden h\u00e4ngen, vom seewasser ausgewaschenen h\u00f6hlen und <strong>kleinen buchten<\/strong>, wo sich das gr\u00fcn der mittelmeer \u201e<strong>Macchia<\/strong>\u201c aufs <strong>kobaltblau des meeres st\u00f6\u00dft<\/strong>, steht<strong> Hotel Kyrie Tremiti Inseln<\/strong>.<\/p>\n<p>Es befindet sich in einer privilegierten Lage, in der N\u00e4he des charakteristischen Dorfes San Domino und nur wenige Meter von Cala Tramontana entfernt, das \u00fcber einen unbefestigten Weg zu Fu\u00df erreichbar ist.<\/p>\n<p>Ist das Hotel von einer umwelt au\u00dfergew\u00f6hnlicher sch\u00f6nheit, weit weg vom Massentourismus, umgeben.<\/p>\n","protected":false},"excerpt":{"rendered":"<p>Im Innern eines ausgedehnten pinienwald, mit steil zum meer abfallenden h\u00e4ngen, vom seewasser ausgewaschenen h\u00f6hlen und kleinen buchten, wo sich das gr\u00fcn der mittelmeer \u201eMacchia\u201c aufs kobaltblau des meeres st\u00f6\u00dft, steht Hotel Kyrie Tremiti Inseln. Es befindet sich in einer privilegierten Lage, in der N\u00e4he des charakteristischen Dorfes San Domino und nur wenige Meter von [&hellip;]<\/p>\n","protected":false},"author":36,"featured_media":0,"parent":0,"menu_order":0,"comment_status":"closed","ping_status":"closed","template":"","meta":{"footnotes":""},"class_list":["post-9","page","type-page","status-publish","hentry"],"yoast_head":"<!-- This site is optimized with the Yoast SEO plugin v26.9 - https:\/\/yoast.com\/product\/yoast-seo-wordpress\/ -->\n<title>Hotel Kyrie Tremiti Islands - Insel San Domino<\/title>\n<meta name=\"description\" content=\"Im Innern eines ausgedehnten pinienwald, mit steil zum meer abfallenden h\u00e4ngen, vom seewasser ausgewaschenen h\u00f6hlen und kleinen buchten, wo sich das gr\u00fcn der mittelmeer \u201eMacchia\u201c aufs kobaltblau des meeres st\u00f6\u00dft, steht Hotel Kyrie Tremiti Inseln.  Es befindet sich in einer privilegierten Lage, in der N\u00e4he des charakteristischen Dorfes San Domino und nur wenige Meter von Cala Tramontana entfernt, das \u00fcber einen unbefestigten Weg zu Fu\u00df erreichbar ist.  Ist das Hotel von einer umwelt au\u00dfergew\u00f6hnlicher sch\u00f6nheit, weit weg vom Massentourismus, umgeben..\" \/>\n<meta name=\"robots\" content=\"index, follow, max-snippet:-1, max-image-preview:large, max-video-preview:-1\" \/>\n<link rel=\"canonical\" href=\"https:\/\/www.hotelkyrietremiti.it\/de\/\" \/>\n<meta property=\"og:locale\" content=\"de_DE\" \/>\n<meta property=\"og:type\" content=\"article\" \/>\n<meta property=\"og:title\" content=\"Hotel Kyrie Tremiti Islands - Insel San Domino\" \/>\n<meta property=\"og:description\" content=\"Im Innern eines ausgedehnten pinienwald, mit steil zum meer abfallenden h\u00e4ngen, vom seewasser ausgewaschenen h\u00f6hlen und kleinen buchten, wo sich das gr\u00fcn der mittelmeer \u201eMacchia\u201c aufs kobaltblau des meeres st\u00f6\u00dft, steht Hotel Kyrie Tremiti Inseln.  Es befindet sich in einer privilegierten Lage, in der N\u00e4he des charakteristischen Dorfes San Domino und nur wenige Meter von Cala Tramontana entfernt, das \u00fcber einen unbefestigten Weg zu Fu\u00df erreichbar ist.  Ist das Hotel von einer umwelt au\u00dfergew\u00f6hnlicher sch\u00f6nheit, weit weg vom Massentourismus, umgeben..\" \/>\n<meta property=\"og:url\" content=\"https:\/\/www.hotelkyrietremiti.it\/de\/\" \/>\n<meta property=\"og:site_name\" content=\"Hotel Kyrie\" \/>\n<meta property=\"article:modified_time\" content=\"2025-06-11T13:12:06+00:00\" \/>\n<meta name=\"twitter:card\" content=\"summary_large_image\" \/>\n<meta name=\"twitter:label1\" content=\"Gesch\u00e4tzte Lesezeit\" \/>\n\t<meta name=\"twitter:data1\" content=\"1 Minute\" \/>\n<script type=\"application\/ld+json\" class=\"yoast-schema-graph\">{\"@context\":\"https:\/\/schema.org\",\"@graph\":[{\"@type\":\"WebPage\",\"@id\":\"https:\/\/www.hotelkyrietremiti.it\/de\/\",\"url\":\"https:\/\/www.hotelkyrietremiti.it\/de\/\",\"name\":\"Hotel Kyrie Tremiti Islands - Insel San Domino\",\"isPartOf\":{\"@id\":\"https:\/\/www.hotelkyrietremiti.it\/de\/#website\"},\"datePublished\":\"2021-04-26T15:25:59+00:00\",\"dateModified\":\"2025-06-11T13:12:06+00:00\",\"description\":\"Im Innern eines ausgedehnten pinienwald, mit steil zum meer abfallenden h\u00e4ngen, vom seewasser ausgewaschenen h\u00f6hlen und kleinen buchten, wo sich das gr\u00fcn der mittelmeer \u201eMacchia\u201c aufs kobaltblau des meeres st\u00f6\u00dft, steht Hotel Kyrie Tremiti Inseln. Es befindet sich in einer privilegierten Lage, in der N\u00e4he des charakteristischen Dorfes San Domino und nur wenige Meter von Cala Tramontana entfernt, das \u00fcber einen unbefestigten Weg zu Fu\u00df erreichbar ist. Ist das Hotel von einer umwelt au\u00dfergew\u00f6hnlicher sch\u00f6nheit, weit weg vom Massentourismus, umgeben..\",\"breadcrumb\":{\"@id\":\"https:\/\/www.hotelkyrietremiti.it\/de\/#breadcrumb\"},\"inLanguage\":\"de-DE\",\"potentialAction\":[{\"@type\":\"ReadAction\",\"target\":[\"https:\/\/www.hotelkyrietremiti.it\/de\/\"]}]},{\"@type\":\"BreadcrumbList\",\"@id\":\"https:\/\/www.hotelkyrietremiti.it\/de\/#breadcrumb\",\"itemListElement\":[{\"@type\":\"ListItem\",\"position\":1,\"name\":\"Home\",\"item\":\"https:\/\/www.hotelkyrietremiti.it\/de\/\"},{\"@type\":\"ListItem\",\"position\":2,\"name\":\"Hotel Kyrie\"}]},{\"@type\":\"WebSite\",\"@id\":\"https:\/\/www.hotelkyrietremiti.it\/de\/#website\",\"url\":\"https:\/\/www.hotelkyrietremiti.it\/de\/\",\"name\":\"Hotel Kyrie\",\"description\":\"Just another ms.decms.eu site\",\"potentialAction\":[{\"@type\":\"SearchAction\",\"target\":{\"@type\":\"EntryPoint\",\"urlTemplate\":\"https:\/\/www.hotelkyrietremiti.it\/de\/?s={search_term_string}\"},\"query-input\":{\"@type\":\"PropertyValueSpecification\",\"valueRequired\":true,\"valueName\":\"search_term_string\"}}],\"inLanguage\":\"de-DE\"}]}<\/script>\n<!-- \/ Yoast SEO plugin. -->","yoast_head_json":{"title":"Hotel Kyrie Tremiti Islands - Insel San Domino","description":"Im Innern eines ausgedehnten pinienwald, mit steil zum meer abfallenden h\u00e4ngen, vom seewasser ausgewaschenen h\u00f6hlen und kleinen buchten, wo sich das gr\u00fcn der mittelmeer \u201eMacchia\u201c aufs kobaltblau des meeres st\u00f6\u00dft, steht Hotel Kyrie Tremiti Inseln.  Es befindet sich in einer privilegierten Lage, in der N\u00e4he des charakteristischen Dorfes San Domino und nur wenige Meter von Cala Tramontana entfernt, das \u00fcber einen unbefestigten Weg zu Fu\u00df erreichbar ist.  Ist das Hotel von einer umwelt au\u00dfergew\u00f6hnlicher sch\u00f6nheit, weit weg vom Massentourismus, umgeben..","robots":{"index":"index","follow":"follow","max-snippet":"max-snippet:-1","max-image-preview":"max-image-preview:large","max-video-preview":"max-video-preview:-1"},"canonical":"https:\/\/www.hotelkyrietremiti.it\/de\/","og_locale":"de_DE","og_type":"article","og_title":"Hotel Kyrie Tremiti Islands - Insel San Domino","og_description":"Im Innern eines ausgedehnten pinienwald, mit steil zum meer abfallenden h\u00e4ngen, vom seewasser ausgewaschenen h\u00f6hlen und kleinen buchten, wo sich das gr\u00fcn der mittelmeer \u201eMacchia\u201c aufs kobaltblau des meeres st\u00f6\u00dft, steht Hotel Kyrie Tremiti Inseln.  Es befindet sich in einer privilegierten Lage, in der N\u00e4he des charakteristischen Dorfes San Domino und nur wenige Meter von Cala Tramontana entfernt, das \u00fcber einen unbefestigten Weg zu Fu\u00df erreichbar ist.  Ist das Hotel von einer umwelt au\u00dfergew\u00f6hnlicher sch\u00f6nheit, weit weg vom Massentourismus, umgeben..","og_url":"https:\/\/www.hotelkyrietremiti.it\/de\/","og_site_name":"Hotel Kyrie","article_modified_time":"2025-06-11T13:12:06+00:00","twitter_card":"summary_large_image","twitter_misc":{"Gesch\u00e4tzte Lesezeit":"1 Minute"},"schema":{"@context":"https:\/\/schema.org","@graph":[{"@type":"WebPage","@id":"https:\/\/www.hotelkyrietremiti.it\/de\/","url":"https:\/\/www.hotelkyrietremiti.it\/de\/","name":"Hotel Kyrie Tremiti Islands - Insel San Domino","isPartOf":{"@id":"https:\/\/www.hotelkyrietremiti.it\/de\/#website"},"datePublished":"2021-04-26T15:25:59+00:00","dateModified":"2025-06-11T13:12:06+00:00","description":"Im Innern eines ausgedehnten pinienwald, mit steil zum meer abfallenden h\u00e4ngen, vom seewasser ausgewaschenen h\u00f6hlen und kleinen buchten, wo sich das gr\u00fcn der mittelmeer \u201eMacchia\u201c aufs kobaltblau des meeres st\u00f6\u00dft, steht Hotel Kyrie Tremiti Inseln. Es befindet sich in einer privilegierten Lage, in der N\u00e4he des charakteristischen Dorfes San Domino und nur wenige Meter von Cala Tramontana entfernt, das \u00fcber einen unbefestigten Weg zu Fu\u00df erreichbar ist. Ist das Hotel von einer umwelt au\u00dfergew\u00f6hnlicher sch\u00f6nheit, weit weg vom Massentourismus, umgeben..","breadcrumb":{"@id":"https:\/\/www.hotelkyrietremiti.it\/de\/#breadcrumb"},"inLanguage":"de-DE","potentialAction":[{"@type":"ReadAction","target":["https:\/\/www.hotelkyrietremiti.it\/de\/"]}]},{"@type":"BreadcrumbList","@id":"https:\/\/www.hotelkyrietremiti.it\/de\/#breadcrumb","itemListElement":[{"@type":"ListItem","position":1,"name":"Home","item":"https:\/\/www.hotelkyrietremiti.it\/de\/"},{"@type":"ListItem","position":2,"name":"Hotel Kyrie"}]},{"@type":"WebSite","@id":"https:\/\/www.hotelkyrietremiti.it\/de\/#website","url":"https:\/\/www.hotelkyrietremiti.it\/de\/","name":"Hotel Kyrie","description":"Just another ms.decms.eu site","potentialAction":[{"@type":"SearchAction","target":{"@type":"EntryPoint","urlTemplate":"https:\/\/www.hotelkyrietremiti.it\/de\/?s={search_term_string}"},"query-input":{"@type":"PropertyValueSpecification","valueRequired":true,"valueName":"search_term_string"}}],"inLanguage":"de-DE"}]}},"acf":[],"_links":{"self":[{"href":"https:\/\/www.hotelkyrietremiti.it\/de\/wp-json\/wp\/v2\/pages\/9","targetHints":{"allow":["GET"]}}],"collection":[{"href":"https:\/\/www.hotelkyrietremiti.it\/de\/wp-json\/wp\/v2\/pages"}],"about":[{"href":"https:\/\/www.hotelkyrietremiti.it\/de\/wp-json\/wp\/v2\/types\/page"}],"author":[{"embeddable":true,"href":"https:\/\/www.hotelkyrietremiti.it\/de\/wp-json\/wp\/v2\/users\/36"}],"replies":[{"embeddable":true,"href":"https:\/\/www.hotelkyrietremiti.it\/de\/wp-json\/wp\/v2\/comments?post=9"}],"version-history":[{"count":0,"href":"https:\/\/www.hotelkyrietremiti.it\/de\/wp-json\/wp\/v2\/pages\/9\/revisions"}],"wp:attachment":[{"href":"https:\/\/www.hotelkyrietremiti.it\/de\/wp-json\/wp\/v2\/media?parent=9"}],"curies":[{"name":"wp","href":"https:\/\/api.w.org\/{rel}","templated":true}]}}