{"id":59,"date":"2021-04-27T10:09:15","date_gmt":"2021-04-27T10:09:15","guid":{"rendered":"http:\/\/hotel-kyrie.ms.decms.eu\/?page_id=59"},"modified":"2025-06-09T15:58:15","modified_gmt":"2025-06-09T15:58:15","slug":"triple-zimmer","status":"publish","type":"page","link":"https:\/\/www.hotelkyrietremiti.it\/de\/zimmer\/triple-zimmer\/","title":{"rendered":"Triple Zimmer"},"content":{"rendered":"<p style=\"text-align: center\">Die <strong>triple zimmer<\/strong> des <strong>Hotel Kyrie<\/strong> stehen mitten im gr\u00fcnen des <strong>pinienwaldes<\/strong>. Der <strong>kleine eingerichtete patio<\/strong> ist ideal zum Ausruhen w\u00e4hrend man dem gesang der zikaden zuh\u00f6rt. Die Innenr\u00e4ume sind n\u00fcchtern, aber \u00e4u\u00dferst hell und bequem.<\/p>\n<p style=\"text-align: center\">Innenansicht des Kiefernwaldes<br \/>\nSHUTTLE<br \/>\nFelsiger Privatstrand<br \/>\nSchlafsofa oder Einzelbetten<\/p>\n<p style=\"text-align: center\">HAUSTIERE SIND WILLKOMMEN<\/p>\n<p style=\"text-align: center\"><strong>Aufnahmef\u00e4higkeit maximum 3 Menschen \/ 17 m\u00b2<\/strong><\/p>\n","protected":false},"excerpt":{"rendered":"<p>Die triple zimmer des Hotel Kyrie stehen mitten im gr\u00fcnen des pinienwaldes. Der kleine eingerichtete patio ist ideal zum Ausruhen w\u00e4hrend man dem gesang der zikaden zuh\u00f6rt. Die Innenr\u00e4ume sind n\u00fcchtern, aber \u00e4u\u00dferst hell und bequem. Innenansicht des Kiefernwaldes SHUTTLE Felsiger Privatstrand Schlafsofa oder Einzelbetten HAUSTIERE SIND WILLKOMMEN Aufnahmef\u00e4higkeit maximum 3 Menschen \/ 17 m\u00b2<\/p>\n","protected":false},"author":36,"featured_media":0,"parent":42,"menu_order":10,"comment_status":"closed","ping_status":"closed","template":"template-single-room.php","meta":{"footnotes":""},"class_list":["post-59","page","type-page","status-publish","hentry"],"yoast_head":"<!-- This site is optimized with the Yoast SEO plugin v26.9 - https:\/\/yoast.com\/product\/yoast-seo-wordpress\/ -->\n<title>Triple Zimmer - Hotel Kyrie -<\/title>\n<meta name=\"description\" content=\"Die triple zimmer des Hotel Kyrie stehen mitten im gr\u00fcnen des pinienwaldes. Der kleine eingerichtete patio ist ideal zum Ausruhen w\u00e4hrend man dem gesang der zikaden zuh\u00f6rt\" \/>\n<meta name=\"robots\" content=\"index, follow, max-snippet:-1, max-image-preview:large, max-video-preview:-1\" \/>\n<link rel=\"canonical\" href=\"https:\/\/www.hotelkyrietremiti.it\/de\/zimmer\/triple-zimmer\/\" \/>\n<meta property=\"og:locale\" content=\"de_DE\" \/>\n<meta property=\"og:type\" content=\"article\" \/>\n<meta property=\"og:title\" content=\"Triple Zimmer - Hotel Kyrie -\" \/>\n<meta property=\"og:description\" content=\"Die triple zimmer des Hotel Kyrie stehen mitten im gr\u00fcnen des pinienwaldes. Der kleine eingerichtete patio ist ideal zum Ausruhen w\u00e4hrend man dem gesang der zikaden zuh\u00f6rt\" \/>\n<meta property=\"og:url\" content=\"https:\/\/www.hotelkyrietremiti.it\/de\/zimmer\/triple-zimmer\/\" \/>\n<meta property=\"og:site_name\" content=\"Hotel Kyrie\" \/>\n<meta property=\"article:modified_time\" content=\"2025-06-09T15:58:15+00:00\" \/>\n<meta name=\"twitter:card\" content=\"summary_large_image\" \/>\n<meta name=\"twitter:label1\" content=\"Gesch\u00e4tzte Lesezeit\" \/>\n\t<meta name=\"twitter:data1\" content=\"1 Minute\" \/>\n<script type=\"application\/ld+json\" class=\"yoast-schema-graph\">{\"@context\":\"https:\/\/schema.org\",\"@graph\":[{\"@type\":\"WebPage\",\"@id\":\"https:\/\/www.hotelkyrietremiti.it\/de\/zimmer\/triple-zimmer\/\",\"url\":\"https:\/\/www.hotelkyrietremiti.it\/de\/zimmer\/triple-zimmer\/\",\"name\":\"Triple Zimmer - Hotel Kyrie -\",\"isPartOf\":{\"@id\":\"https:\/\/www.hotelkyrietremiti.it\/de\/#website\"},\"datePublished\":\"2021-04-27T10:09:15+00:00\",\"dateModified\":\"2025-06-09T15:58:15+00:00\",\"description\":\"Die triple zimmer des Hotel Kyrie stehen mitten im gr\u00fcnen des pinienwaldes. Der kleine eingerichtete patio ist ideal zum Ausruhen w\u00e4hrend man dem gesang der zikaden zuh\u00f6rt\",\"breadcrumb\":{\"@id\":\"https:\/\/www.hotelkyrietremiti.it\/de\/zimmer\/triple-zimmer\/#breadcrumb\"},\"inLanguage\":\"de-DE\",\"potentialAction\":[{\"@type\":\"ReadAction\",\"target\":[\"https:\/\/www.hotelkyrietremiti.it\/de\/zimmer\/triple-zimmer\/\"]}]},{\"@type\":\"BreadcrumbList\",\"@id\":\"https:\/\/www.hotelkyrietremiti.it\/de\/zimmer\/triple-zimmer\/#breadcrumb\",\"itemListElement\":[{\"@type\":\"ListItem\",\"position\":1,\"name\":\"Home\",\"item\":\"https:\/\/www.hotelkyrietremiti.it\/de\/\"},{\"@type\":\"ListItem\",\"position\":2,\"name\":\"Zimmer\",\"item\":\"http:\/\/www.hotelkyrietremiti.it\/de\/zimmer\/\"},{\"@type\":\"ListItem\",\"position\":3,\"name\":\"Triple Zimmer\"}]},{\"@type\":\"WebSite\",\"@id\":\"https:\/\/www.hotelkyrietremiti.it\/de\/#website\",\"url\":\"https:\/\/www.hotelkyrietremiti.it\/de\/\",\"name\":\"Hotel Kyrie\",\"description\":\"Just another ms.decms.eu site\",\"potentialAction\":[{\"@type\":\"SearchAction\",\"target\":{\"@type\":\"EntryPoint\",\"urlTemplate\":\"https:\/\/www.hotelkyrietremiti.it\/de\/?s={search_term_string}\"},\"query-input\":{\"@type\":\"PropertyValueSpecification\",\"valueRequired\":true,\"valueName\":\"search_term_string\"}}],\"inLanguage\":\"de-DE\"}]}<\/script>\n<!-- \/ Yoast SEO plugin. -->","yoast_head_json":{"title":"Triple Zimmer - Hotel Kyrie -","description":"Die triple zimmer des Hotel Kyrie stehen mitten im gr\u00fcnen des pinienwaldes. Der kleine eingerichtete patio ist ideal zum Ausruhen w\u00e4hrend man dem gesang der zikaden zuh\u00f6rt","robots":{"index":"index","follow":"follow","max-snippet":"max-snippet:-1","max-image-preview":"max-image-preview:large","max-video-preview":"max-video-preview:-1"},"canonical":"https:\/\/www.hotelkyrietremiti.it\/de\/zimmer\/triple-zimmer\/","og_locale":"de_DE","og_type":"article","og_title":"Triple Zimmer - Hotel Kyrie -","og_description":"Die triple zimmer des Hotel Kyrie stehen mitten im gr\u00fcnen des pinienwaldes. Der kleine eingerichtete patio ist ideal zum Ausruhen w\u00e4hrend man dem gesang der zikaden zuh\u00f6rt","og_url":"https:\/\/www.hotelkyrietremiti.it\/de\/zimmer\/triple-zimmer\/","og_site_name":"Hotel Kyrie","article_modified_time":"2025-06-09T15:58:15+00:00","twitter_card":"summary_large_image","twitter_misc":{"Gesch\u00e4tzte Lesezeit":"1 Minute"},"schema":{"@context":"https:\/\/schema.org","@graph":[{"@type":"WebPage","@id":"https:\/\/www.hotelkyrietremiti.it\/de\/zimmer\/triple-zimmer\/","url":"https:\/\/www.hotelkyrietremiti.it\/de\/zimmer\/triple-zimmer\/","name":"Triple Zimmer - Hotel Kyrie -","isPartOf":{"@id":"https:\/\/www.hotelkyrietremiti.it\/de\/#website"},"datePublished":"2021-04-27T10:09:15+00:00","dateModified":"2025-06-09T15:58:15+00:00","description":"Die triple zimmer des Hotel Kyrie stehen mitten im gr\u00fcnen des pinienwaldes. Der kleine eingerichtete patio ist ideal zum Ausruhen w\u00e4hrend man dem gesang der zikaden zuh\u00f6rt","breadcrumb":{"@id":"https:\/\/www.hotelkyrietremiti.it\/de\/zimmer\/triple-zimmer\/#breadcrumb"},"inLanguage":"de-DE","potentialAction":[{"@type":"ReadAction","target":["https:\/\/www.hotelkyrietremiti.it\/de\/zimmer\/triple-zimmer\/"]}]},{"@type":"BreadcrumbList","@id":"https:\/\/www.hotelkyrietremiti.it\/de\/zimmer\/triple-zimmer\/#breadcrumb","itemListElement":[{"@type":"ListItem","position":1,"name":"Home","item":"https:\/\/www.hotelkyrietremiti.it\/de\/"},{"@type":"ListItem","position":2,"name":"Zimmer","item":"http:\/\/www.hotelkyrietremiti.it\/de\/zimmer\/"},{"@type":"ListItem","position":3,"name":"Triple Zimmer"}]},{"@type":"WebSite","@id":"https:\/\/www.hotelkyrietremiti.it\/de\/#website","url":"https:\/\/www.hotelkyrietremiti.it\/de\/","name":"Hotel Kyrie","description":"Just another ms.decms.eu site","potentialAction":[{"@type":"SearchAction","target":{"@type":"EntryPoint","urlTemplate":"https:\/\/www.hotelkyrietremiti.it\/de\/?s={search_term_string}"},"query-input":{"@type":"PropertyValueSpecification","valueRequired":true,"valueName":"search_term_string"}}],"inLanguage":"de-DE"}]}},"acf":[],"_links":{"self":[{"href":"https:\/\/www.hotelkyrietremiti.it\/de\/wp-json\/wp\/v2\/pages\/59","targetHints":{"allow":["GET"]}}],"collection":[{"href":"https:\/\/www.hotelkyrietremiti.it\/de\/wp-json\/wp\/v2\/pages"}],"about":[{"href":"https:\/\/www.hotelkyrietremiti.it\/de\/wp-json\/wp\/v2\/types\/page"}],"author":[{"embeddable":true,"href":"https:\/\/www.hotelkyrietremiti.it\/de\/wp-json\/wp\/v2\/users\/36"}],"replies":[{"embeddable":true,"href":"https:\/\/www.hotelkyrietremiti.it\/de\/wp-json\/wp\/v2\/comments?post=59"}],"version-history":[{"count":0,"href":"https:\/\/www.hotelkyrietremiti.it\/de\/wp-json\/wp\/v2\/pages\/59\/revisions"}],"up":[{"embeddable":true,"href":"https:\/\/www.hotelkyrietremiti.it\/de\/wp-json\/wp\/v2\/pages\/42"}],"wp:attachment":[{"href":"https:\/\/www.hotelkyrietremiti.it\/de\/wp-json\/wp\/v2\/media?parent=59"}],"curies":[{"name":"wp","href":"https:\/\/api.w.org\/{rel}","templated":true}]}}