{"id":46,"date":"2021-04-27T09:39:50","date_gmt":"2021-04-27T09:39:50","guid":{"rendered":"http:\/\/hotel-kyrie.ms.decms.eu\/?page_id=46"},"modified":"2025-06-09T15:55:48","modified_gmt":"2025-06-09T15:55:48","slug":"doppelzimmer","status":"publish","type":"page","link":"https:\/\/www.hotelkyrietremiti.it\/de\/zimmer\/doppelzimmer\/","title":{"rendered":"Doppelzimmer"},"content":{"rendered":"<p style=\"text-align: center\">Hell, einfach, aber \u00e4u\u00dferst gem\u00fctlich, versehen mit jeglichem komfort, befinden sich die <strong>doppelzimmer<\/strong> des <strong>Hotels Kyrie<\/strong> im zentralbau und haben zum gr\u00f6\u00dften teil <strong>k\u00f6stliche kleine balkons<\/strong>, wo man sich ausruhen und das gr\u00fcn des kr\u00e4ftigen <strong>pinienwaldes<\/strong> bewundern kann.<\/p>\n<p style=\"text-align: center\">HAUSTIERE SIND WILLKOMMEN<br \/>\nSHUTTLE<br \/>\nFelsiger Privatstrand<\/p>\n<p style=\"text-align: center\">Innenansicht des Kiefernwaldes<\/p>\n<p style=\"text-align: center\"><strong>Aufnahmef\u00e4higkeit maximum 2 Menschen \/ 17 m\u00b2<\/strong><\/p>\n","protected":false},"excerpt":{"rendered":"<p>Hell, einfach, aber \u00e4u\u00dferst gem\u00fctlich, versehen mit jeglichem komfort, befinden sich die doppelzimmer des Hotels Kyrie im zentralbau und haben zum gr\u00f6\u00dften teil k\u00f6stliche kleine balkons, wo man sich ausruhen und das gr\u00fcn des kr\u00e4ftigen pinienwaldes bewundern kann. HAUSTIERE SIND WILLKOMMEN SHUTTLE Felsiger Privatstrand Innenansicht des Kiefernwaldes Aufnahmef\u00e4higkeit maximum 2 Menschen \/ 17 m\u00b2<\/p>\n","protected":false},"author":36,"featured_media":0,"parent":42,"menu_order":5,"comment_status":"closed","ping_status":"closed","template":"template-single-room.php","meta":{"footnotes":""},"class_list":["post-46","page","type-page","status-publish","hentry"],"yoast_head":"<!-- This site is optimized with the Yoast SEO plugin v26.9 - https:\/\/yoast.com\/product\/yoast-seo-wordpress\/ -->\n<title>Doppelzimmer - Hotel Kyrie -<\/title>\n<meta name=\"description\" content=\"Hell, einfach, aber \u00e4u\u00dferst gem\u00fctlich, versehen mit jeglichem komfort, befinden sich die doppelzimmer des Hotels Kyrie im zentralbau und haben zum gr\u00f6\u00dften teil k\u00f6stliche kleine balkons, wo man sich ausruhen und das gr\u00fcn des kr\u00e4ftigen pinienwaldes bewundern kann. HAUSTIERE SIND WILLKOMMEN SHUTTLE Felsiger Privatstrand Innenansicht des Kiefernwaldes Aufnahmef\u00e4higkeit maximum 2 Menschen \/ 17 m\u00b2.\" \/>\n<meta name=\"robots\" content=\"index, follow, max-snippet:-1, max-image-preview:large, max-video-preview:-1\" \/>\n<link rel=\"canonical\" href=\"https:\/\/www.hotelkyrietremiti.it\/de\/zimmer\/doppelzimmer\/\" \/>\n<meta property=\"og:locale\" content=\"de_DE\" \/>\n<meta property=\"og:type\" content=\"article\" \/>\n<meta property=\"og:title\" content=\"Doppelzimmer - Hotel Kyrie -\" \/>\n<meta property=\"og:description\" content=\"Hell, einfach, aber \u00e4u\u00dferst gem\u00fctlich, versehen mit jeglichem komfort, befinden sich die doppelzimmer des Hotels Kyrie im zentralbau und haben zum gr\u00f6\u00dften teil k\u00f6stliche kleine balkons, wo man sich ausruhen und das gr\u00fcn des kr\u00e4ftigen pinienwaldes bewundern kann. HAUSTIERE SIND WILLKOMMEN SHUTTLE Felsiger Privatstrand Innenansicht des Kiefernwaldes Aufnahmef\u00e4higkeit maximum 2 Menschen \/ 17 m\u00b2.\" \/>\n<meta property=\"og:url\" content=\"https:\/\/www.hotelkyrietremiti.it\/de\/zimmer\/doppelzimmer\/\" \/>\n<meta property=\"og:site_name\" content=\"Hotel Kyrie\" \/>\n<meta property=\"article:modified_time\" content=\"2025-06-09T15:55:48+00:00\" \/>\n<meta name=\"twitter:card\" content=\"summary_large_image\" \/>\n<meta name=\"twitter:label1\" content=\"Gesch\u00e4tzte Lesezeit\" \/>\n\t<meta name=\"twitter:data1\" content=\"1 Minute\" \/>\n<script type=\"application\/ld+json\" class=\"yoast-schema-graph\">{\"@context\":\"https:\/\/schema.org\",\"@graph\":[{\"@type\":\"WebPage\",\"@id\":\"https:\/\/www.hotelkyrietremiti.it\/de\/zimmer\/doppelzimmer\/\",\"url\":\"https:\/\/www.hotelkyrietremiti.it\/de\/zimmer\/doppelzimmer\/\",\"name\":\"Doppelzimmer - Hotel Kyrie -\",\"isPartOf\":{\"@id\":\"https:\/\/www.hotelkyrietremiti.it\/de\/#website\"},\"datePublished\":\"2021-04-27T09:39:50+00:00\",\"dateModified\":\"2025-06-09T15:55:48+00:00\",\"description\":\"Hell, einfach, aber \u00e4u\u00dferst gem\u00fctlich, versehen mit jeglichem komfort, befinden sich die doppelzimmer des Hotels Kyrie im zentralbau und haben zum gr\u00f6\u00dften teil k\u00f6stliche kleine balkons, wo man sich ausruhen und das gr\u00fcn des kr\u00e4ftigen pinienwaldes bewundern kann. HAUSTIERE SIND WILLKOMMEN SHUTTLE Felsiger Privatstrand Innenansicht des Kiefernwaldes Aufnahmef\u00e4higkeit maximum 2 Menschen \/ 17 m\u00b2 .\",\"breadcrumb\":{\"@id\":\"https:\/\/www.hotelkyrietremiti.it\/de\/zimmer\/doppelzimmer\/#breadcrumb\"},\"inLanguage\":\"de-DE\",\"potentialAction\":[{\"@type\":\"ReadAction\",\"target\":[\"https:\/\/www.hotelkyrietremiti.it\/de\/zimmer\/doppelzimmer\/\"]}]},{\"@type\":\"BreadcrumbList\",\"@id\":\"https:\/\/www.hotelkyrietremiti.it\/de\/zimmer\/doppelzimmer\/#breadcrumb\",\"itemListElement\":[{\"@type\":\"ListItem\",\"position\":1,\"name\":\"Home\",\"item\":\"https:\/\/www.hotelkyrietremiti.it\/de\/\"},{\"@type\":\"ListItem\",\"position\":2,\"name\":\"Zimmer\",\"item\":\"http:\/\/www.hotelkyrietremiti.it\/de\/zimmer\/\"},{\"@type\":\"ListItem\",\"position\":3,\"name\":\"Doppelzimmer\"}]},{\"@type\":\"WebSite\",\"@id\":\"https:\/\/www.hotelkyrietremiti.it\/de\/#website\",\"url\":\"https:\/\/www.hotelkyrietremiti.it\/de\/\",\"name\":\"Hotel Kyrie\",\"description\":\"Just another ms.decms.eu site\",\"potentialAction\":[{\"@type\":\"SearchAction\",\"target\":{\"@type\":\"EntryPoint\",\"urlTemplate\":\"https:\/\/www.hotelkyrietremiti.it\/de\/?s={search_term_string}\"},\"query-input\":{\"@type\":\"PropertyValueSpecification\",\"valueRequired\":true,\"valueName\":\"search_term_string\"}}],\"inLanguage\":\"de-DE\"}]}<\/script>\n<!-- \/ Yoast SEO plugin. -->","yoast_head_json":{"title":"Doppelzimmer - Hotel Kyrie -","description":"Hell, einfach, aber \u00e4u\u00dferst gem\u00fctlich, versehen mit jeglichem komfort, befinden sich die doppelzimmer des Hotels Kyrie im zentralbau und haben zum gr\u00f6\u00dften teil k\u00f6stliche kleine balkons, wo man sich ausruhen und das gr\u00fcn des kr\u00e4ftigen pinienwaldes bewundern kann. HAUSTIERE SIND WILLKOMMEN SHUTTLE Felsiger Privatstrand Innenansicht des Kiefernwaldes Aufnahmef\u00e4higkeit maximum 2 Menschen \/ 17 m\u00b2.","robots":{"index":"index","follow":"follow","max-snippet":"max-snippet:-1","max-image-preview":"max-image-preview:large","max-video-preview":"max-video-preview:-1"},"canonical":"https:\/\/www.hotelkyrietremiti.it\/de\/zimmer\/doppelzimmer\/","og_locale":"de_DE","og_type":"article","og_title":"Doppelzimmer - Hotel Kyrie -","og_description":"Hell, einfach, aber \u00e4u\u00dferst gem\u00fctlich, versehen mit jeglichem komfort, befinden sich die doppelzimmer des Hotels Kyrie im zentralbau und haben zum gr\u00f6\u00dften teil k\u00f6stliche kleine balkons, wo man sich ausruhen und das gr\u00fcn des kr\u00e4ftigen pinienwaldes bewundern kann. HAUSTIERE SIND WILLKOMMEN SHUTTLE Felsiger Privatstrand Innenansicht des Kiefernwaldes Aufnahmef\u00e4higkeit maximum 2 Menschen \/ 17 m\u00b2.","og_url":"https:\/\/www.hotelkyrietremiti.it\/de\/zimmer\/doppelzimmer\/","og_site_name":"Hotel Kyrie","article_modified_time":"2025-06-09T15:55:48+00:00","twitter_card":"summary_large_image","twitter_misc":{"Gesch\u00e4tzte Lesezeit":"1 Minute"},"schema":{"@context":"https:\/\/schema.org","@graph":[{"@type":"WebPage","@id":"https:\/\/www.hotelkyrietremiti.it\/de\/zimmer\/doppelzimmer\/","url":"https:\/\/www.hotelkyrietremiti.it\/de\/zimmer\/doppelzimmer\/","name":"Doppelzimmer - Hotel Kyrie -","isPartOf":{"@id":"https:\/\/www.hotelkyrietremiti.it\/de\/#website"},"datePublished":"2021-04-27T09:39:50+00:00","dateModified":"2025-06-09T15:55:48+00:00","description":"Hell, einfach, aber \u00e4u\u00dferst gem\u00fctlich, versehen mit jeglichem komfort, befinden sich die doppelzimmer des Hotels Kyrie im zentralbau und haben zum gr\u00f6\u00dften teil k\u00f6stliche kleine balkons, wo man sich ausruhen und das gr\u00fcn des kr\u00e4ftigen pinienwaldes bewundern kann. HAUSTIERE SIND WILLKOMMEN SHUTTLE Felsiger Privatstrand Innenansicht des Kiefernwaldes Aufnahmef\u00e4higkeit maximum 2 Menschen \/ 17 m\u00b2 .","breadcrumb":{"@id":"https:\/\/www.hotelkyrietremiti.it\/de\/zimmer\/doppelzimmer\/#breadcrumb"},"inLanguage":"de-DE","potentialAction":[{"@type":"ReadAction","target":["https:\/\/www.hotelkyrietremiti.it\/de\/zimmer\/doppelzimmer\/"]}]},{"@type":"BreadcrumbList","@id":"https:\/\/www.hotelkyrietremiti.it\/de\/zimmer\/doppelzimmer\/#breadcrumb","itemListElement":[{"@type":"ListItem","position":1,"name":"Home","item":"https:\/\/www.hotelkyrietremiti.it\/de\/"},{"@type":"ListItem","position":2,"name":"Zimmer","item":"http:\/\/www.hotelkyrietremiti.it\/de\/zimmer\/"},{"@type":"ListItem","position":3,"name":"Doppelzimmer"}]},{"@type":"WebSite","@id":"https:\/\/www.hotelkyrietremiti.it\/de\/#website","url":"https:\/\/www.hotelkyrietremiti.it\/de\/","name":"Hotel Kyrie","description":"Just another ms.decms.eu site","potentialAction":[{"@type":"SearchAction","target":{"@type":"EntryPoint","urlTemplate":"https:\/\/www.hotelkyrietremiti.it\/de\/?s={search_term_string}"},"query-input":{"@type":"PropertyValueSpecification","valueRequired":true,"valueName":"search_term_string"}}],"inLanguage":"de-DE"}]}},"acf":[],"_links":{"self":[{"href":"https:\/\/www.hotelkyrietremiti.it\/de\/wp-json\/wp\/v2\/pages\/46","targetHints":{"allow":["GET"]}}],"collection":[{"href":"https:\/\/www.hotelkyrietremiti.it\/de\/wp-json\/wp\/v2\/pages"}],"about":[{"href":"https:\/\/www.hotelkyrietremiti.it\/de\/wp-json\/wp\/v2\/types\/page"}],"author":[{"embeddable":true,"href":"https:\/\/www.hotelkyrietremiti.it\/de\/wp-json\/wp\/v2\/users\/36"}],"replies":[{"embeddable":true,"href":"https:\/\/www.hotelkyrietremiti.it\/de\/wp-json\/wp\/v2\/comments?post=46"}],"version-history":[{"count":0,"href":"https:\/\/www.hotelkyrietremiti.it\/de\/wp-json\/wp\/v2\/pages\/46\/revisions"}],"up":[{"embeddable":true,"href":"https:\/\/www.hotelkyrietremiti.it\/de\/wp-json\/wp\/v2\/pages\/42"}],"wp:attachment":[{"href":"https:\/\/www.hotelkyrietremiti.it\/de\/wp-json\/wp\/v2\/media?parent=46"}],"curies":[{"name":"wp","href":"https:\/\/api.w.org\/{rel}","templated":true}]}}