{"id":42,"date":"2021-04-27T08:30:44","date_gmt":"2021-04-27T08:30:44","guid":{"rendered":"http:\/\/hotel-kyrie.ms.decms.eu\/?page_id=42"},"modified":"2021-04-29T07:14:45","modified_gmt":"2021-04-29T07:14:45","slug":"zimmer","status":"publish","type":"page","link":"https:\/\/www.hotelkyrietremiti.it\/de\/zimmer\/","title":{"rendered":"Zimmer"},"content":{"rendered":"<p style=\"text-align: left;\">Die 64 Zimmer des Kyrie Hotels, aufgeteilt zwischen dem Hauptgeb\u00e4ude und den Villen im Gr\u00fcn des Kiefernwaldes, bieten wohlverdiente Entspannung nach einem Tag am Strand oder einer Bootsfahrt. Die gro\u00dfen R\u00e4ume, die einfache und funktionale Einrichtung sind einladend und mit allem Komfort ausgestattet.<\/p>\n","protected":false},"excerpt":{"rendered":"<p>Die 64 Zimmer des Kyrie Hotels, aufgeteilt zwischen dem Hauptgeb\u00e4ude und den Villen im Gr\u00fcn des Kiefernwaldes, bieten wohlverdiente Entspannung nach einem Tag am Strand oder einer Bootsfahrt. Die gro\u00dfen R\u00e4ume, die einfache und funktionale Einrichtung sind einladend und mit allem Komfort ausgestattet.<\/p>\n","protected":false},"author":36,"featured_media":0,"parent":0,"menu_order":10,"comment_status":"closed","ping_status":"closed","template":"template-rooms.php","meta":{"footnotes":""},"class_list":["post-42","page","type-page","status-publish","hentry"],"yoast_head":"<!-- This site is optimized with the Yoast SEO plugin v26.9 - https:\/\/yoast.com\/product\/yoast-seo-wordpress\/ -->\n<title>Zimmer - Hotel Kyrie -<\/title>\n<meta name=\"description\" content=\"Die 64 Zimmer des Kyrie Hotels, aufgeteilt zwischen dem Hauptgeb\u00e4ude und den Villen im Gr\u00fcn des Kiefernwaldes, bieten wohlverdiente Entspannung nach einem Tag am Strand oder einer Bootsfahrt. Die gro\u00dfen R\u00e4ume, die einfache und funktionale Einrichtung sind einladend und mit allem Komfort ausgestattet.\" \/>\n<meta name=\"robots\" content=\"index, follow, max-snippet:-1, max-image-preview:large, max-video-preview:-1\" \/>\n<link rel=\"canonical\" href=\"https:\/\/www.hotelkyrietremiti.it\/de\/zimmer\/\" \/>\n<meta property=\"og:locale\" content=\"de_DE\" \/>\n<meta property=\"og:type\" content=\"article\" \/>\n<meta property=\"og:title\" content=\"Zimmer - Hotel Kyrie -\" \/>\n<meta property=\"og:description\" content=\"Die 64 Zimmer des Kyrie Hotels, aufgeteilt zwischen dem Hauptgeb\u00e4ude und den Villen im Gr\u00fcn des Kiefernwaldes, bieten wohlverdiente Entspannung nach einem Tag am Strand oder einer Bootsfahrt. Die gro\u00dfen R\u00e4ume, die einfache und funktionale Einrichtung sind einladend und mit allem Komfort ausgestattet.\" \/>\n<meta property=\"og:url\" content=\"https:\/\/www.hotelkyrietremiti.it\/de\/zimmer\/\" \/>\n<meta property=\"og:site_name\" content=\"Hotel Kyrie\" \/>\n<meta property=\"article:modified_time\" content=\"2021-04-29T07:14:45+00:00\" \/>\n<meta name=\"twitter:card\" content=\"summary_large_image\" \/>\n<script type=\"application\/ld+json\" class=\"yoast-schema-graph\">{\"@context\":\"https:\/\/schema.org\",\"@graph\":[{\"@type\":\"WebPage\",\"@id\":\"https:\/\/www.hotelkyrietremiti.it\/de\/zimmer\/\",\"url\":\"https:\/\/www.hotelkyrietremiti.it\/de\/zimmer\/\",\"name\":\"Zimmer - Hotel Kyrie -\",\"isPartOf\":{\"@id\":\"https:\/\/www.hotelkyrietremiti.it\/de\/#website\"},\"datePublished\":\"2021-04-27T08:30:44+00:00\",\"dateModified\":\"2021-04-29T07:14:45+00:00\",\"description\":\"Die 64 Zimmer des Kyrie Hotels, aufgeteilt zwischen dem Hauptgeb\u00e4ude und den Villen im Gr\u00fcn des Kiefernwaldes, bieten wohlverdiente Entspannung nach einem Tag am Strand oder einer Bootsfahrt. Die gro\u00dfen R\u00e4ume, die einfache und funktionale Einrichtung sind einladend und mit allem Komfort ausgestattet.\",\"breadcrumb\":{\"@id\":\"https:\/\/www.hotelkyrietremiti.it\/de\/zimmer\/#breadcrumb\"},\"inLanguage\":\"de-DE\",\"potentialAction\":[{\"@type\":\"ReadAction\",\"target\":[\"https:\/\/www.hotelkyrietremiti.it\/de\/zimmer\/\"]}]},{\"@type\":\"BreadcrumbList\",\"@id\":\"https:\/\/www.hotelkyrietremiti.it\/de\/zimmer\/#breadcrumb\",\"itemListElement\":[{\"@type\":\"ListItem\",\"position\":1,\"name\":\"Home\",\"item\":\"https:\/\/www.hotelkyrietremiti.it\/de\/\"},{\"@type\":\"ListItem\",\"position\":2,\"name\":\"Zimmer\"}]},{\"@type\":\"WebSite\",\"@id\":\"https:\/\/www.hotelkyrietremiti.it\/de\/#website\",\"url\":\"https:\/\/www.hotelkyrietremiti.it\/de\/\",\"name\":\"Hotel Kyrie\",\"description\":\"Just another ms.decms.eu site\",\"potentialAction\":[{\"@type\":\"SearchAction\",\"target\":{\"@type\":\"EntryPoint\",\"urlTemplate\":\"https:\/\/www.hotelkyrietremiti.it\/de\/?s={search_term_string}\"},\"query-input\":{\"@type\":\"PropertyValueSpecification\",\"valueRequired\":true,\"valueName\":\"search_term_string\"}}],\"inLanguage\":\"de-DE\"}]}<\/script>\n<!-- \/ Yoast SEO plugin. -->","yoast_head_json":{"title":"Zimmer - Hotel Kyrie -","description":"Die 64 Zimmer des Kyrie Hotels, aufgeteilt zwischen dem Hauptgeb\u00e4ude und den Villen im Gr\u00fcn des Kiefernwaldes, bieten wohlverdiente Entspannung nach einem Tag am Strand oder einer Bootsfahrt. Die gro\u00dfen R\u00e4ume, die einfache und funktionale Einrichtung sind einladend und mit allem Komfort ausgestattet.","robots":{"index":"index","follow":"follow","max-snippet":"max-snippet:-1","max-image-preview":"max-image-preview:large","max-video-preview":"max-video-preview:-1"},"canonical":"https:\/\/www.hotelkyrietremiti.it\/de\/zimmer\/","og_locale":"de_DE","og_type":"article","og_title":"Zimmer - Hotel Kyrie -","og_description":"Die 64 Zimmer des Kyrie Hotels, aufgeteilt zwischen dem Hauptgeb\u00e4ude und den Villen im Gr\u00fcn des Kiefernwaldes, bieten wohlverdiente Entspannung nach einem Tag am Strand oder einer Bootsfahrt. Die gro\u00dfen R\u00e4ume, die einfache und funktionale Einrichtung sind einladend und mit allem Komfort ausgestattet.","og_url":"https:\/\/www.hotelkyrietremiti.it\/de\/zimmer\/","og_site_name":"Hotel Kyrie","article_modified_time":"2021-04-29T07:14:45+00:00","twitter_card":"summary_large_image","schema":{"@context":"https:\/\/schema.org","@graph":[{"@type":"WebPage","@id":"https:\/\/www.hotelkyrietremiti.it\/de\/zimmer\/","url":"https:\/\/www.hotelkyrietremiti.it\/de\/zimmer\/","name":"Zimmer - Hotel Kyrie -","isPartOf":{"@id":"https:\/\/www.hotelkyrietremiti.it\/de\/#website"},"datePublished":"2021-04-27T08:30:44+00:00","dateModified":"2021-04-29T07:14:45+00:00","description":"Die 64 Zimmer des Kyrie Hotels, aufgeteilt zwischen dem Hauptgeb\u00e4ude und den Villen im Gr\u00fcn des Kiefernwaldes, bieten wohlverdiente Entspannung nach einem Tag am Strand oder einer Bootsfahrt. Die gro\u00dfen R\u00e4ume, die einfache und funktionale Einrichtung sind einladend und mit allem Komfort ausgestattet.","breadcrumb":{"@id":"https:\/\/www.hotelkyrietremiti.it\/de\/zimmer\/#breadcrumb"},"inLanguage":"de-DE","potentialAction":[{"@type":"ReadAction","target":["https:\/\/www.hotelkyrietremiti.it\/de\/zimmer\/"]}]},{"@type":"BreadcrumbList","@id":"https:\/\/www.hotelkyrietremiti.it\/de\/zimmer\/#breadcrumb","itemListElement":[{"@type":"ListItem","position":1,"name":"Home","item":"https:\/\/www.hotelkyrietremiti.it\/de\/"},{"@type":"ListItem","position":2,"name":"Zimmer"}]},{"@type":"WebSite","@id":"https:\/\/www.hotelkyrietremiti.it\/de\/#website","url":"https:\/\/www.hotelkyrietremiti.it\/de\/","name":"Hotel Kyrie","description":"Just another ms.decms.eu site","potentialAction":[{"@type":"SearchAction","target":{"@type":"EntryPoint","urlTemplate":"https:\/\/www.hotelkyrietremiti.it\/de\/?s={search_term_string}"},"query-input":{"@type":"PropertyValueSpecification","valueRequired":true,"valueName":"search_term_string"}}],"inLanguage":"de-DE"}]}},"acf":[],"_links":{"self":[{"href":"https:\/\/www.hotelkyrietremiti.it\/de\/wp-json\/wp\/v2\/pages\/42","targetHints":{"allow":["GET"]}}],"collection":[{"href":"https:\/\/www.hotelkyrietremiti.it\/de\/wp-json\/wp\/v2\/pages"}],"about":[{"href":"https:\/\/www.hotelkyrietremiti.it\/de\/wp-json\/wp\/v2\/types\/page"}],"author":[{"embeddable":true,"href":"https:\/\/www.hotelkyrietremiti.it\/de\/wp-json\/wp\/v2\/users\/36"}],"replies":[{"embeddable":true,"href":"https:\/\/www.hotelkyrietremiti.it\/de\/wp-json\/wp\/v2\/comments?post=42"}],"version-history":[{"count":0,"href":"https:\/\/www.hotelkyrietremiti.it\/de\/wp-json\/wp\/v2\/pages\/42\/revisions"}],"wp:attachment":[{"href":"https:\/\/www.hotelkyrietremiti.it\/de\/wp-json\/wp\/v2\/media?parent=42"}],"curies":[{"name":"wp","href":"https:\/\/api.w.org\/{rel}","templated":true}]}}