{"id":361,"date":"2021-04-28T13:41:27","date_gmt":"2021-04-28T13:41:27","guid":{"rendered":"http:\/\/hotel-kyrie.ms.decms.eu\/?page_id=361"},"modified":"2025-04-30T08:56:33","modified_gmt":"2025-04-30T08:56:33","slug":"warum-bei-uns-buchen","status":"publish","type":"page","link":"https:\/\/www.hotelkyrietremiti.it\/de\/warum-bei-uns-buchen\/","title":{"rendered":"Warum bei uns buchen"},"content":{"rendered":"<p><strong>Willkommensgetr\u00e4nk<\/strong><\/p>\n<p><strong>1) Kein vermittler<\/strong><br \/>\nWenn sie direkt auf unserer offiziellen seite www.hotelkyrieisoletremiti.it reservieren, werden Sie keine vermittlungskosten haben, weil sie einen einzigen, deutlichen gespr\u00e4chspartner haben: das Hotel Kyrie Tremiti-Inseln reservieren, umbuchen oder annullieren wird eine ganz einfache und prompte sache sein. Keine zuschlagsgeb\u00fchren, kein vermittler und die verwaltung der akte wird einfach und prompt.<\/p>\n<p><strong>2) Garantie des niedrigsten preises<\/strong><br \/>\nWenn sie direkt auf unserer offiziellen seite reservieren, werden sie immer den besten verf\u00fcgbaren tarif mit garantie haben! wenn sie n\u00e4mlich innerhalb von 24 stunden nach der reservierung auf anderen Internet sites einen niedrigeren preis zu den selben verkaufsbedingungen finden, werden wir unseren tarif anpassen, aber nicht nur, wir werden weitere 5% rabatt gew\u00e4hren. Entdecken sie alles \u00fcber den besten garantierten preis.<\/p>\n<p><strong>3) Beste zahlungsbedingungen<\/strong><br \/>\nWenn sie direkt auf unserer offiziellen seite reservieren, wird Ihre kreditkarte nur als garantie f\u00fcr die reservierung dienen, es wird also kein geld abgehoben. au\u00dferdem, wenn sie keine kreditkarte haben k\u00f6nnen sie durch bank\u00fcberweisung reservieren.<\/p>\n<p><strong>4) Gratis annullierung<\/strong><br \/>\nWenn sie direkt auf unserer offiziellen seite reservieren, werden sie eine annullierungspraxis haben, die hinsichtlich anderer programme einzigartig ist. sie k\u00f6nnen ihre reservierung bis 48 stunden vor der ankunft ohne geldstrafe annullieren oder \u00e4ndern.<\/p>\n<p><strong>5) Garantierter upgrade<\/strong><br \/>\nWenn sie direkt auf unserer offiziellen seite reservieren, werden sie immer garantiertes upgrade (sofern es verf\u00fcgbar ist) haben. Wenn ein zimmer der h\u00f6heren kategorie beim check-in verf\u00fcgbar ist, wird Ihnen dieses ohne mehrkosten zugeteilt werden.<\/p>\n<p><strong>6) Late check-out<\/strong><br \/>\nWenn sie direkt auf unserer offiziellen seite reservieren, werden sie die m\u00f6glichkeit haben, das zimmer nach 10 uhr zu verlassen, d.h. bis 12 Uhr (je nach verf\u00fcgbarkeit, am vormittag des check-out nachpr\u00fcfen). Au\u00dferdem haben sie die m\u00f6glichkeit ihr gep\u00e4ck in unserem aufbewahrungsraum abzustellen.<\/p>\n<p><strong>7) Ein direkter, personalisierter und prompter kontakt<\/strong><br \/>\nDas ist der offizielle site des Hotel Kyrie Isole Tremiti alle reservierungen werden prompt best\u00e4tigt, wenn sie direkt \u00fcber uns reservieren, werden wir ihre anfragen bewerten, um ein ma\u00dfgerechtes angebot zu erbauen, au\u00dferdem bekommen sie weitere ausk\u00fcnfte dar\u00fcber, wie sie nach Tremiti-Inseln kommen und was Sie da tun k\u00f6nnen.<\/p>\n<p><strong>8) Gesicherte qualit\u00e4t des service und ma\u00dfgerechte ratschl\u00e4ge<\/strong><br \/>\nBei uns ist die qualit\u00e4t garantiert durch eine sorgf\u00e4ltige auswahl und eine kontrolle des personals. Das mitarbeiter-team des Hotel Kyrie arbeitet in Tremiti-Inseln selbst und kennt die ortschaft sehr gut, und kann Ihnen raten, was sie am Besten, tun und sehen k\u00f6nnen, wie sie einen ausflug organisieren oder an einer speziellen veranstaltung teilnehmen k\u00f6nnen, und wird jeden Ihrer W\u00fcnsche erf\u00fcllen. Wir werden uns in jedem moment um sie k\u00fcmmern. Bei uns reservieren, bedeutet also, viele n\u00fctzliche ratschl\u00e4ge zu bekommen dar\u00fcber, wie sie Ihre Idee vom urlaub befriedigen und ausf\u00fchren k\u00f6nnen.<\/p>\n<p><strong>9) Transparenz<\/strong><br \/>\nIhre reservierung ist sicher und die versprochene qualit\u00e4t ist w\u00e4hrend ihres aufenthaltes garantiert. Jede aufnahme und jede beschreibung auf unserer offiziellen seite www.hotelkyrieisoletremiti.it ist authentisch: die transparenz steht f\u00fcr uns an erster stelle. Nie falsche beschreibungen und nie versprechen, die nicht gehalten werden. Au\u00dferdem haben sie die m\u00f6glichkeit, die best\u00e4tigung ihrer reservierung jederzeit zu pr\u00fcfen.<\/p>\n<p><strong>10) Promotion und vorteile<\/strong><br \/>\nWenn sie direkt auf unserer offiziellen seite reservieren, k\u00f6nnen sie spezielle und exklusive angebote finden. Au\u00dferdem haben sie die m\u00f6glichkeit, besondere und reservierte diskonts und dazu noch vorschl\u00e4ge zu genie\u00dfen, die \u201eextra f\u00fcr sie gedacht und ma\u00dfgerecht ausgef\u00fchrt werden\u201c.<\/p>\n<p><strong>11) Wi-Fi gratis\u00a0<\/strong><br \/>\nWenn sie direkt auf unserer offiziellen webseite buchen, haben sie die m\u00f6glichkeit, die kostenlose und unbegrenzte internet-connectivity dienste zu nutzen (in der hotel hobby). Somit k\u00f6nnen sowohl ihre smartphones, sowie ihr notebook nie mit dem Internet verbunden..<\/p>\n<p><strong>12) Sicherheit ihrer daten<\/strong><br \/>\nAlle auf unserer offiziellen seite eingef\u00fcgten ausk\u00fcnfte und die daten ihrer kreditkarten sind gesch\u00fctzt, sicher und f\u00fcr drittpersonen unzug\u00e4nglich. Thawte SSL web secure server certificate authority garantiert, da\u03b2 der site www.hotelkyrieisoletremiti.it daten sicher durchgibt.<\/p>\n","protected":false},"excerpt":{"rendered":"<p>Willkommensgetr\u00e4nk 1) Kein vermittler Wenn sie direkt auf unserer offiziellen seite www.hotelkyrieisoletremiti.it reservieren, werden Sie keine vermittlungskosten haben, weil sie einen einzigen, deutlichen gespr\u00e4chspartner haben: das Hotel Kyrie Tremiti-Inseln reservieren, umbuchen oder annullieren wird eine ganz einfache und prompte sache sein. Keine zuschlagsgeb\u00fchren, kein vermittler und die verwaltung der akte wird einfach und prompt. 2) [&hellip;]<\/p>\n","protected":false},"author":36,"featured_media":0,"parent":0,"menu_order":900,"comment_status":"closed","ping_status":"closed","template":"template-default-2.php","meta":{"footnotes":""},"class_list":["post-361","page","type-page","status-publish","hentry"],"yoast_head":"<!-- This site is optimized with the Yoast SEO plugin v26.9 - https:\/\/yoast.com\/product\/yoast-seo-wordpress\/ -->\n<title>Warum bei uns buchen - Hotel Kyrie -<\/title>\n<meta name=\"description\" content=\"Willkommensgetr\u00e4nk  1) Kein vermittler Wenn sie direkt auf unserer offiziellen seite www.hotelkyrieisoletremiti.it reservieren, werden Sie keine vermittlungskosten haben, weil sie einen einzigen, deutlichen gespr\u00e4chspartner haben: das Hotel Kyrie Tremiti-Inseln reservieren, umbuchen oder annullieren wird eine ganz einfache und prompte sache sein. Keine zuschlagsgeb\u00fchren, kein vermittler und die verwaltung der akte wird einfach und prompt.  2) Garantie des niedrigsten preises Wenn sie direkt auf unserer offiziellen seite reservieren, werden sie immer den besten verf\u00fcgbaren tarif mit garantie haben! wenn sie n\u00e4mlich innerhalb von 24 stunden nach der reservierung auf anderen Internet sites einen niedrigeren preis zu den selben verkaufsbedingungen finden, werden wir unseren tarif anpassen, aber nicht nur, wir werden weitere 5% rabatt gew\u00e4hren\" \/>\n<meta name=\"robots\" content=\"index, follow, max-snippet:-1, max-image-preview:large, max-video-preview:-1\" \/>\n<link rel=\"canonical\" href=\"https:\/\/www.hotelkyrietremiti.it\/de\/warum-bei-uns-buchen\/\" \/>\n<meta property=\"og:locale\" content=\"de_DE\" \/>\n<meta property=\"og:type\" content=\"article\" \/>\n<meta property=\"og:title\" content=\"Warum bei uns buchen - Hotel Kyrie -\" \/>\n<meta property=\"og:description\" content=\"Willkommensgetr\u00e4nk  1) Kein vermittler Wenn sie direkt auf unserer offiziellen seite www.hotelkyrieisoletremiti.it reservieren, werden Sie keine vermittlungskosten haben, weil sie einen einzigen, deutlichen gespr\u00e4chspartner haben: das Hotel Kyrie Tremiti-Inseln reservieren, umbuchen oder annullieren wird eine ganz einfache und prompte sache sein. Keine zuschlagsgeb\u00fchren, kein vermittler und die verwaltung der akte wird einfach und prompt.  2) Garantie des niedrigsten preises Wenn sie direkt auf unserer offiziellen seite reservieren, werden sie immer den besten verf\u00fcgbaren tarif mit garantie haben! wenn sie n\u00e4mlich innerhalb von 24 stunden nach der reservierung auf anderen Internet sites einen niedrigeren preis zu den selben verkaufsbedingungen finden, werden wir unseren tarif anpassen, aber nicht nur, wir werden weitere 5% rabatt gew\u00e4hren\" \/>\n<meta property=\"og:url\" content=\"https:\/\/www.hotelkyrietremiti.it\/de\/warum-bei-uns-buchen\/\" \/>\n<meta property=\"og:site_name\" content=\"Hotel Kyrie\" \/>\n<meta property=\"article:modified_time\" content=\"2025-04-30T08:56:33+00:00\" \/>\n<meta name=\"twitter:card\" content=\"summary_large_image\" \/>\n<meta name=\"twitter:label1\" content=\"Gesch\u00e4tzte Lesezeit\" \/>\n\t<meta name=\"twitter:data1\" content=\"4 Minuten\" \/>\n<script type=\"application\/ld+json\" class=\"yoast-schema-graph\">{\"@context\":\"https:\/\/schema.org\",\"@graph\":[{\"@type\":\"WebPage\",\"@id\":\"https:\/\/www.hotelkyrietremiti.it\/de\/warum-bei-uns-buchen\/\",\"url\":\"https:\/\/www.hotelkyrietremiti.it\/de\/warum-bei-uns-buchen\/\",\"name\":\"Warum bei uns buchen - Hotel Kyrie -\",\"isPartOf\":{\"@id\":\"https:\/\/www.hotelkyrietremiti.it\/de\/#website\"},\"datePublished\":\"2021-04-28T13:41:27+00:00\",\"dateModified\":\"2025-04-30T08:56:33+00:00\",\"description\":\"Willkommensgetr\u00e4nk 1) Kein vermittler Wenn sie direkt auf unserer offiziellen seite www.hotelkyrieisoletremiti.it reservieren, werden Sie keine vermittlungskosten haben, weil sie einen einzigen, deutlichen gespr\u00e4chspartner haben: das Hotel Kyrie Tremiti-Inseln reservieren, umbuchen oder annullieren wird eine ganz einfache und prompte sache sein. Keine zuschlagsgeb\u00fchren, kein vermittler und die verwaltung der akte wird einfach und prompt. 2) Garantie des niedrigsten preises Wenn sie direkt auf unserer offiziellen seite reservieren, werden sie immer den besten verf\u00fcgbaren tarif mit garantie haben! wenn sie n\u00e4mlich innerhalb von 24 stunden nach der reservierung auf anderen Internet sites einen niedrigeren preis zu den selben verkaufsbedingungen finden, werden wir unseren tarif anpassen, aber nicht nur, wir werden weitere 5% rabatt gew\u00e4hren\",\"breadcrumb\":{\"@id\":\"https:\/\/www.hotelkyrietremiti.it\/de\/warum-bei-uns-buchen\/#breadcrumb\"},\"inLanguage\":\"de-DE\",\"potentialAction\":[{\"@type\":\"ReadAction\",\"target\":[\"https:\/\/www.hotelkyrietremiti.it\/de\/warum-bei-uns-buchen\/\"]}]},{\"@type\":\"BreadcrumbList\",\"@id\":\"https:\/\/www.hotelkyrietremiti.it\/de\/warum-bei-uns-buchen\/#breadcrumb\",\"itemListElement\":[{\"@type\":\"ListItem\",\"position\":1,\"name\":\"Home\",\"item\":\"https:\/\/www.hotelkyrietremiti.it\/de\/\"},{\"@type\":\"ListItem\",\"position\":2,\"name\":\"Warum bei uns buchen\"}]},{\"@type\":\"WebSite\",\"@id\":\"https:\/\/www.hotelkyrietremiti.it\/de\/#website\",\"url\":\"https:\/\/www.hotelkyrietremiti.it\/de\/\",\"name\":\"Hotel Kyrie\",\"description\":\"Just another ms.decms.eu site\",\"potentialAction\":[{\"@type\":\"SearchAction\",\"target\":{\"@type\":\"EntryPoint\",\"urlTemplate\":\"https:\/\/www.hotelkyrietremiti.it\/de\/?s={search_term_string}\"},\"query-input\":{\"@type\":\"PropertyValueSpecification\",\"valueRequired\":true,\"valueName\":\"search_term_string\"}}],\"inLanguage\":\"de-DE\"}]}<\/script>\n<!-- \/ Yoast SEO plugin. -->","yoast_head_json":{"title":"Warum bei uns buchen - Hotel Kyrie -","description":"Willkommensgetr\u00e4nk  1) Kein vermittler Wenn sie direkt auf unserer offiziellen seite www.hotelkyrieisoletremiti.it reservieren, werden Sie keine vermittlungskosten haben, weil sie einen einzigen, deutlichen gespr\u00e4chspartner haben: das Hotel Kyrie Tremiti-Inseln reservieren, umbuchen oder annullieren wird eine ganz einfache und prompte sache sein. Keine zuschlagsgeb\u00fchren, kein vermittler und die verwaltung der akte wird einfach und prompt.  2) Garantie des niedrigsten preises Wenn sie direkt auf unserer offiziellen seite reservieren, werden sie immer den besten verf\u00fcgbaren tarif mit garantie haben! wenn sie n\u00e4mlich innerhalb von 24 stunden nach der reservierung auf anderen Internet sites einen niedrigeren preis zu den selben verkaufsbedingungen finden, werden wir unseren tarif anpassen, aber nicht nur, wir werden weitere 5% rabatt gew\u00e4hren","robots":{"index":"index","follow":"follow","max-snippet":"max-snippet:-1","max-image-preview":"max-image-preview:large","max-video-preview":"max-video-preview:-1"},"canonical":"https:\/\/www.hotelkyrietremiti.it\/de\/warum-bei-uns-buchen\/","og_locale":"de_DE","og_type":"article","og_title":"Warum bei uns buchen - Hotel Kyrie -","og_description":"Willkommensgetr\u00e4nk  1) Kein vermittler Wenn sie direkt auf unserer offiziellen seite www.hotelkyrieisoletremiti.it reservieren, werden Sie keine vermittlungskosten haben, weil sie einen einzigen, deutlichen gespr\u00e4chspartner haben: das Hotel Kyrie Tremiti-Inseln reservieren, umbuchen oder annullieren wird eine ganz einfache und prompte sache sein. Keine zuschlagsgeb\u00fchren, kein vermittler und die verwaltung der akte wird einfach und prompt.  2) Garantie des niedrigsten preises Wenn sie direkt auf unserer offiziellen seite reservieren, werden sie immer den besten verf\u00fcgbaren tarif mit garantie haben! wenn sie n\u00e4mlich innerhalb von 24 stunden nach der reservierung auf anderen Internet sites einen niedrigeren preis zu den selben verkaufsbedingungen finden, werden wir unseren tarif anpassen, aber nicht nur, wir werden weitere 5% rabatt gew\u00e4hren","og_url":"https:\/\/www.hotelkyrietremiti.it\/de\/warum-bei-uns-buchen\/","og_site_name":"Hotel Kyrie","article_modified_time":"2025-04-30T08:56:33+00:00","twitter_card":"summary_large_image","twitter_misc":{"Gesch\u00e4tzte Lesezeit":"4 Minuten"},"schema":{"@context":"https:\/\/schema.org","@graph":[{"@type":"WebPage","@id":"https:\/\/www.hotelkyrietremiti.it\/de\/warum-bei-uns-buchen\/","url":"https:\/\/www.hotelkyrietremiti.it\/de\/warum-bei-uns-buchen\/","name":"Warum bei uns buchen - Hotel Kyrie -","isPartOf":{"@id":"https:\/\/www.hotelkyrietremiti.it\/de\/#website"},"datePublished":"2021-04-28T13:41:27+00:00","dateModified":"2025-04-30T08:56:33+00:00","description":"Willkommensgetr\u00e4nk 1) Kein vermittler Wenn sie direkt auf unserer offiziellen seite www.hotelkyrieisoletremiti.it reservieren, werden Sie keine vermittlungskosten haben, weil sie einen einzigen, deutlichen gespr\u00e4chspartner haben: das Hotel Kyrie Tremiti-Inseln reservieren, umbuchen oder annullieren wird eine ganz einfache und prompte sache sein. Keine zuschlagsgeb\u00fchren, kein vermittler und die verwaltung der akte wird einfach und prompt. 2) Garantie des niedrigsten preises Wenn sie direkt auf unserer offiziellen seite reservieren, werden sie immer den besten verf\u00fcgbaren tarif mit garantie haben! wenn sie n\u00e4mlich innerhalb von 24 stunden nach der reservierung auf anderen Internet sites einen niedrigeren preis zu den selben verkaufsbedingungen finden, werden wir unseren tarif anpassen, aber nicht nur, wir werden weitere 5% rabatt gew\u00e4hren","breadcrumb":{"@id":"https:\/\/www.hotelkyrietremiti.it\/de\/warum-bei-uns-buchen\/#breadcrumb"},"inLanguage":"de-DE","potentialAction":[{"@type":"ReadAction","target":["https:\/\/www.hotelkyrietremiti.it\/de\/warum-bei-uns-buchen\/"]}]},{"@type":"BreadcrumbList","@id":"https:\/\/www.hotelkyrietremiti.it\/de\/warum-bei-uns-buchen\/#breadcrumb","itemListElement":[{"@type":"ListItem","position":1,"name":"Home","item":"https:\/\/www.hotelkyrietremiti.it\/de\/"},{"@type":"ListItem","position":2,"name":"Warum bei uns buchen"}]},{"@type":"WebSite","@id":"https:\/\/www.hotelkyrietremiti.it\/de\/#website","url":"https:\/\/www.hotelkyrietremiti.it\/de\/","name":"Hotel Kyrie","description":"Just another ms.decms.eu site","potentialAction":[{"@type":"SearchAction","target":{"@type":"EntryPoint","urlTemplate":"https:\/\/www.hotelkyrietremiti.it\/de\/?s={search_term_string}"},"query-input":{"@type":"PropertyValueSpecification","valueRequired":true,"valueName":"search_term_string"}}],"inLanguage":"de-DE"}]}},"acf":[],"_links":{"self":[{"href":"https:\/\/www.hotelkyrietremiti.it\/de\/wp-json\/wp\/v2\/pages\/361","targetHints":{"allow":["GET"]}}],"collection":[{"href":"https:\/\/www.hotelkyrietremiti.it\/de\/wp-json\/wp\/v2\/pages"}],"about":[{"href":"https:\/\/www.hotelkyrietremiti.it\/de\/wp-json\/wp\/v2\/types\/page"}],"author":[{"embeddable":true,"href":"https:\/\/www.hotelkyrietremiti.it\/de\/wp-json\/wp\/v2\/users\/36"}],"replies":[{"embeddable":true,"href":"https:\/\/www.hotelkyrietremiti.it\/de\/wp-json\/wp\/v2\/comments?post=361"}],"version-history":[{"count":0,"href":"https:\/\/www.hotelkyrietremiti.it\/de\/wp-json\/wp\/v2\/pages\/361\/revisions"}],"wp:attachment":[{"href":"https:\/\/www.hotelkyrietremiti.it\/de\/wp-json\/wp\/v2\/media?parent=361"}],"curies":[{"name":"wp","href":"https:\/\/api.w.org\/{rel}","templated":true}]}}