{"id":289,"date":"2021-04-28T10:09:31","date_gmt":"2021-04-28T10:09:31","guid":{"rendered":"http:\/\/hotel-kyrie.ms.decms.eu\/?page_id=289"},"modified":"2021-04-28T10:30:15","modified_gmt":"2021-04-28T10:30:15","slug":"tremiti-inseln","status":"publish","type":"page","link":"https:\/\/www.hotelkyrietremiti.it\/de\/tremiti-inseln\/","title":{"rendered":"Tremiti-Inseln"},"content":{"rendered":"<p>Die Inseln Tremiti, naturreservat im <strong>nationalpark des Gargano<\/strong>, sind ein aus<strong> f\u00fcnf inseln<\/strong> bestehendes archipel: <strong>San Nicola<\/strong>, das verwaltungszentrum des archipels, <strong>San Domino<\/strong>, <strong>Caprara<\/strong>, <strong>Cretaccio<\/strong>, und die entfernteste, <strong>Pianosa<\/strong>. Diese gro\u00dfartigen kleininseln sind naturreservate und geh\u00f6ren zum nationalpark des Gargano.<\/p>\n<p>San Domino, die gr\u00f6\u00dfte Insel des archipels der Tremiti, ist fast vollst\u00e4ndig bedeckt von einem dichten aleppokiefernwald und teilweise von einer duftenden und kr\u00e4ftigen mittelmeer\u201emacchia\u201c, wo die luft voll ist vom duft des rosmarins, der myrte und des wilden \u00d6lbaums. Es ist eines der letzten <strong>naturparadiese im mittelmeerraum<\/strong>. Hier ist das meer noch eine unersch\u00f6pfliche Quelle von Sch\u00e4tzen, reich an zu erforschenden wundern, ein wahres paradies f\u00fcr taucher und f\u00fcr fans des snorkelings.<\/p>\n<p>Die ausfl\u00fcgler k\u00f6nnen sich auf die entdeckung von unber\u00fchrten flecken und orten wagen, wie die \u201c<strong>Grotta delle Viole<\/strong>\u201c und die \u201edel <strong>Bue<\/strong>\u201c, die riesigen klippen der <strong>Pagliai und des Faro<\/strong>, und nat\u00fcrlich die<strong> Cala delle Arene<\/strong> und <strong>Cala Tramontana<\/strong>. Im charakteristischen zentrum gibt es gesch\u00e4fte und boutique, nachtlokale, die kirche und die ersthilfe-station. \u00d6stlich erhebt sich das gro\u00dfartige geb\u00e4ude des benediktinerklosters aus dem jahre 1045 auf der Insel San Nicola.<\/p>\n","protected":false},"excerpt":{"rendered":"<p>Die Inseln Tremiti, naturreservat im nationalpark des Gargano, sind ein aus f\u00fcnf inseln bestehendes archipel: San Nicola, das verwaltungszentrum des archipels, San Domino, Caprara, Cretaccio, und die entfernteste, Pianosa. Diese gro\u00dfartigen kleininseln sind naturreservate und geh\u00f6ren zum nationalpark des Gargano. San Domino, die gr\u00f6\u00dfte Insel des archipels der Tremiti, ist fast vollst\u00e4ndig bedeckt von einem [&hellip;]<\/p>\n","protected":false},"author":36,"featured_media":0,"parent":0,"menu_order":70,"comment_status":"closed","ping_status":"closed","template":"template-location.php","meta":{"footnotes":""},"class_list":["post-289","page","type-page","status-publish","hentry"],"yoast_head":"<!-- This site is optimized with the Yoast SEO plugin v26.9 - https:\/\/yoast.com\/product\/yoast-seo-wordpress\/ -->\n<title>Tremiti-Inseln - Hotel Kyrie -<\/title>\n<meta name=\"description\" content=\"Die Inseln Tremiti, naturreservat im nationalpark des Gargano, sind ein aus f\u00fcnf inseln bestehendes archipel: San Nicola, das verwaltungszentrum des archipels, San Domino, Caprara, Cretaccio, und die entfernteste, Pianosa. Diese gro\u00dfartigen kleininseln sind naturreservate und geh\u00f6ren zum nationalpark des Gargano.  San Domino, die gr\u00f6\u00dfte Insel des archipels der Tremiti, ist fast vollst\u00e4ndig bedeckt von einem dichten aleppokiefernwald und teilweise von einer duftenden und kr\u00e4ftigen mittelmeer\u201emacchia\u201c, wo die luft voll ist vom duft des rosmarins, der myrte und des wilden \u00d6lbaums\" \/>\n<meta name=\"robots\" content=\"index, follow, max-snippet:-1, max-image-preview:large, max-video-preview:-1\" \/>\n<link rel=\"canonical\" href=\"https:\/\/www.hotelkyrietremiti.it\/de\/tremiti-inseln\/\" \/>\n<meta property=\"og:locale\" content=\"de_DE\" \/>\n<meta property=\"og:type\" content=\"article\" \/>\n<meta property=\"og:title\" content=\"Tremiti-Inseln - Hotel Kyrie -\" \/>\n<meta property=\"og:description\" content=\"Die Inseln Tremiti, naturreservat im nationalpark des Gargano, sind ein aus f\u00fcnf inseln bestehendes archipel: San Nicola, das verwaltungszentrum des archipels, San Domino, Caprara, Cretaccio, und die entfernteste, Pianosa. Diese gro\u00dfartigen kleininseln sind naturreservate und geh\u00f6ren zum nationalpark des Gargano.  San Domino, die gr\u00f6\u00dfte Insel des archipels der Tremiti, ist fast vollst\u00e4ndig bedeckt von einem dichten aleppokiefernwald und teilweise von einer duftenden und kr\u00e4ftigen mittelmeer\u201emacchia\u201c, wo die luft voll ist vom duft des rosmarins, der myrte und des wilden \u00d6lbaums\" \/>\n<meta property=\"og:url\" content=\"https:\/\/www.hotelkyrietremiti.it\/de\/tremiti-inseln\/\" \/>\n<meta property=\"og:site_name\" content=\"Hotel Kyrie\" \/>\n<meta property=\"article:modified_time\" content=\"2021-04-28T10:30:15+00:00\" \/>\n<meta name=\"twitter:card\" content=\"summary_large_image\" \/>\n<meta name=\"twitter:label1\" content=\"Gesch\u00e4tzte Lesezeit\" \/>\n\t<meta name=\"twitter:data1\" content=\"1 Minute\" \/>\n<script type=\"application\/ld+json\" class=\"yoast-schema-graph\">{\"@context\":\"https:\/\/schema.org\",\"@graph\":[{\"@type\":\"WebPage\",\"@id\":\"https:\/\/www.hotelkyrietremiti.it\/de\/tremiti-inseln\/\",\"url\":\"https:\/\/www.hotelkyrietremiti.it\/de\/tremiti-inseln\/\",\"name\":\"Tremiti-Inseln - Hotel Kyrie -\",\"isPartOf\":{\"@id\":\"https:\/\/www.hotelkyrietremiti.it\/de\/#website\"},\"datePublished\":\"2021-04-28T10:09:31+00:00\",\"dateModified\":\"2021-04-28T10:30:15+00:00\",\"description\":\"Die Inseln Tremiti, naturreservat im nationalpark des Gargano, sind ein aus f\u00fcnf inseln bestehendes archipel: San Nicola, das verwaltungszentrum des archipels, San Domino, Caprara, Cretaccio, und die entfernteste, Pianosa. Diese gro\u00dfartigen kleininseln sind naturreservate und geh\u00f6ren zum nationalpark des Gargano. San Domino, die gr\u00f6\u00dfte Insel des archipels der Tremiti, ist fast vollst\u00e4ndig bedeckt von einem dichten aleppokiefernwald und teilweise von einer duftenden und kr\u00e4ftigen mittelmeer\u201emacchia\u201c, wo die luft voll ist vom duft des rosmarins, der myrte und des wilden \u00d6lbaums\",\"breadcrumb\":{\"@id\":\"https:\/\/www.hotelkyrietremiti.it\/de\/tremiti-inseln\/#breadcrumb\"},\"inLanguage\":\"de-DE\",\"potentialAction\":[{\"@type\":\"ReadAction\",\"target\":[\"https:\/\/www.hotelkyrietremiti.it\/de\/tremiti-inseln\/\"]}]},{\"@type\":\"BreadcrumbList\",\"@id\":\"https:\/\/www.hotelkyrietremiti.it\/de\/tremiti-inseln\/#breadcrumb\",\"itemListElement\":[{\"@type\":\"ListItem\",\"position\":1,\"name\":\"Home\",\"item\":\"https:\/\/www.hotelkyrietremiti.it\/de\/\"},{\"@type\":\"ListItem\",\"position\":2,\"name\":\"Tremiti-Inseln\"}]},{\"@type\":\"WebSite\",\"@id\":\"https:\/\/www.hotelkyrietremiti.it\/de\/#website\",\"url\":\"https:\/\/www.hotelkyrietremiti.it\/de\/\",\"name\":\"Hotel Kyrie\",\"description\":\"Just another ms.decms.eu site\",\"potentialAction\":[{\"@type\":\"SearchAction\",\"target\":{\"@type\":\"EntryPoint\",\"urlTemplate\":\"https:\/\/www.hotelkyrietremiti.it\/de\/?s={search_term_string}\"},\"query-input\":{\"@type\":\"PropertyValueSpecification\",\"valueRequired\":true,\"valueName\":\"search_term_string\"}}],\"inLanguage\":\"de-DE\"}]}<\/script>\n<!-- \/ Yoast SEO plugin. -->","yoast_head_json":{"title":"Tremiti-Inseln - Hotel Kyrie -","description":"Die Inseln Tremiti, naturreservat im nationalpark des Gargano, sind ein aus f\u00fcnf inseln bestehendes archipel: San Nicola, das verwaltungszentrum des archipels, San Domino, Caprara, Cretaccio, und die entfernteste, Pianosa. Diese gro\u00dfartigen kleininseln sind naturreservate und geh\u00f6ren zum nationalpark des Gargano.  San Domino, die gr\u00f6\u00dfte Insel des archipels der Tremiti, ist fast vollst\u00e4ndig bedeckt von einem dichten aleppokiefernwald und teilweise von einer duftenden und kr\u00e4ftigen mittelmeer\u201emacchia\u201c, wo die luft voll ist vom duft des rosmarins, der myrte und des wilden \u00d6lbaums","robots":{"index":"index","follow":"follow","max-snippet":"max-snippet:-1","max-image-preview":"max-image-preview:large","max-video-preview":"max-video-preview:-1"},"canonical":"https:\/\/www.hotelkyrietremiti.it\/de\/tremiti-inseln\/","og_locale":"de_DE","og_type":"article","og_title":"Tremiti-Inseln - Hotel Kyrie -","og_description":"Die Inseln Tremiti, naturreservat im nationalpark des Gargano, sind ein aus f\u00fcnf inseln bestehendes archipel: San Nicola, das verwaltungszentrum des archipels, San Domino, Caprara, Cretaccio, und die entfernteste, Pianosa. Diese gro\u00dfartigen kleininseln sind naturreservate und geh\u00f6ren zum nationalpark des Gargano.  San Domino, die gr\u00f6\u00dfte Insel des archipels der Tremiti, ist fast vollst\u00e4ndig bedeckt von einem dichten aleppokiefernwald und teilweise von einer duftenden und kr\u00e4ftigen mittelmeer\u201emacchia\u201c, wo die luft voll ist vom duft des rosmarins, der myrte und des wilden \u00d6lbaums","og_url":"https:\/\/www.hotelkyrietremiti.it\/de\/tremiti-inseln\/","og_site_name":"Hotel Kyrie","article_modified_time":"2021-04-28T10:30:15+00:00","twitter_card":"summary_large_image","twitter_misc":{"Gesch\u00e4tzte Lesezeit":"1 Minute"},"schema":{"@context":"https:\/\/schema.org","@graph":[{"@type":"WebPage","@id":"https:\/\/www.hotelkyrietremiti.it\/de\/tremiti-inseln\/","url":"https:\/\/www.hotelkyrietremiti.it\/de\/tremiti-inseln\/","name":"Tremiti-Inseln - Hotel Kyrie -","isPartOf":{"@id":"https:\/\/www.hotelkyrietremiti.it\/de\/#website"},"datePublished":"2021-04-28T10:09:31+00:00","dateModified":"2021-04-28T10:30:15+00:00","description":"Die Inseln Tremiti, naturreservat im nationalpark des Gargano, sind ein aus f\u00fcnf inseln bestehendes archipel: San Nicola, das verwaltungszentrum des archipels, San Domino, Caprara, Cretaccio, und die entfernteste, Pianosa. Diese gro\u00dfartigen kleininseln sind naturreservate und geh\u00f6ren zum nationalpark des Gargano. San Domino, die gr\u00f6\u00dfte Insel des archipels der Tremiti, ist fast vollst\u00e4ndig bedeckt von einem dichten aleppokiefernwald und teilweise von einer duftenden und kr\u00e4ftigen mittelmeer\u201emacchia\u201c, wo die luft voll ist vom duft des rosmarins, der myrte und des wilden \u00d6lbaums","breadcrumb":{"@id":"https:\/\/www.hotelkyrietremiti.it\/de\/tremiti-inseln\/#breadcrumb"},"inLanguage":"de-DE","potentialAction":[{"@type":"ReadAction","target":["https:\/\/www.hotelkyrietremiti.it\/de\/tremiti-inseln\/"]}]},{"@type":"BreadcrumbList","@id":"https:\/\/www.hotelkyrietremiti.it\/de\/tremiti-inseln\/#breadcrumb","itemListElement":[{"@type":"ListItem","position":1,"name":"Home","item":"https:\/\/www.hotelkyrietremiti.it\/de\/"},{"@type":"ListItem","position":2,"name":"Tremiti-Inseln"}]},{"@type":"WebSite","@id":"https:\/\/www.hotelkyrietremiti.it\/de\/#website","url":"https:\/\/www.hotelkyrietremiti.it\/de\/","name":"Hotel Kyrie","description":"Just another ms.decms.eu site","potentialAction":[{"@type":"SearchAction","target":{"@type":"EntryPoint","urlTemplate":"https:\/\/www.hotelkyrietremiti.it\/de\/?s={search_term_string}"},"query-input":{"@type":"PropertyValueSpecification","valueRequired":true,"valueName":"search_term_string"}}],"inLanguage":"de-DE"}]}},"acf":[],"_links":{"self":[{"href":"https:\/\/www.hotelkyrietremiti.it\/de\/wp-json\/wp\/v2\/pages\/289","targetHints":{"allow":["GET"]}}],"collection":[{"href":"https:\/\/www.hotelkyrietremiti.it\/de\/wp-json\/wp\/v2\/pages"}],"about":[{"href":"https:\/\/www.hotelkyrietremiti.it\/de\/wp-json\/wp\/v2\/types\/page"}],"author":[{"embeddable":true,"href":"https:\/\/www.hotelkyrietremiti.it\/de\/wp-json\/wp\/v2\/users\/36"}],"replies":[{"embeddable":true,"href":"https:\/\/www.hotelkyrietremiti.it\/de\/wp-json\/wp\/v2\/comments?post=289"}],"version-history":[{"count":0,"href":"https:\/\/www.hotelkyrietremiti.it\/de\/wp-json\/wp\/v2\/pages\/289\/revisions"}],"wp:attachment":[{"href":"https:\/\/www.hotelkyrietremiti.it\/de\/wp-json\/wp\/v2\/media?parent=289"}],"curies":[{"name":"wp","href":"https:\/\/api.w.org\/{rel}","templated":true}]}}