{"id":186,"date":"2021-04-28T08:14:47","date_gmt":"2021-04-28T08:14:47","guid":{"rendered":"http:\/\/hotel-kyrie.ms.decms.eu\/?page_id=186"},"modified":"2021-04-28T08:24:14","modified_gmt":"2021-04-28T08:24:14","slug":"gastronomie","status":"publish","type":"page","link":"https:\/\/www.hotelkyrietremiti.it\/de\/gastronomie\/","title":{"rendered":"Gastronomie"},"content":{"rendered":"<p>Aush\u00e4ngeschild des Hotels Kyrie ist zweifellos das <strong>restaurant<\/strong>, das sich auszeichnet durch die qualit\u00e4t seiner <strong>menus, bestehend aus allerfrischstem<\/strong> an ort gefischtem und am gleichen tag serviertem fisch, und angeregt von den typischen speisen der Inseln Tremiti.<\/p>\n<p>Die k\u00fcche des Hotels hat ihren schwerpunkt in der h\u00f6chsten qualit\u00e4t der zutaten und der <strong>frischen, nat\u00fcrlichen, lokalen produkte<\/strong>, und in den einfachen angeboten, wie es die tradition in den l\u00e4ndern am mittelmeer verlangt. Die speisen lassen sich kosten in einem einfachen, aber gepflegten, hellen und frischen raum, mit sicht rundum auf den <strong>sch\u00f6nen pinienwald<\/strong>.<\/p>\n","protected":false},"excerpt":{"rendered":"<p>Aush\u00e4ngeschild des Hotels Kyrie ist zweifellos das restaurant, das sich auszeichnet durch die qualit\u00e4t seiner menus, bestehend aus allerfrischstem an ort gefischtem und am gleichen tag serviertem fisch, und angeregt von den typischen speisen der Inseln Tremiti. Die k\u00fcche des Hotels hat ihren schwerpunkt in der h\u00f6chsten qualit\u00e4t der zutaten und der frischen, nat\u00fcrlichen, lokalen [&hellip;]<\/p>\n","protected":false},"author":36,"featured_media":0,"parent":0,"menu_order":50,"comment_status":"closed","ping_status":"closed","template":"template-restaurants.php","meta":{"footnotes":""},"class_list":["post-186","page","type-page","status-publish","hentry"],"yoast_head":"<!-- This site is optimized with the Yoast SEO plugin v26.9 - https:\/\/yoast.com\/product\/yoast-seo-wordpress\/ -->\n<title>Gastronomie - Hotel Kyrie -<\/title>\n<meta name=\"description\" content=\"Aush\u00e4ngeschild des Hotels Kyrie ist zweifellos das restaurant, das sich auszeichnet durch die qualit\u00e4t seiner menus, bestehend aus allerfrischstem an ort gefischtem und am gleichen tag serviertem fisch, und angeregt von den typischen speisen der Inseln Tremiti.  Die k\u00fcche des Hotels hat ihren schwerpunkt in der h\u00f6chsten qualit\u00e4t der zutaten und der frischen, nat\u00fcrlichen, lokalen produkte, und in den einfachen angeboten, wie es die tradition in den l\u00e4ndern am mittelmeer verlangt. Die speisen lassen sich kosten in einem einfachen, aber gepflegten, hellen und frischen raum, mit sicht rundum auf den sch\u00f6nen pinienwald.\" \/>\n<meta name=\"robots\" content=\"index, follow, max-snippet:-1, max-image-preview:large, max-video-preview:-1\" \/>\n<link rel=\"canonical\" href=\"https:\/\/www.hotelkyrietremiti.it\/de\/gastronomie\/\" \/>\n<meta property=\"og:locale\" content=\"de_DE\" \/>\n<meta property=\"og:type\" content=\"article\" \/>\n<meta property=\"og:title\" content=\"Gastronomie - Hotel Kyrie -\" \/>\n<meta property=\"og:description\" content=\"Aush\u00e4ngeschild des Hotels Kyrie ist zweifellos das restaurant, das sich auszeichnet durch die qualit\u00e4t seiner menus, bestehend aus allerfrischstem an ort gefischtem und am gleichen tag serviertem fisch, und angeregt von den typischen speisen der Inseln Tremiti.  Die k\u00fcche des Hotels hat ihren schwerpunkt in der h\u00f6chsten qualit\u00e4t der zutaten und der frischen, nat\u00fcrlichen, lokalen produkte, und in den einfachen angeboten, wie es die tradition in den l\u00e4ndern am mittelmeer verlangt. Die speisen lassen sich kosten in einem einfachen, aber gepflegten, hellen und frischen raum, mit sicht rundum auf den sch\u00f6nen pinienwald.\" \/>\n<meta property=\"og:url\" content=\"https:\/\/www.hotelkyrietremiti.it\/de\/gastronomie\/\" \/>\n<meta property=\"og:site_name\" content=\"Hotel Kyrie\" \/>\n<meta property=\"article:modified_time\" content=\"2021-04-28T08:24:14+00:00\" \/>\n<meta name=\"twitter:card\" content=\"summary_large_image\" \/>\n<meta name=\"twitter:label1\" content=\"Gesch\u00e4tzte Lesezeit\" \/>\n\t<meta name=\"twitter:data1\" content=\"1 Minute\" \/>\n<script type=\"application\/ld+json\" class=\"yoast-schema-graph\">{\"@context\":\"https:\/\/schema.org\",\"@graph\":[{\"@type\":\"WebPage\",\"@id\":\"https:\/\/www.hotelkyrietremiti.it\/de\/gastronomie\/\",\"url\":\"https:\/\/www.hotelkyrietremiti.it\/de\/gastronomie\/\",\"name\":\"Gastronomie - Hotel Kyrie -\",\"isPartOf\":{\"@id\":\"https:\/\/www.hotelkyrietremiti.it\/de\/#website\"},\"datePublished\":\"2021-04-28T08:14:47+00:00\",\"dateModified\":\"2021-04-28T08:24:14+00:00\",\"description\":\"Aush\u00e4ngeschild des Hotels Kyrie ist zweifellos das restaurant, das sich auszeichnet durch die qualit\u00e4t seiner menus, bestehend aus allerfrischstem an ort gefischtem und am gleichen tag serviertem fisch, und angeregt von den typischen speisen der Inseln Tremiti. Die k\u00fcche des Hotels hat ihren schwerpunkt in der h\u00f6chsten qualit\u00e4t der zutaten und der frischen, nat\u00fcrlichen, lokalen produkte, und in den einfachen angeboten, wie es die tradition in den l\u00e4ndern am mittelmeer verlangt. Die speisen lassen sich kosten in einem einfachen, aber gepflegten, hellen und frischen raum, mit sicht rundum auf den sch\u00f6nen pinienwald.\",\"breadcrumb\":{\"@id\":\"https:\/\/www.hotelkyrietremiti.it\/de\/gastronomie\/#breadcrumb\"},\"inLanguage\":\"de-DE\",\"potentialAction\":[{\"@type\":\"ReadAction\",\"target\":[\"https:\/\/www.hotelkyrietremiti.it\/de\/gastronomie\/\"]}]},{\"@type\":\"BreadcrumbList\",\"@id\":\"https:\/\/www.hotelkyrietremiti.it\/de\/gastronomie\/#breadcrumb\",\"itemListElement\":[{\"@type\":\"ListItem\",\"position\":1,\"name\":\"Home\",\"item\":\"https:\/\/www.hotelkyrietremiti.it\/de\/\"},{\"@type\":\"ListItem\",\"position\":2,\"name\":\"Gastronomie\"}]},{\"@type\":\"WebSite\",\"@id\":\"https:\/\/www.hotelkyrietremiti.it\/de\/#website\",\"url\":\"https:\/\/www.hotelkyrietremiti.it\/de\/\",\"name\":\"Hotel Kyrie\",\"description\":\"Just another ms.decms.eu site\",\"potentialAction\":[{\"@type\":\"SearchAction\",\"target\":{\"@type\":\"EntryPoint\",\"urlTemplate\":\"https:\/\/www.hotelkyrietremiti.it\/de\/?s={search_term_string}\"},\"query-input\":{\"@type\":\"PropertyValueSpecification\",\"valueRequired\":true,\"valueName\":\"search_term_string\"}}],\"inLanguage\":\"de-DE\"}]}<\/script>\n<!-- \/ Yoast SEO plugin. -->","yoast_head_json":{"title":"Gastronomie - Hotel Kyrie -","description":"Aush\u00e4ngeschild des Hotels Kyrie ist zweifellos das restaurant, das sich auszeichnet durch die qualit\u00e4t seiner menus, bestehend aus allerfrischstem an ort gefischtem und am gleichen tag serviertem fisch, und angeregt von den typischen speisen der Inseln Tremiti.  Die k\u00fcche des Hotels hat ihren schwerpunkt in der h\u00f6chsten qualit\u00e4t der zutaten und der frischen, nat\u00fcrlichen, lokalen produkte, und in den einfachen angeboten, wie es die tradition in den l\u00e4ndern am mittelmeer verlangt. Die speisen lassen sich kosten in einem einfachen, aber gepflegten, hellen und frischen raum, mit sicht rundum auf den sch\u00f6nen pinienwald.","robots":{"index":"index","follow":"follow","max-snippet":"max-snippet:-1","max-image-preview":"max-image-preview:large","max-video-preview":"max-video-preview:-1"},"canonical":"https:\/\/www.hotelkyrietremiti.it\/de\/gastronomie\/","og_locale":"de_DE","og_type":"article","og_title":"Gastronomie - Hotel Kyrie -","og_description":"Aush\u00e4ngeschild des Hotels Kyrie ist zweifellos das restaurant, das sich auszeichnet durch die qualit\u00e4t seiner menus, bestehend aus allerfrischstem an ort gefischtem und am gleichen tag serviertem fisch, und angeregt von den typischen speisen der Inseln Tremiti.  Die k\u00fcche des Hotels hat ihren schwerpunkt in der h\u00f6chsten qualit\u00e4t der zutaten und der frischen, nat\u00fcrlichen, lokalen produkte, und in den einfachen angeboten, wie es die tradition in den l\u00e4ndern am mittelmeer verlangt. Die speisen lassen sich kosten in einem einfachen, aber gepflegten, hellen und frischen raum, mit sicht rundum auf den sch\u00f6nen pinienwald.","og_url":"https:\/\/www.hotelkyrietremiti.it\/de\/gastronomie\/","og_site_name":"Hotel Kyrie","article_modified_time":"2021-04-28T08:24:14+00:00","twitter_card":"summary_large_image","twitter_misc":{"Gesch\u00e4tzte Lesezeit":"1 Minute"},"schema":{"@context":"https:\/\/schema.org","@graph":[{"@type":"WebPage","@id":"https:\/\/www.hotelkyrietremiti.it\/de\/gastronomie\/","url":"https:\/\/www.hotelkyrietremiti.it\/de\/gastronomie\/","name":"Gastronomie - Hotel Kyrie -","isPartOf":{"@id":"https:\/\/www.hotelkyrietremiti.it\/de\/#website"},"datePublished":"2021-04-28T08:14:47+00:00","dateModified":"2021-04-28T08:24:14+00:00","description":"Aush\u00e4ngeschild des Hotels Kyrie ist zweifellos das restaurant, das sich auszeichnet durch die qualit\u00e4t seiner menus, bestehend aus allerfrischstem an ort gefischtem und am gleichen tag serviertem fisch, und angeregt von den typischen speisen der Inseln Tremiti. Die k\u00fcche des Hotels hat ihren schwerpunkt in der h\u00f6chsten qualit\u00e4t der zutaten und der frischen, nat\u00fcrlichen, lokalen produkte, und in den einfachen angeboten, wie es die tradition in den l\u00e4ndern am mittelmeer verlangt. Die speisen lassen sich kosten in einem einfachen, aber gepflegten, hellen und frischen raum, mit sicht rundum auf den sch\u00f6nen pinienwald.","breadcrumb":{"@id":"https:\/\/www.hotelkyrietremiti.it\/de\/gastronomie\/#breadcrumb"},"inLanguage":"de-DE","potentialAction":[{"@type":"ReadAction","target":["https:\/\/www.hotelkyrietremiti.it\/de\/gastronomie\/"]}]},{"@type":"BreadcrumbList","@id":"https:\/\/www.hotelkyrietremiti.it\/de\/gastronomie\/#breadcrumb","itemListElement":[{"@type":"ListItem","position":1,"name":"Home","item":"https:\/\/www.hotelkyrietremiti.it\/de\/"},{"@type":"ListItem","position":2,"name":"Gastronomie"}]},{"@type":"WebSite","@id":"https:\/\/www.hotelkyrietremiti.it\/de\/#website","url":"https:\/\/www.hotelkyrietremiti.it\/de\/","name":"Hotel Kyrie","description":"Just another ms.decms.eu site","potentialAction":[{"@type":"SearchAction","target":{"@type":"EntryPoint","urlTemplate":"https:\/\/www.hotelkyrietremiti.it\/de\/?s={search_term_string}"},"query-input":{"@type":"PropertyValueSpecification","valueRequired":true,"valueName":"search_term_string"}}],"inLanguage":"de-DE"}]}},"acf":[],"_links":{"self":[{"href":"https:\/\/www.hotelkyrietremiti.it\/de\/wp-json\/wp\/v2\/pages\/186","targetHints":{"allow":["GET"]}}],"collection":[{"href":"https:\/\/www.hotelkyrietremiti.it\/de\/wp-json\/wp\/v2\/pages"}],"about":[{"href":"https:\/\/www.hotelkyrietremiti.it\/de\/wp-json\/wp\/v2\/types\/page"}],"author":[{"embeddable":true,"href":"https:\/\/www.hotelkyrietremiti.it\/de\/wp-json\/wp\/v2\/users\/36"}],"replies":[{"embeddable":true,"href":"https:\/\/www.hotelkyrietremiti.it\/de\/wp-json\/wp\/v2\/comments?post=186"}],"version-history":[{"count":0,"href":"https:\/\/www.hotelkyrietremiti.it\/de\/wp-json\/wp\/v2\/pages\/186\/revisions"}],"wp:attachment":[{"href":"https:\/\/www.hotelkyrietremiti.it\/de\/wp-json\/wp\/v2\/media?parent=186"}],"curies":[{"name":"wp","href":"https:\/\/api.w.org\/{rel}","templated":true}]}}