{"id":119,"date":"2021-04-27T12:44:17","date_gmt":"2021-04-27T12:44:17","guid":{"rendered":"http:\/\/hotel-kyrie.ms.decms.eu\/?page_id=119"},"modified":"2023-03-07T13:32:31","modified_gmt":"2023-03-07T13:32:31","slug":"services","status":"publish","type":"page","link":"https:\/\/www.hotelkyrietremiti.it\/de\/services\/","title":{"rendered":"Services"},"content":{"rendered":"<p>Auch in einem Naturparadies wie dieses, au\u00dferhalb der Ferienziele des Massentourismus und weit weg vom L\u00e4rm des Lebens in der Stadt, gibt es gen\u00fcgend Gelegenheiten Sport zu treiben, sich zu vergn\u00fcgen, oder sich einfach einem gesunden Relax zu widmen.<\/p>\n<p>Caletta Tramontana, private und ausgestattete Plattform mit 1 Sonnenschirm, 1 Tisch und 2 Liegest\u00fchlen, es gibt einen Zuschlag gegen Geb\u00fchr.<\/p>\n","protected":false},"excerpt":{"rendered":"<p>Auch in einem Naturparadies wie dieses, au\u00dferhalb der Ferienziele des Massentourismus und weit weg vom L\u00e4rm des Lebens in der Stadt, gibt es gen\u00fcgend Gelegenheiten Sport zu treiben, sich zu vergn\u00fcgen, oder sich einfach einem gesunden Relax zu widmen. Caletta Tramontana, private und ausgestattete Plattform mit 1 Sonnenschirm, 1 Tisch und 2 Liegest\u00fchlen, es gibt [&hellip;]<\/p>\n","protected":false},"author":36,"featured_media":0,"parent":0,"menu_order":20,"comment_status":"closed","ping_status":"closed","template":"template-services.php","meta":{"footnotes":""},"class_list":["post-119","page","type-page","status-publish","hentry"],"yoast_head":"<!-- This site is optimized with the Yoast SEO plugin v26.9 - https:\/\/yoast.com\/product\/yoast-seo-wordpress\/ -->\n<title>Services - Hotel Kyrie -<\/title>\n<meta name=\"description\" content=\"Auch in einem Naturparadies wie dieses, au\u00dferhalb der Ferienziele des Massentourismus und weit weg vom L\u00e4rm des Lebens in der Stadt, gibt es gen\u00fcgend Gelegenheiten Sport zu treiben, sich zu vergn\u00fcgen, oder sich einfach einem gesunden Relax zu widmen.  Caletta Tramontana, private und ausgestattete Plattform mit 1 Sonnenschirm, 1 Tisch und 2 Liegest\u00fchlen, es gibt einen Zuschlag gegen Geb\u00fchr..\" \/>\n<meta name=\"robots\" content=\"index, follow, max-snippet:-1, max-image-preview:large, max-video-preview:-1\" \/>\n<link rel=\"canonical\" href=\"https:\/\/www.hotelkyrietremiti.it\/de\/services\/\" \/>\n<meta property=\"og:locale\" content=\"de_DE\" \/>\n<meta property=\"og:type\" content=\"article\" \/>\n<meta property=\"og:title\" content=\"Services - Hotel Kyrie -\" \/>\n<meta property=\"og:description\" content=\"Auch in einem Naturparadies wie dieses, au\u00dferhalb der Ferienziele des Massentourismus und weit weg vom L\u00e4rm des Lebens in der Stadt, gibt es gen\u00fcgend Gelegenheiten Sport zu treiben, sich zu vergn\u00fcgen, oder sich einfach einem gesunden Relax zu widmen.  Caletta Tramontana, private und ausgestattete Plattform mit 1 Sonnenschirm, 1 Tisch und 2 Liegest\u00fchlen, es gibt einen Zuschlag gegen Geb\u00fchr..\" \/>\n<meta property=\"og:url\" content=\"https:\/\/www.hotelkyrietremiti.it\/de\/services\/\" \/>\n<meta property=\"og:site_name\" content=\"Hotel Kyrie\" \/>\n<meta property=\"article:modified_time\" content=\"2023-03-07T13:32:31+00:00\" \/>\n<meta name=\"twitter:card\" content=\"summary_large_image\" \/>\n<meta name=\"twitter:label1\" content=\"Gesch\u00e4tzte Lesezeit\" \/>\n\t<meta name=\"twitter:data1\" content=\"1 Minute\" \/>\n<script type=\"application\/ld+json\" class=\"yoast-schema-graph\">{\"@context\":\"https:\/\/schema.org\",\"@graph\":[{\"@type\":\"WebPage\",\"@id\":\"https:\/\/www.hotelkyrietremiti.it\/de\/services\/\",\"url\":\"https:\/\/www.hotelkyrietremiti.it\/de\/services\/\",\"name\":\"Services - Hotel Kyrie -\",\"isPartOf\":{\"@id\":\"https:\/\/www.hotelkyrietremiti.it\/de\/#website\"},\"datePublished\":\"2021-04-27T12:44:17+00:00\",\"dateModified\":\"2023-03-07T13:32:31+00:00\",\"description\":\"Auch in einem Naturparadies wie dieses, au\u00dferhalb der Ferienziele des Massentourismus und weit weg vom L\u00e4rm des Lebens in der Stadt, gibt es gen\u00fcgend Gelegenheiten Sport zu treiben, sich zu vergn\u00fcgen, oder sich einfach einem gesunden Relax zu widmen. Caletta Tramontana, private und ausgestattete Plattform mit 1 Sonnenschirm, 1 Tisch und 2 Liegest\u00fchlen, es gibt einen Zuschlag gegen Geb\u00fchr..\",\"breadcrumb\":{\"@id\":\"https:\/\/www.hotelkyrietremiti.it\/de\/services\/#breadcrumb\"},\"inLanguage\":\"de-DE\",\"potentialAction\":[{\"@type\":\"ReadAction\",\"target\":[\"https:\/\/www.hotelkyrietremiti.it\/de\/services\/\"]}]},{\"@type\":\"BreadcrumbList\",\"@id\":\"https:\/\/www.hotelkyrietremiti.it\/de\/services\/#breadcrumb\",\"itemListElement\":[{\"@type\":\"ListItem\",\"position\":1,\"name\":\"Home\",\"item\":\"https:\/\/www.hotelkyrietremiti.it\/de\/\"},{\"@type\":\"ListItem\",\"position\":2,\"name\":\"Services\"}]},{\"@type\":\"WebSite\",\"@id\":\"https:\/\/www.hotelkyrietremiti.it\/de\/#website\",\"url\":\"https:\/\/www.hotelkyrietremiti.it\/de\/\",\"name\":\"Hotel Kyrie\",\"description\":\"Just another ms.decms.eu site\",\"potentialAction\":[{\"@type\":\"SearchAction\",\"target\":{\"@type\":\"EntryPoint\",\"urlTemplate\":\"https:\/\/www.hotelkyrietremiti.it\/de\/?s={search_term_string}\"},\"query-input\":{\"@type\":\"PropertyValueSpecification\",\"valueRequired\":true,\"valueName\":\"search_term_string\"}}],\"inLanguage\":\"de-DE\"}]}<\/script>\n<!-- \/ Yoast SEO plugin. -->","yoast_head_json":{"title":"Services - Hotel Kyrie -","description":"Auch in einem Naturparadies wie dieses, au\u00dferhalb der Ferienziele des Massentourismus und weit weg vom L\u00e4rm des Lebens in der Stadt, gibt es gen\u00fcgend Gelegenheiten Sport zu treiben, sich zu vergn\u00fcgen, oder sich einfach einem gesunden Relax zu widmen.  Caletta Tramontana, private und ausgestattete Plattform mit 1 Sonnenschirm, 1 Tisch und 2 Liegest\u00fchlen, es gibt einen Zuschlag gegen Geb\u00fchr..","robots":{"index":"index","follow":"follow","max-snippet":"max-snippet:-1","max-image-preview":"max-image-preview:large","max-video-preview":"max-video-preview:-1"},"canonical":"https:\/\/www.hotelkyrietremiti.it\/de\/services\/","og_locale":"de_DE","og_type":"article","og_title":"Services - Hotel Kyrie -","og_description":"Auch in einem Naturparadies wie dieses, au\u00dferhalb der Ferienziele des Massentourismus und weit weg vom L\u00e4rm des Lebens in der Stadt, gibt es gen\u00fcgend Gelegenheiten Sport zu treiben, sich zu vergn\u00fcgen, oder sich einfach einem gesunden Relax zu widmen.  Caletta Tramontana, private und ausgestattete Plattform mit 1 Sonnenschirm, 1 Tisch und 2 Liegest\u00fchlen, es gibt einen Zuschlag gegen Geb\u00fchr..","og_url":"https:\/\/www.hotelkyrietremiti.it\/de\/services\/","og_site_name":"Hotel Kyrie","article_modified_time":"2023-03-07T13:32:31+00:00","twitter_card":"summary_large_image","twitter_misc":{"Gesch\u00e4tzte Lesezeit":"1 Minute"},"schema":{"@context":"https:\/\/schema.org","@graph":[{"@type":"WebPage","@id":"https:\/\/www.hotelkyrietremiti.it\/de\/services\/","url":"https:\/\/www.hotelkyrietremiti.it\/de\/services\/","name":"Services - Hotel Kyrie -","isPartOf":{"@id":"https:\/\/www.hotelkyrietremiti.it\/de\/#website"},"datePublished":"2021-04-27T12:44:17+00:00","dateModified":"2023-03-07T13:32:31+00:00","description":"Auch in einem Naturparadies wie dieses, au\u00dferhalb der Ferienziele des Massentourismus und weit weg vom L\u00e4rm des Lebens in der Stadt, gibt es gen\u00fcgend Gelegenheiten Sport zu treiben, sich zu vergn\u00fcgen, oder sich einfach einem gesunden Relax zu widmen. Caletta Tramontana, private und ausgestattete Plattform mit 1 Sonnenschirm, 1 Tisch und 2 Liegest\u00fchlen, es gibt einen Zuschlag gegen Geb\u00fchr..","breadcrumb":{"@id":"https:\/\/www.hotelkyrietremiti.it\/de\/services\/#breadcrumb"},"inLanguage":"de-DE","potentialAction":[{"@type":"ReadAction","target":["https:\/\/www.hotelkyrietremiti.it\/de\/services\/"]}]},{"@type":"BreadcrumbList","@id":"https:\/\/www.hotelkyrietremiti.it\/de\/services\/#breadcrumb","itemListElement":[{"@type":"ListItem","position":1,"name":"Home","item":"https:\/\/www.hotelkyrietremiti.it\/de\/"},{"@type":"ListItem","position":2,"name":"Services"}]},{"@type":"WebSite","@id":"https:\/\/www.hotelkyrietremiti.it\/de\/#website","url":"https:\/\/www.hotelkyrietremiti.it\/de\/","name":"Hotel Kyrie","description":"Just another ms.decms.eu site","potentialAction":[{"@type":"SearchAction","target":{"@type":"EntryPoint","urlTemplate":"https:\/\/www.hotelkyrietremiti.it\/de\/?s={search_term_string}"},"query-input":{"@type":"PropertyValueSpecification","valueRequired":true,"valueName":"search_term_string"}}],"inLanguage":"de-DE"}]}},"acf":[],"_links":{"self":[{"href":"https:\/\/www.hotelkyrietremiti.it\/de\/wp-json\/wp\/v2\/pages\/119","targetHints":{"allow":["GET"]}}],"collection":[{"href":"https:\/\/www.hotelkyrietremiti.it\/de\/wp-json\/wp\/v2\/pages"}],"about":[{"href":"https:\/\/www.hotelkyrietremiti.it\/de\/wp-json\/wp\/v2\/types\/page"}],"author":[{"embeddable":true,"href":"https:\/\/www.hotelkyrietremiti.it\/de\/wp-json\/wp\/v2\/users\/36"}],"replies":[{"embeddable":true,"href":"https:\/\/www.hotelkyrietremiti.it\/de\/wp-json\/wp\/v2\/comments?post=119"}],"version-history":[{"count":0,"href":"https:\/\/www.hotelkyrietremiti.it\/de\/wp-json\/wp\/v2\/pages\/119\/revisions"}],"wp:attachment":[{"href":"https:\/\/www.hotelkyrietremiti.it\/de\/wp-json\/wp\/v2\/media?parent=119"}],"curies":[{"name":"wp","href":"https:\/\/api.w.org\/{rel}","templated":true}]}}